{"id":4784,"date":"2025-12-01T09:45:31","date_gmt":"2025-12-01T02:45:31","guid":{"rendered":"https:\/\/dichvuseohochiminh.com\/huong-dan"},"modified":"2025-12-09T12:22:41","modified_gmt":"2025-12-09T05:22:41","slug":"huong-dan","status":"publish","type":"page","link":"https:\/\/hoanggiafurniture.com\/de\/huong-dan","title":{"rendered":"H\u01b0\u1edbng d\u1eabn"},"content":{"rendered":"\t<section class=\"section\" id=\"section_1447865140\">\n\t\t<div class=\"bg section-bg fill bg-fill bg-loaded bg-loaded\" >\n\n\t\t\t\n\t\t\t\n\t\t\t\n\n\t\t<\/div>\n\n\t\t\n\n\t\t<div class=\"section-content relative\">\n\t\t\t\n<div class=\"row\"  id=\"row-853349220\">\n\n\t<div id=\"col-819945826\" class=\"col small-12 large-12\"  >\n\t\t\t\t<div class=\"col-inner\"  >\n\t\t\t\n\t\t\t\n<div class=\"page-title category-title\">\n<h1 class=\"title-head\"><a href=\"https:\/\/hoanggia.de\/huong-dan?aelang=vi#\" target=\"_blank\" rel=\"noopener\">H\u01b0\u1edbng d\u1eabn<\/a><\/h1>\n<\/div>\n<div class=\"content-page rte\">\n<p><strong>B\u01b0\u1edbc 1:<\/strong>\u00a0Truy c\u1eadp website v\u00e0 l\u1ef1a ch\u1ecdn s\u1ea3n ph\u1ea9m c\u1ea7n mua \u0111\u1ec3 mua h\u00e0ng<\/p>\n<p><strong>B\u01b0\u1edbc 2:<\/strong>\u00a0Click v\u00e0 s\u1ea3n ph\u1ea9m mu\u1ed1n mua, m\u00e0n h\u00ecnh hi\u1ec3n th\u1ecb ra pop up v\u1edbi c\u00e1c l\u1ef1a ch\u1ecdn sau<\/p>\n<p>N\u1ebfu b\u1ea1n mu\u1ed1n ti\u1ebfp t\u1ee5c mua h\u00e0ng: B\u1ea5m v\u00e0o ph\u1ea7n ti\u1ebfp t\u1ee5c mua h\u00e0ng \u0111\u1ec3 l\u1ef1a ch\u1ecdn th\u00eam s\u1ea3n ph\u1ea9m v\u00e0o gi\u1ecf h\u00e0ng<\/p>\n<p>N\u1ebfu b\u1ea1n mu\u1ed1n xem gi\u1ecf h\u00e0ng \u0111\u1ec3 c\u1eadp nh\u1eadt s\u1ea3n ph\u1ea9m: B\u1ea5m v\u00e0o xem gi\u1ecf h\u00e0ng<\/p>\n<p>N\u1ebfu b\u1ea1n mu\u1ed1n \u0111\u1eb7t h\u00e0ng v\u00e0 thanh to\u00e1n cho s\u1ea3n ph\u1ea9m n\u00e0y vui l\u00f2ng b\u1ea5m v\u00e0o: \u0110\u1eb7t h\u00e0ng v\u00e0 thanh to\u00e1n<\/p>\n<p><strong>B\u01b0\u1edbc 3:<\/strong>\u00a0L\u1ef1a ch\u1ecdn th\u00f4ng tin t\u00e0i kho\u1ea3n thanh to\u00e1n<\/p>\n<p>N\u1ebfu b\u1ea1n \u0111\u00e3 c\u00f3 t\u00e0i kho\u1ea3n vui l\u00f2ng nh\u1eadp th\u00f4ng tin t\u00ean \u0111\u0103ng nh\u1eadp l\u00e0 email v\u00e0 m\u1eadt kh\u1ea9u v\u00e0o m\u1ee5c \u0111\u00e3 c\u00f3 t\u00e0i kho\u1ea3n tr\u00ean h\u1ec7 th\u1ed1ng<\/p>\n<p>N\u1ebfu b\u1ea1n ch\u01b0a c\u00f3 t\u00e0i kho\u1ea3n v\u00e0 mu\u1ed1n \u0111\u0103ng k\u00fd t\u00e0i kho\u1ea3n vui l\u00f2ng \u0111i\u1ec1n c\u00e1c th\u00f4ng tin c\u00e1 nh\u00e2n \u0111\u1ec3 ti\u1ebfp t\u1ee5c \u0111\u0103ng k\u00fd t\u00e0i kho\u1ea3n. Khi c\u00f3 t\u00e0i kho\u1ea3n b\u1ea1n s\u1ebd d\u1ec5 d\u00e0ng theo d\u00f5i \u0111\u01b0\u1ee3c \u0111\u01a1n h\u00e0ng c\u1ee7a m\u00ecnh<\/p>\n<p>N\u1ebfu b\u1ea1n mu\u1ed1n mua h\u00e0ng m\u00e0 kh\u00f4ng c\u1ea7n t\u00e0i kho\u1ea3n vui l\u00f2ng nh\u1ea5p chu\u1ed9t v\u00e0o m\u1ee5c \u0111\u1eb7t h\u00e0ng kh\u00f4ng c\u1ea7n t\u00e0i kho\u1ea3n<\/p>\n<p><strong>B\u01b0\u1edbc 4:<\/strong>\u00a0\u0110i\u1ec1n c\u00e1c th\u00f4ng tin c\u1ee7a b\u1ea1n \u0111\u1ec3 nh\u1eadn \u0111\u01a1n h\u00e0ng, l\u1ef1a ch\u1ecdn h\u00ecnh th\u1ee9c thanh to\u00e1n v\u00e0 v\u1eadn chuy\u1ec3n cho \u0111\u01a1n h\u00e0ng c\u1ee7a m\u00ecnh<\/p>\n<p><strong>B\u01b0\u1edbc 5:<\/strong>\u00a0Xem l\u1ea1i th\u00f4ng tin \u0111\u1eb7t h\u00e0ng, \u0111i\u1ec1n ch\u00fa th\u00edch v\u00e0 g\u1eedi \u0111\u01a1n h\u00e0ng<\/p>\n<p>Sau khi nh\u1eadn \u0111\u01b0\u1ee3c \u0111\u01a1n h\u00e0ng b\u1ea1n g\u1eedi ch\u00fang t\u00f4i s\u1ebd li\u00ean h\u1ec7 b\u1eb1ng c\u00e1ch g\u1ecdi \u0111i\u1ec7n l\u1ea1i \u0111\u1ec3 x\u00e1c nh\u1eadn l\u1ea1i \u0111\u01a1n h\u00e0ng v\u00e0 \u0111\u1ecba ch\u1ec9 c\u1ee7a b\u1ea1n.<\/p>\n<p>Tr\u00e2n tr\u1ecdng c\u1ea3m \u01a1n.<\/p>\n<\/div>\n\t\t<\/div>\n\t\t\t\t\t<\/div>\n\n\t\n<\/div>\n\t\t<\/div>\n\n\t\t\n<style>\n#section_1447865140 {\n  padding-top: 30px;\n  padding-bottom: 30px;\n}\n<\/style>\n\t<\/section>\n\t\n","protected":false},"excerpt":{"rendered":"","protected":false},"author":6,"featured_media":0,"parent":0,"menu_order":0,"comment_status":"closed","ping_status":"closed","template":"","meta":{"footnotes":""},"class_list":["post-4784","page","type-page","status-publish","hentry"],"_links":{"self":[{"href":"https:\/\/hoanggiafurniture.com\/de\/wp-json\/wp\/v2\/pages\/4784","targetHints":{"allow":["GET"]}}],"collection":[{"href":"https:\/\/hoanggiafurniture.com\/de\/wp-json\/wp\/v2\/pages"}],"about":[{"href":"https:\/\/hoanggiafurniture.com\/de\/wp-json\/wp\/v2\/types\/page"}],"author":[{"embeddable":true,"href":"https:\/\/hoanggiafurniture.com\/de\/wp-json\/wp\/v2\/users\/6"}],"replies":[{"embeddable":true,"href":"https:\/\/hoanggiafurniture.com\/de\/wp-json\/wp\/v2\/comments?post=4784"}],"version-history":[{"count":0,"href":"https:\/\/hoanggiafurniture.com\/de\/wp-json\/wp\/v2\/pages\/4784\/revisions"}],"wp:attachment":[{"href":"https:\/\/hoanggiafurniture.com\/de\/wp-json\/wp\/v2\/media?parent=4784"}],"curies":[{"name":"wp","href":"https:\/\/api.w.org\/{rel}","templated":true}]}}