{"id":4890,"date":"2025-04-16T16:12:43","date_gmt":"2025-04-16T09:12:43","guid":{"rendered":"https:\/\/dichvuseohochiminh.com\/about-us"},"modified":"2025-12-09T12:28:27","modified_gmt":"2025-12-09T05:28:27","slug":"about-us","status":"publish","type":"page","link":"https:\/\/hoanggiafurniture.com\/de\/about-us","title":{"rendered":"About Us"},"content":{"rendered":"\n  <div class=\"banner has-hover\" id=\"banner-586173773\">\n          <div class=\"banner-inner fill\">\n        <div class=\"banner-bg fill\" >\n            <div class=\"bg fill bg-fill bg-loaded\"><\/div>\n                        <div class=\"overlay\"><\/div>            \n                    <\/div>\n\t\t\n        <div class=\"banner-layers container\">\n            <div class=\"fill banner-link\"><\/div>            \n   <div id=\"text-box-592746141\" class=\"text-box banner-layer x0 md-x0 lg-x0 y50 md-y50 lg-y50 res-text\">\n                                <div class=\"text-box-content text dark\">\n              \n              <div class=\"text-inner text-center\">\n                  \n\t<div id=\"text-2805022781\" class=\"text\">\n\t\t\n<h2><strong>GI\u1edaI THI\u1ec6U<\/strong><\/h2>\n<p>HOANG GIA FURNITURE<\/p>\n\t\t\n<style>\n#text-2805022781 {\n  text-align: left;\n}\n<\/style>\n\t<\/div>\n\t\n              <\/div>\n           <\/div>\n                            \n<style>\n#text-box-592746141 {\n  width: 60%;\n}\n#text-box-592746141 .text-box-content {\n  font-size: 100%;\n}\n<\/style>\n    <\/div>\n \n        <\/div>\n      <\/div>\n\n            \n<style>\n#banner-586173773 {\n  padding-top: 350px;\n}\n#banner-586173773 .bg.bg-loaded {\n  background-image: url(https:\/\/hoanggiafurniture.com\/wp-content\/uploads\/2025\/11\/FEW.png);\n}\n#banner-586173773 .overlay {\n  background-color: rgba(0, 0, 0, 0.657);\n}\n#banner-586173773 .bg {\n  background-position: 2% 66%;\n}\n<\/style>\n  <\/div>\n\n\n\t<div id=\"gap-304417812\" class=\"gap-element clearfix\" style=\"display:block; height:auto;\">\n\t\t\n<style>\n#gap-304417812 {\n  padding-top: 50px;\n}\n<\/style>\n\t<\/div>\n\t\n<div class=\"row\"  id=\"row-1307724350\">\n\n\t<div id=\"col-1200722624\" class=\"col medium-8 small-12 large-8\"  >\n\t\t\t\t<div class=\"col-inner\"  >\n\t\t\t\n\t\t\t\n<h3><span style=\"color: #ca2138;\"><span style=\"color: #122f48;\">V\u1ec0 CH\u00daNG T\u00d4I<\/span><br \/><span style=\"font-size: 150%; color: #282828;\">HOANG GIA FURNITURE<\/span><\/span><\/h3>\n<p data-start=\"424\" data-end=\"893\"><strong data-start=\"424\" data-end=\"893\">Ho\u00e0ng Gia l\u00e0 doanh nghi\u1ec7p s\u1ea3n xu\u1ea5t n\u1ed9i th\u1ea5t ngo\u00e0i tr\u1eddi h\u00e0ng \u0111\u1ea7u t\u1ea1i Vi\u1ec7t Nam, ho\u1ea1t \u0111\u1ed9ng t\u1eeb n\u0103m 2007 v\u00e0 chuy\u00ean s\u00e2u trong l\u0129nh v\u1ef1c thi\u1ebft k\u1ebf \u2013 ch\u1ebf t\u1ea1o \u2013 gia c\u00f4ng s\u1ea3n ph\u1ea9m b\u1eb1ng nh\u00f4m, th\u00e9p, inox, wicker, g\u1ed7 v\u00e0 polywood. \u0110\u01b0\u1ee3c th\u00e0nh l\u1eadp v\u00e0 d\u1eabn d\u1eaft b\u1edfi \u0111\u1ed9i ng\u0169 k\u1ef9 s\u01b0 v\u00e0 chuy\u00ean gia c\u00f3 h\u01a1n 17 n\u0103m kinh nghi\u1ec7m, Ho\u00e0ng Gia ph\u00e1t tri\u1ec3n v\u1edbi t\u1ea7m nh\u00ecn x\u00e2y d\u1ef1ng m\u1ed9t th\u01b0\u01a1ng hi\u1ec7u s\u1ea3n xu\u1ea5t Vi\u1ec7t Nam mang ti\u00eau chu\u1ea9n qu\u1ed1c t\u1ebf v\u1ec1 n\u0103ng l\u1ef1c k\u1ef9 thu\u1eadt, ch\u1ea5t l\u01b0\u1ee3ng s\u1ea3n ph\u1ea9m v\u00e0 quy tr\u00ecnh qu\u1ea3n tr\u1ecb.<\/strong><\/p>\n<p data-start=\"895\" data-end=\"1370\"><strong data-start=\"895\" data-end=\"1370\">Nh\u00e0 m\u00e1y c\u1ee7a Ho\u00e0ng Gia \u0111\u1eb7t t\u1ea1i Khu c\u00f4ng nghi\u1ec7p C\u00e1t Nh\u01a1n (B\u00ecnh \u0110\u1ecbnh) v\u1edbi quy m\u00f4 18.000 m\u00b2 v\u00e0 h\u1ec7 th\u1ed1ng d\u00e2y chuy\u1ec1n \u0111\u01b0\u1ee3c trang b\u1ecb m\u00e1y c\u1eaft LASER t\u1ef1 \u0111\u1ed9ng, m\u00e1y h\u00e0n MIG\/TIG, h\u1ec7 th\u1ed1ng s\u01a1n t\u0129nh \u0111i\u1ec7n, m\u00e1y u\u1ed1n \u2013 \u00e9p kim lo\u1ea1i CNC, khu may \u0111\u1ec7m \u2013 v\u1ea3i chuy\u00ean d\u1ee5ng c\u00f9ng studio ki\u1ec3m \u0111\u1ecbnh ch\u1ea5t l\u01b0\u1ee3ng s\u1ea3n ph\u1ea9m. To\u00e0n b\u1ed9 quy tr\u00ecnh s\u1ea3n xu\u1ea5t \u0111\u01b0\u1ee3c ki\u1ec3m so\u00e1t ch\u1eb7t ch\u1ebd theo c\u00e1c ti\u00eau chu\u1ea9n TUV, ASTM, FSC, BSCI v\u00e0 ISO, \u0111\u1ea3m b\u1ea3o \u0111\u1ed9 ch\u00ednh x\u00e1c cao, \u0111\u1ed9 b\u1ec1n v\u01b0\u1ee3t tr\u1ed9i v\u00e0 ch\u1ea5t l\u01b0\u1ee3ng \u1ed5n \u0111\u1ecbnh cho t\u1eebng l\u00f4 h\u00e0ng.<\/strong><\/p>\n<p data-start=\"1372\" data-end=\"1789\"><strong data-start=\"1372\" data-end=\"1789\">Ho\u00e0ng Gia hi\u1ec7n cung c\u1ea5p h\u01a1n 500 m\u1eabu s\u1ea3n ph\u1ea9m n\u1ed9i th\u1ea5t ngo\u00e0i tr\u1eddi, bao g\u1ed3m b\u00e0n gh\u1ebf nh\u00f4m, sofa ngo\u00e0i tr\u1eddi, gh\u1ebf th\u01b0 gi\u00e3n, daybed, b\u1ed9 dining, b\u00e0n tr\u00e0, gh\u1ebf \u0111\u01a1n, khung kim lo\u1ea1i OEM v\u00e0 c\u00e1c gi\u1ea3i ph\u00e1p n\u1ed9i th\u1ea5t cho resort \u2013 villa \u2013 d\u1ef1 \u00e1n b\u1ea5t \u0111\u1ed9ng s\u1ea3n cao c\u1ea5p. Ch\u00fang t\u00f4i c\u0169ng \u0111\u1ea3m nh\u1eadn giai \u0111o\u1ea1n R&amp;D, ch\u1ec9nh s\u1eeda b\u1ea3n v\u1ebd, ph\u00e1t tri\u1ec3n m\u1eabu theo y\u00eau c\u1ea7u (OEM\/ODM) v\u00e0 h\u1ed7 tr\u1ee3 \u0111\u00f3ng g\u00f3i, thi\u1ebft k\u1ebf bao b\u00ec theo ti\u00eau chu\u1ea9n t\u1eebng th\u1ecb tr\u01b0\u1eddng.<\/strong><\/p>\n<p data-start=\"1791\" data-end=\"2317\"><strong data-start=\"1791\" data-end=\"2317\">V\u1edbi n\u0103ng l\u1ef1c s\u1ea3n xu\u1ea5t 60\u201380 container 40\u2019 HC m\u1ed7i th\u00e1ng v\u00e0 \u0111\u1ed9i ng\u0169 h\u01a1n 300 nh\u00e2n s\u1ef1 chuy\u00ean m\u00f4n, Ho\u00e0ng Gia \u0111\u00e3 v\u00e0 \u0111ang l\u00e0 \u0111\u1ed1i t\u00e1c tin c\u1eady c\u1ee7a nhi\u1ec1u kh\u00e1ch h\u00e0ng t\u1ea1i Ch\u00e2u \u00c2u, B\u1eafc M\u1ef9 v\u00e0 \u00dac. C\u00e1c s\u1ea3n ph\u1ea9m c\u1ee7a ch\u00fang t\u00f4i \u0111\u01b0\u1ee3c \u1ee9ng d\u1ee5ng r\u1ed9ng r\u00e3i trong c\u00e1c chu\u1ed7i resort, kh\u00e1ch s\u1ea1n qu\u1ed1c t\u1ebf, khu d\u00e2n c\u01b0 cao c\u1ea5p v\u00e0 c\u00e1c th\u01b0\u01a1ng hi\u1ec7u ph\u00e2n ph\u1ed1i l\u1edbn tr\u00ean th\u1ebf gi\u1edbi. S\u1ef1 tin t\u01b0\u1edfng c\u1ee7a kh\u00e1ch h\u00e0ng to\u00e0n c\u1ea7u l\u00e0 \u0111\u1ed9ng l\u1ef1c \u0111\u1ec3 Ho\u00e0ng Gia kh\u00f4ng ng\u1eebng \u0111\u1ed5i m\u1edbi c\u00f4ng ngh\u1ec7, ho\u00e0n thi\u1ec7n ch\u1ea5t l\u01b0\u1ee3ng v\u00e0 n\u00e2ng t\u1ea7m th\u01b0\u01a1ng hi\u1ec7u Vi\u1ec7t tr\u00ean th\u1ecb tr\u01b0\u1eddng \u0111\u1ed3 n\u1ed9i th\u1ea5t qu\u1ed1c t\u1ebf.<\/strong><\/p>\n\t\t<\/div>\n\t\t\t\t\n<style>\n#col-1200722624 > .col-inner {\n  padding: 0px 0px 0px 0px;\n  margin: 0px 0px -20px 0px;\n}\n<\/style>\n\t<\/div>\n\n\t\n\n\t<div id=\"col-1954481135\" class=\"col medium-4 small-12 large-4\"  >\n\t\t\t\t<div class=\"col-inner\"  >\n\t\t\t\n\t\t\t\n\t<div class=\"img has-hover x md-x lg-x y md-y lg-y\" id=\"image_1648666162\">\n\t\t\t\t\t\t\t\t<div class=\"img-inner dark\" >\n\t\t\t<img decoding=\"async\" width=\"419\" height=\"714\" src=\"https:\/\/hoanggiafurniture.com\/wp-content\/uploads\/2025\/12\/okee.png\" class=\"attachment-original size-original\" alt=\"\" \/>\t\t\t\t\t\t\n\t\t\t\t\t<\/div>\n\t\t\t\t\t\t\t\t\n<style>\n#image_1648666162 {\n  width: 100%;\n}\n<\/style>\n\t<\/div>\n\t\n\t\t<\/div>\n\t\t\t\t\t<\/div>\n\n\t\n<\/div>\n\t<section class=\"section\" id=\"section_532672879\">\n\t\t<div class=\"bg section-bg fill bg-fill bg-loaded bg-loaded\" >\n\n\t\t\t\n\t\t\t\n\t\t\t\n\n\t\t<\/div>\n\n\t\t\n\n\t\t<div class=\"section-content relative\">\n\t\t\t\n<div class=\"row\"  id=\"row-507483884\">\n\n\t<div id=\"col-1481477146\" class=\"col small-12 large-12\"  >\n\t\t\t\t<div class=\"col-inner\"  >\n\t\t\t\n\t\t\t\n<div class=\"slider-wrapper relative\" id=\"slider-1441725158\" >\n    <div class=\"slider slider-nav-circle slider-nav-large slider-nav-light slider-nav-outside slider-style-normal slider-show-nav\"\n        data-flickity-options='{\n            \"cellAlign\": \"center\",\n            \"imagesLoaded\": true,\n            \"lazyLoad\": 1,\n            \"freeScroll\": false,\n            \"wrapAround\": true,\n            \"autoPlay\": 6000,\n            \"pauseAutoPlayOnHover\" : true,\n            \"prevNextButtons\": true,\n            \"contain\" : true,\n            \"adaptiveHeight\" : true,\n            \"dragThreshold\" : 10,\n            \"percentPosition\": true,\n            \"pageDots\": true,\n            \"rightToLeft\": false,\n            \"draggable\": true,\n            \"selectedAttraction\": 0.1,\n            \"parallax\" : 0,\n            \"friction\": 0.6        }'\n        >\n        \n\t<div class=\"img has-hover x md-x lg-x y md-y lg-y\" id=\"image_971771226\">\n\t\t\t\t\t\t\t\t<div class=\"img-inner dark\" >\n\t\t\t<img decoding=\"async\" width=\"1297\" height=\"701\" src=\"https:\/\/hoanggiafurniture.com\/wp-content\/uploads\/2025\/12\/Layer-2w.png\" class=\"attachment-original size-original\" alt=\"\" srcset=\"https:\/\/hoanggiafurniture.com\/wp-content\/uploads\/2025\/12\/Layer-2w.png 1297w, https:\/\/hoanggiafurniture.com\/wp-content\/uploads\/2025\/12\/Layer-2w-700x378.png 700w, https:\/\/hoanggiafurniture.com\/wp-content\/uploads\/2025\/12\/Layer-2w-1000x540.png 1000w\" sizes=\"(max-width: 1297px) 100vw, 1297px\" \/>\t\t\t\t\t\t\n\t\t\t\t\t<\/div>\n\t\t\t\t\t\t\t\t\n<style>\n#image_971771226 {\n  width: 100%;\n}\n<\/style>\n\t<\/div>\n\t\n\t<div class=\"img has-hover x md-x lg-x y md-y lg-y\" id=\"image_2025743808\">\n\t\t\t\t\t\t\t\t<div class=\"img-inner dark\" >\n\t\t\t<img decoding=\"async\" width=\"1297\" height=\"701\" src=\"https:\/\/hoanggiafurniture.com\/wp-content\/uploads\/2025\/12\/fd.png\" class=\"attachment-original size-original\" alt=\"\" srcset=\"https:\/\/hoanggiafurniture.com\/wp-content\/uploads\/2025\/12\/fd.png 1297w, https:\/\/hoanggiafurniture.com\/wp-content\/uploads\/2025\/12\/fd-700x378.png 700w, https:\/\/hoanggiafurniture.com\/wp-content\/uploads\/2025\/12\/fd-1000x540.png 1000w\" sizes=\"(max-width: 1297px) 100vw, 1297px\" \/>\t\t\t\t\t\t\n\t\t\t\t\t<\/div>\n\t\t\t\t\t\t\t\t\n<style>\n#image_2025743808 {\n  width: 100%;\n}\n<\/style>\n\t<\/div>\n\t\n\t<div class=\"img has-hover x md-x lg-x y md-y lg-y\" id=\"image_1163565053\">\n\t\t\t\t\t\t\t\t<div class=\"img-inner dark\" >\n\t\t\t<img decoding=\"async\" width=\"1297\" height=\"701\" src=\"https:\/\/hoanggiafurniture.com\/wp-content\/uploads\/2025\/12\/sef.png\" class=\"attachment-original size-original\" alt=\"\" srcset=\"https:\/\/hoanggiafurniture.com\/wp-content\/uploads\/2025\/12\/sef.png 1297w, https:\/\/hoanggiafurniture.com\/wp-content\/uploads\/2025\/12\/sef-700x378.png 700w, https:\/\/hoanggiafurniture.com\/wp-content\/uploads\/2025\/12\/sef-1000x540.png 1000w\" sizes=\"(max-width: 1297px) 100vw, 1297px\" \/>\t\t\t\t\t\t\n\t\t\t\t\t<\/div>\n\t\t\t\t\t\t\t\t\n<style>\n#image_1163565053 {\n  width: 100%;\n}\n<\/style>\n\t<\/div>\n\t\n\t<div class=\"img has-hover x md-x lg-x y md-y lg-y\" id=\"image_227223490\">\n\t\t\t\t\t\t\t\t<div class=\"img-inner dark\" >\n\t\t\t<img decoding=\"async\" width=\"1297\" height=\"701\" src=\"https:\/\/hoanggiafurniture.com\/wp-content\/uploads\/2025\/12\/Layer-33f.png\" class=\"attachment-original size-original\" alt=\"\" srcset=\"https:\/\/hoanggiafurniture.com\/wp-content\/uploads\/2025\/12\/Layer-33f.png 1297w, https:\/\/hoanggiafurniture.com\/wp-content\/uploads\/2025\/12\/Layer-33f-700x378.png 700w, https:\/\/hoanggiafurniture.com\/wp-content\/uploads\/2025\/12\/Layer-33f-1000x540.png 1000w\" sizes=\"(max-width: 1297px) 100vw, 1297px\" \/>\t\t\t\t\t\t\n\t\t\t\t\t<\/div>\n\t\t\t\t\t\t\t\t\n<style>\n#image_227223490 {\n  width: 100%;\n}\n<\/style>\n\t<\/div>\n\t\n     <\/div>\n\n     <div class=\"loading-spin dark large centered\"><\/div>\n\n\t<\/div>\n\n\n\t\t<\/div>\n\t\t\t\t\t<\/div>\n\n\t\n<\/div>\n\t\t<\/div>\n\n\t\t\n<style>\n#section_532672879 {\n  padding-top: 30px;\n  padding-bottom: 30px;\n}\n<\/style>\n\t<\/section>\n\t\n\t<section class=\"section\" id=\"section_117550299\">\n\t\t<div class=\"bg section-bg fill bg-fill bg-loaded bg-loaded\" >\n\n\t\t\t\n\t\t\t\n\t\t\t\n\n\t\t<\/div>\n\n\t\t\n\n\t\t<div class=\"section-content relative\">\n\t\t\t\n<div class=\"row\"  id=\"row-1766104166\">\n\n\t<div id=\"col-40563415\" class=\"col medium-4 small-12 large-4\"  >\n\t\t\t\t<div class=\"col-inner\"  >\n\t\t\t\n\t\t\t\n\n\t\t<div class=\"icon-box featured-box icon-box-top text-left\"  >\n\t\t\t\t\t<div class=\"icon-box-img\" style=\"width: 60px\">\n\t\t\t\t<div class=\"icon\">\n\t\t\t\t\t<div class=\"icon-inner\" >\n\t\t\t\t\t\t<img decoding=\"async\" width=\"300\" height=\"271\" src=\"https:\/\/hoanggiafurniture.com\/wp-content\/uploads\/2025\/12\/VISON.png\" class=\"attachment-medium size-medium\" alt=\"\" srcset=\"https:\/\/hoanggiafurniture.com\/wp-content\/uploads\/2025\/12\/VISON.png 846w, https:\/\/hoanggiafurniture.com\/wp-content\/uploads\/2025\/12\/VISON-700x632.png 700w\" sizes=\"(max-width: 300px) 100vw, 300px\" \/>\t\t\t\t\t<\/div>\n\t\t\t\t<\/div>\n\t\t\t<\/div>\n\t\t\t\t<div class=\"icon-box-text last-reset\">\n\t\t\t\t\t\t\t\t\t\n<h3>T\u1ea6M NH\u00ccN<\/h3>\n<p data-start=\"134\" data-end=\"598\">\u2022 M\u1edf r\u1ed9ng nh\u00e0 m\u00e1y th\u00eam 2 hecta nh\u1eb1m t\u0103ng quy m\u00f4 s\u1ea3n xu\u1ea5t v\u00e0 \u0111\u00e1p \u1ee9ng nhu c\u1ea7u \u0111\u01a1n h\u00e0ng ng\u00e0y c\u00e0ng l\u1edbn.<br data-start=\"205\" data-end=\"208\" \/>\u2022 \u0110\u1ea7u t\u01b0 th\u00eam m\u00e1y m\u00f3c hi\u1ec7n \u0111\u1ea1i v\u00e0 thi\u1ebft b\u1ecb h\u1ed7 tr\u1ee3 \u0111\u1ec3 n\u00e2ng cao n\u0103ng su\u1ea5t, c\u1ea3i thi\u1ec7n ch\u1ea5t l\u01b0\u1ee3ng v\u00e0 t\u1ed1i \u01b0u ti\u1ebfn \u0111\u1ed9 giao h\u00e0ng.<br data-start=\"330\" data-end=\"333\" \/>\u2022 Doanh thu m\u1ee5c ti\u00eau trong giai \u0111o\u1ea1n t\u1edbi \u0111\u1ea1t kho\u1ea3ng 30\u201340 tri\u1ec7u USD.<\/p>\n\t\t<\/div>\n\t<\/div>\n\t\n\t\n\t\t<\/div>\n\t\t\t\t\t<\/div>\n\n\t\n\n\t<div id=\"col-925057912\" class=\"col medium-4 small-12 large-4\"  >\n\t\t\t\t<div class=\"col-inner\"  >\n\t\t\t\n\t\t\t\n\n\t\t<div class=\"icon-box featured-box icon-box-top text-left\"  >\n\t\t\t\t\t<div class=\"icon-box-img\" style=\"width: 60px\">\n\t\t\t\t<div class=\"icon\">\n\t\t\t\t\t<div class=\"icon-inner\" >\n\t\t\t\t\t\t<img decoding=\"async\" width=\"300\" height=\"271\" src=\"https:\/\/hoanggiafurniture.com\/wp-content\/uploads\/2025\/12\/DQ.png\" class=\"attachment-medium size-medium\" alt=\"\" srcset=\"https:\/\/hoanggiafurniture.com\/wp-content\/uploads\/2025\/12\/DQ.png 846w, https:\/\/hoanggiafurniture.com\/wp-content\/uploads\/2025\/12\/DQ-700x632.png 700w\" sizes=\"(max-width: 300px) 100vw, 300px\" \/>\t\t\t\t\t<\/div>\n\t\t\t\t<\/div>\n\t\t\t<\/div>\n\t\t\t\t<div class=\"icon-box-text last-reset\">\n\t\t\t\t\t\t\t\t\t\n<h3>S\u1ee8 M\u1ec6NH<\/h3>\n<p>\u2022 Cung c\u1ea5p c\u00e1c s\u1ea3n ph\u1ea9m n\u1ed9i th\u1ea5t ch\u1ea5t l\u01b0\u1ee3ng cao \u0111\u00e1p \u1ee9ng nhu c\u1ea7u c\u1ee7a kh\u00e1ch h\u00e0ng<br data-start=\"141\" data-end=\"144\" \/>\u2022 \u1ee8ng d\u1ee5ng c\u00f4ng ngh\u1ec7 ti\u00ean ti\u1ebfn \u0111\u1ec3 n\u00e2ng cao n\u0103ng su\u1ea5t v\u00e0 c\u1ea3i thi\u1ec7n ch\u1ea5t l\u01b0\u1ee3ng s\u1ea3n ph\u1ea9m<br data-start=\"229\" data-end=\"232\" data-is-only-node=\"\" \/>\u2022 Ph\u00e1t tri\u1ec3n b\u1ec1n v\u1eefng, \u0111\u00f3ng g\u00f3p v\u00e0o s\u1ef1 ph\u00e1t tri\u1ec3n c\u1ee7a c\u1ed9ng \u0111\u1ed3ng<\/p>\n\t\t<\/div>\n\t<\/div>\n\t\n\t\n\t\t<\/div>\n\t\t\t\t\t<\/div>\n\n\t\n\n\t<div id=\"col-926330065\" class=\"col medium-4 small-12 large-4\"  >\n\t\t\t\t<div class=\"col-inner\"  >\n\t\t\t\n\t\t\t\n\n\t\t<div class=\"icon-box featured-box icon-box-top text-left\"  >\n\t\t\t\t\t<div class=\"icon-box-img\" style=\"width: 60px\">\n\t\t\t\t<div class=\"icon\">\n\t\t\t\t\t<div class=\"icon-inner\" >\n\t\t\t\t\t\t<img decoding=\"async\" width=\"300\" height=\"271\" src=\"https:\/\/hoanggiafurniture.com\/wp-content\/uploads\/2025\/12\/wq.png\" class=\"attachment-medium size-medium\" alt=\"\" srcset=\"https:\/\/hoanggiafurniture.com\/wp-content\/uploads\/2025\/12\/wq.png 846w, https:\/\/hoanggiafurniture.com\/wp-content\/uploads\/2025\/12\/wq-700x632.png 700w\" sizes=\"(max-width: 300px) 100vw, 300px\" \/>\t\t\t\t\t<\/div>\n\t\t\t\t<\/div>\n\t\t\t<\/div>\n\t\t\t\t<div class=\"icon-box-text last-reset\">\n\t\t\t\t\t\t\t\t\t\n<h3>TRI\u1ebeT L\u00dd KINH DOANH<\/h3>\n<p data-start=\"106\" data-end=\"250\"><strong data-start=\"69\" data-end=\"90\">\u2022 S\u1ea3n ph\u1ea9m ch\u00ednh:<\/strong> B\u1ed9 b\u00e0n \u0103n, b\u1ed9 sofa ngo\u00e0i tr\u1eddi b\u1eb1ng nh\u00f4m, th\u00e9p, inox k\u1ebft h\u1ee3p g\u1ed7, polywood, v\u1ea3i v\u00e0 wicker.<br data-start=\"179\" data-end=\"182\" data-is-only-node=\"\" \/><strong data-start=\"182\" data-end=\"197\">\u2022 Thi\u1ebft k\u1ebf:<\/strong> M\u1eabu m\u00e3 c\u1eadp nh\u1eadt theo m\u00f9a, nh\u1eadn thi\u1ebft k\u1ebf theo y\u00eau c\u1ea7u (OEM\/ODM).<br data-start=\"261\" data-end=\"264\" \/><strong data-start=\"264\" data-end=\"280\">\u2022 Gi\u00e1 th\u00e0nh:<\/strong> S\u1ea3n xu\u1ea5t tr\u1ef1c ti\u1ebfp t\u1ea1i nh\u00e0 m\u00e1y, kh\u00f4ng trung gian \u2013 \u0111\u1ea3m b\u1ea3o gi\u00e1 t\u1ed1t nh\u1ea5t.<\/p>\n\t\t<\/div>\n\t<\/div>\n\t\n\t\n\t\t<\/div>\n\t\t\t\t\t<\/div>\n\n\t\n<\/div>\n\t\t<\/div>\n\n\t\t\n<style>\n#section_117550299 {\n  padding-top: 30px;\n  padding-bottom: 30px;\n}\n<\/style>\n\t<\/section>\n\t\n\t<section class=\"section\" id=\"section_291146568\">\n\t\t<div class=\"bg section-bg fill bg-fill bg-loaded bg-loaded\" >\n\n\t\t\t\n\t\t\t\n\t\t\t\n\n\t\t<\/div>\n\n\t\t\n\n\t\t<div class=\"section-content relative\">\n\t\t\t\n\t<div id=\"gap-1530003638\" class=\"gap-element clearfix\" style=\"display:block; height:auto;\">\n\t\t\n<style>\n#gap-1530003638 {\n  padding-top: 40px;\n}\n<\/style>\n\t<\/div>\n\t\n<div class=\"row\"  id=\"row-602084329\">\n\n\t<div id=\"col-1591447814\" class=\"col medium-6 small-12 large-6\"  >\n\t\t\t\t<div class=\"col-inner\"  >\n\t\t\t\n\t\t\t\n\t<div id=\"gap-1941107014\" class=\"gap-element clearfix\" style=\"display:block; height:auto;\">\n\t\t\n<style>\n#gap-1941107014 {\n  padding-top: 50px;\n}\n<\/style>\n\t<\/div>\n\t\n<h2>HOANG GIA FURNITURE<\/h2>\n<ul>\n<li id=\"gap-61417784\" class=\"gap-element clearfix\"><span style=\"color: #555555;\">\u0110\u1ecba Ch\u1ec9 : L\u00f4 C3 CCN C\u00e1t Nh\u01a1n, X\u00e3 C\u00e1t Nh\u01a1n, Huy\u1ec7n Ph\u00f9 C\u00e1t, T\u1ec9nh B\u00ecnh \u0110\u1ecbnh, B\u00ecnh \u0110\u1ecbnh<\/span><\/li>\n<li id=\"gap-2007991211\" class=\"gap-element clearfix\"><strong style=\"color: #555555;\">Hotline<\/strong><em style=\"color: #555555;\">\u00a0:\u00a0<\/em><span style=\"color: #555555;\">+84 906660059 \/ +84 973224895 \/\u00a0+84 906414199<\/span><\/li>\n<li id=\"gap-1319713146\" class=\"gap-element clearfix\"><span style=\"color: #555555;\">Email: <\/span><strong style=\"color: #555555;\">dien@hoanggia.de \/ sales@hoanggia.de \/ sales1@hoanggia.de <\/strong><strong style=\"color: #555555;\">sales2@hoanggia.de<\/strong><\/li>\n<li id=\"gap-1879633705\" class=\"gap-element clearfix\"><span style=\"color: #555555;\">Website: hoanggia.de<\/span><\/li>\n<\/ul>\n<div class=\"social-icons follow-icons\">\u00a0<\/div>\n<a class=\"button primary lowercase\"  >\n    <span>Li\u00ean H\u1ec7 Ngay<\/span>\n  <\/a>\n\n\t\t<\/div>\n\t\t\t\t\t<\/div>\n\n\t\n\n\t<div id=\"col-380476045\" class=\"col medium-6 small-12 large-6\"  >\n\t\t\t\t<div class=\"col-inner\"  >\n\t\t\t\n\t\t\t\n<div style=\"width: 100%; height: 450px; overflow: hidden; border-radius: 12px;\">\n  <iframe\n    style=\"border: 0;\"\n    src=\"https:\/\/www.google.com\/maps\/embed?pb=!1m18!1m12!1m3!1d3915.6209138850197!2d105.7285!3d11.7569!2m3!1f0!2f0!3f0!3m2!1i1024!2i768!4f13.1!3m3!1m2!1s0x316f38cae5748601%3A0xb3ec71d50c514fb1!2sHoang%20Gia%20Co.%2C%20Ltd!5e0!3m2!1svi!2s!4v1763809212194!5m2!1svi!2s\"\n    width=\"100%\"\n    height=\"100%\"\n    allowfullscreen=\"allowfullscreen\"\n  ><\/iframe>\n<\/div>\n\t\t<\/div>\n\t\t\t\t\t<\/div>\n\n\t\n<\/div>\n\t\t<\/div>\n\n\t\t\n<style>\n#section_291146568 {\n  padding-top: 30px;\n  padding-bottom: 30px;\n  background-color: rgb(245, 245, 245);\n}\n<\/style>\n\t<\/section>\n\t\n","protected":false},"excerpt":{"rendered":"","protected":false},"author":6,"featured_media":0,"parent":0,"menu_order":0,"comment_status":"closed","ping_status":"closed","template":"page-blank.php","meta":{"footnotes":""},"class_list":["post-4890","page","type-page","status-publish","hentry"],"_links":{"self":[{"href":"https:\/\/hoanggiafurniture.com\/de\/wp-json\/wp\/v2\/pages\/4890","targetHints":{"allow":["GET"]}}],"collection":[{"href":"https:\/\/hoanggiafurniture.com\/de\/wp-json\/wp\/v2\/pages"}],"about":[{"href":"https:\/\/hoanggiafurniture.com\/de\/wp-json\/wp\/v2\/types\/page"}],"author":[{"embeddable":true,"href":"https:\/\/hoanggiafurniture.com\/de\/wp-json\/wp\/v2\/users\/6"}],"replies":[{"embeddable":true,"href":"https:\/\/hoanggiafurniture.com\/de\/wp-json\/wp\/v2\/comments?post=4890"}],"version-history":[{"count":0,"href":"https:\/\/hoanggiafurniture.com\/de\/wp-json\/wp\/v2\/pages\/4890\/revisions"}],"wp:attachment":[{"href":"https:\/\/hoanggiafurniture.com\/de\/wp-json\/wp\/v2\/media?parent=4890"}],"curies":[{"name":"wp","href":"https:\/\/api.w.org\/{rel}","templated":true}]}}