{"id":4900,"date":"2025-04-16T16:10:28","date_gmt":"2025-04-16T09:10:28","guid":{"rendered":"https:\/\/dichvuseohochiminh.com\/lien-he"},"modified":"2025-12-09T12:28:50","modified_gmt":"2025-12-09T05:28:50","slug":"lien-he","status":"publish","type":"page","link":"https:\/\/hoanggiafurniture.com\/de\/lien-he","title":{"rendered":"Li\u00ean h\u1ec7"},"content":{"rendered":"\t<section class=\"section section-bre\" id=\"section_1813723732\">\n\t\t<div class=\"bg section-bg fill bg-fill bg-loaded bg-loaded\" >\n\n\t\t\t\n\t\t\t\n\t\t\t\n\n\t\t<\/div>\n\n\t\t\n\n\t\t<div class=\"section-content relative\">\n\t\t\t\n<div class=\"row\"  id=\"row-1492623666\">\n\n\t<div id=\"col-2030069830\" class=\"col pb-0 small-12 large-12\"  >\n\t\t\t\t<div class=\"col-inner\"  >\n\t\t\t\n\t\t\t\n\n<nav aria-label=\"breadcrumbs\" class=\"rank-math-breadcrumb\"><p><span class=\"last\">Trang ch\u1ee7<\/span><\/p><\/nav>\n\n\t\t<\/div>\n\t\t\t\t\t<\/div>\n\n\t\n<\/div>\n\t\t<\/div>\n\n\t\t\n<style>\n#section_1813723732 {\n  padding-top: 15px;\n  padding-bottom: 15px;\n  background-color: rgb(255, 255, 255);\n}\n<\/style>\n\t<\/section>\n\t\n<div class=\"is-divider divider clearfix\" style=\"max-width:100%;height:1px;background-color:rgb(0, 0, 0);\"><\/div>\n\t<section class=\"section\" id=\"section_798211136\">\n\t\t<div class=\"bg section-bg fill bg-fill bg-loaded bg-loaded\" >\n\n\t\t\t\n\t\t\t\n\t\t\t\n\n\t\t<\/div>\n\n\t\t\n\n\t\t<div class=\"section-content relative\">\n\t\t\t\n<div class=\"row\"  id=\"row-1001920373\">\n\n\t<div id=\"col-1601298808\" class=\"col medium-6 small-12 large-6\"  >\n\t\t\t\t<div class=\"col-inner\"  >\n\t\t\t\n\t\t\t\n<h2><strong>HOANG GIA FURNITURE<\/strong><\/h2>\n\t<div id=\"gap-438412448\" class=\"gap-element clearfix\" style=\"display:block; height:auto;\">\n\t\t\n<style>\n#gap-438412448 {\n  padding-top: 20px;\n}\n<\/style>\n\t<\/div>\n\t\n\n\t\t<div class=\"icon-box featured-box icon-box-left text-left\"  >\n\t\t\t\t\t<div class=\"icon-box-img has-icon-bg\" style=\"width: 30px\">\n\t\t\t\t<div class=\"icon\">\n\t\t\t\t\t<div class=\"icon-inner\" style=\"border-width:1px;color:rgb(101, 119, 129);\">\n\t\t\t\t\t\t<img decoding=\"async\" width=\"300\" height=\"409\" src=\"https:\/\/hoanggiafurniture.com\/wp-content\/uploads\/2025\/11\/Layer-1.png\" class=\"attachment-medium size-medium\" alt=\"\" \/>\t\t\t\t\t<\/div>\n\t\t\t\t<\/div>\n\t\t\t<\/div>\n\t\t\t\t<div class=\"icon-box-text last-reset\">\n\t\t\t\t\t\t\t\t\t\n<p>\u0110\u1ecba Ch\u1ec9 : L\u00f4 C3 CCN C\u00e1t Nh\u01a1n, X\u00e3 C\u00e1t Nh\u01a1n, Huy\u1ec7n Ph\u00f9 C\u00e1t, T\u1ec9nh B\u00ecnh \u0110\u1ecbnh, B\u00ecnh \u0110\u1ecbnh<\/p>\n\t\t<\/div>\n\t<\/div>\n\t\n\t\n\t<div id=\"gap-1645274124\" class=\"gap-element clearfix\" style=\"display:block; height:auto;\">\n\t\t\n<style>\n#gap-1645274124 {\n  padding-top: 15px;\n}\n<\/style>\n\t<\/div>\n\t\n\n\t\t<div class=\"icon-box featured-box icon-box-left text-left\"  >\n\t\t\t\t\t<div class=\"icon-box-img has-icon-bg\" style=\"width: 30px\">\n\t\t\t\t<div class=\"icon\">\n\t\t\t\t\t<div class=\"icon-inner\" style=\"border-width:1px;color:rgb(101, 119, 129);\">\n\t\t\t\t\t\t<img decoding=\"async\" width=\"300\" height=\"300\" src=\"https:\/\/hoanggiafurniture.com\/wp-content\/uploads\/2025\/11\/Layer-3.png\" class=\"attachment-medium size-medium\" alt=\"\" srcset=\"https:\/\/hoanggiafurniture.com\/wp-content\/uploads\/2025\/11\/Layer-3.png 740w, https:\/\/hoanggiafurniture.com\/wp-content\/uploads\/2025\/11\/Layer-3-700x700.png 700w, https:\/\/hoanggiafurniture.com\/wp-content\/uploads\/2025\/11\/Layer-3-100x100.png 100w, https:\/\/hoanggiafurniture.com\/wp-content\/uploads\/2025\/11\/Layer-3-500x500.png 500w\" sizes=\"(max-width: 300px) 100vw, 300px\" \/>\t\t\t\t\t<\/div>\n\t\t\t\t<\/div>\n\t\t\t<\/div>\n\t\t\t\t<div class=\"icon-box-text last-reset\">\n\t\t\t\t\t\t\t\t\t\n<p><strong>Hotline<\/strong><em> : <\/em>+84 906660059 \/ +84 973224895 \/\u00a0+84 906414199<\/p>\n\t\t<\/div>\n\t<\/div>\n\t\n\t\n\t<div id=\"gap-1836198562\" class=\"gap-element clearfix\" style=\"display:block; height:auto;\">\n\t\t\n<style>\n#gap-1836198562 {\n  padding-top: 15px;\n}\n<\/style>\n\t<\/div>\n\t\n\t<div id=\"gap-920253387\" class=\"gap-element clearfix\" style=\"display:block; height:auto;\">\n\t\t\n<style>\n#gap-920253387 {\n  padding-top: 15px;\n}\n<\/style>\n\t<\/div>\n\t\n\n\t\t<div class=\"icon-box featured-box icon-box-left text-left\"  >\n\t\t\t\t\t<div class=\"icon-box-img has-icon-bg\" style=\"width: 30px\">\n\t\t\t\t<div class=\"icon\">\n\t\t\t\t\t<div class=\"icon-inner\" style=\"border-width:1px;color:rgb(101, 119, 129);\">\n\t\t\t\t\t\t<img decoding=\"async\" width=\"300\" height=\"200\" src=\"https:\/\/hoanggiafurniture.com\/wp-content\/uploads\/2025\/11\/Layer-4-1.png\" class=\"attachment-medium size-medium\" alt=\"\" \/>\t\t\t\t\t<\/div>\n\t\t\t\t<\/div>\n\t\t\t<\/div>\n\t\t\t\t<div class=\"icon-box-text last-reset\">\n\t\t\t\t\t\t\t\t\t\n<p class=\"mb-0\">Email: <strong>dien@hoanggia.de \/ sales@hoanggia.de \/ sales1@hoanggia.de sales2@hoanggia.de<\/strong><\/p>\n\t\t<\/div>\n\t<\/div>\n\t\n\t\n\t<div id=\"gap-815802879\" class=\"gap-element clearfix\" style=\"display:block; height:auto;\">\n\t\t\n<style>\n#gap-815802879 {\n  padding-top: 15px;\n}\n<\/style>\n\t<\/div>\n\t\n\n\t\t<div class=\"icon-box featured-box icon-box-left text-left\"  >\n\t\t\t\t\t<div class=\"icon-box-img has-icon-bg\" style=\"width: 30px\">\n\t\t\t\t<div class=\"icon\">\n\t\t\t\t\t<div class=\"icon-inner\" style=\"border-width:1px;color:rgb(101, 119, 129);\">\n\t\t\t\t\t\t<img decoding=\"async\" width=\"300\" height=\"300\" src=\"https:\/\/hoanggiafurniture.com\/wp-content\/uploads\/2025\/11\/680340d8.png\" class=\"attachment-medium size-medium\" alt=\"\" srcset=\"https:\/\/hoanggiafurniture.com\/wp-content\/uploads\/2025\/11\/680340d8.png 518w, https:\/\/hoanggiafurniture.com\/wp-content\/uploads\/2025\/11\/680340d8-100x100.png 100w, https:\/\/hoanggiafurniture.com\/wp-content\/uploads\/2025\/11\/680340d8-500x500.png 500w\" sizes=\"(max-width: 300px) 100vw, 300px\" \/>\t\t\t\t\t<\/div>\n\t\t\t\t<\/div>\n\t\t\t<\/div>\n\t\t\t\t<div class=\"icon-box-text last-reset\">\n\t\t\t\t\t\t\t\t\t\n<p class=\"mb-0\">Website: hoanggia.de<\/p>\n\t<div id=\"gap-1687151450\" class=\"gap-element clearfix\" style=\"display:block; height:auto;\">\n\t\t\n<style>\n#gap-1687151450 {\n  padding-top: 30px;\n}\n<\/style>\n\t<\/div>\n\t\n\t\t<\/div>\n\t<\/div>\n\t\n\t\n<div class=\"social-icons follow-icons\" ><a href=\"http:\/\/url\" target=\"_blank\" rel=\"noopener noreferrer nofollow\" data-label=\"Facebook\" class=\"icon primary button circle facebook tooltip\" title=\"Auf Facebook folgen\" aria-label=\"Auf Facebook folgen\" ><i class=\"icon-facebook\" ><\/i><\/a><a href=\"http:\/\/url\" target=\"_blank\" rel=\"noopener noreferrer nofollow\" data-label=\"TikTok\" class=\"icon primary button circle tiktok tooltip\" title=\"Auf Tiktok folgen\" aria-label=\"Auf Tiktok folgen\" ><i class=\"icon-tiktok\" ><\/i><\/a><a href=\"mailto:cayxanhvanphongxanhan@gmail.com\" data-label=\"E-mail\" target=\"_blank\" rel=\"nofollow\" class=\"icon primary button circle email tooltip\" title=\"Sende uns eine E-Mail\" aria-label=\"Sende uns eine E-Mail\" ><i class=\"icon-envelop\" ><\/i><\/a><a href=\"tel:0982 202 549\" data-label=\"Phone\" target=\"_blank\" rel=\"nofollow\" class=\"icon primary button circle phone tooltip\" title=\"Rufe uns an\" aria-label=\"Rufe uns an\" ><i class=\"icon-phone\" ><\/i><\/a><a href=\"http:\/\/url\" data-label=\"YouTube\" target=\"_blank\" rel=\"noopener noreferrer nofollow\" class=\"icon primary button circle youtube tooltip\" title=\"Auf YouTube folgen\" aria-label=\"Auf YouTube folgen\" ><i class=\"icon-youtube\" ><\/i><\/a><\/div>\n\t\t<\/div>\n\t\t\t\t\t<\/div>\n\n\t\n\n\t<div id=\"col-2086384141\" class=\"col medium-6 small-12 large-6\"  >\n\t\t\t\t<div class=\"col-inner\"  >\n\t\t\t\n\t\t\t\n\n<div class=\"wpcf7 no-js\" id=\"wpcf7-f4830-o1\" lang=\"de-DE\" dir=\"ltr\" data-wpcf7-id=\"4830\">\n<div class=\"screen-reader-response\"><p role=\"status\" aria-live=\"polite\" aria-atomic=\"true\"><\/p> <ul><\/ul><\/div>\n<form action=\"\/de\/wp-json\/wp\/v2\/pages\/4900#wpcf7-f4830-o1\" method=\"post\" class=\"wpcf7-form init\" aria-label=\"Kontaktformular\" novalidate=\"novalidate\" data-status=\"init\">\n<fieldset class=\"hidden-fields-container\"><input type=\"hidden\" name=\"_wpcf7\" value=\"4830\" \/><input type=\"hidden\" name=\"_wpcf7_version\" value=\"6.1.4\" \/><input type=\"hidden\" name=\"_wpcf7_locale\" value=\"de_DE\" \/><input type=\"hidden\" name=\"_wpcf7_unit_tag\" value=\"wpcf7-f4830-o1\" \/><input type=\"hidden\" name=\"_wpcf7_container_post\" value=\"0\" \/><input type=\"hidden\" name=\"_wpcf7_posted_data_hash\" value=\"\" \/>\n<\/fieldset>\n<p><label> T\u00ean kh\u00e1ch h\u00e0ng*<br \/>\n<span class=\"wpcf7-form-control-wrap\" data-name=\"ten-khach-hang\"><input size=\"40\" maxlength=\"400\" class=\"wpcf7-form-control wpcf7-text wpcf7-validates-as-required\" aria-required=\"true\" aria-invalid=\"false\" value=\"\" type=\"text\" name=\"ten-khach-hang\" \/><\/span><br \/>\n<\/label>\n<\/p>\n<p><label> \u0110i\u1ec7n tho\u1ea1i*<br \/>\n<span class=\"wpcf7-form-control-wrap\" data-name=\"dien-thoai\"><input size=\"40\" maxlength=\"400\" class=\"wpcf7-form-control wpcf7-tel wpcf7-validates-as-required wpcf7-text wpcf7-validates-as-tel\" aria-required=\"true\" aria-invalid=\"false\" placeholder=\"VD: 0912345678\" value=\"\" type=\"tel\" name=\"dien-thoai\" \/><\/span><br \/>\n<\/label>\n<\/p>\n<p><label> Email<br \/>\n<span class=\"wpcf7-form-control-wrap\" data-name=\"email\"><input size=\"40\" maxlength=\"400\" class=\"wpcf7-form-control wpcf7-email wpcf7-text wpcf7-validates-as-email\" aria-invalid=\"false\" placeholder=\"vidu@gmail.com\" value=\"\" type=\"email\" name=\"email\" \/><\/span><br \/>\n<\/label>\n<\/p>\n<p><label> M\u00f4 t\u1ea3<br \/>\n<span class=\"wpcf7-form-control-wrap\" data-name=\"mo-ta\"><textarea cols=\"40\" rows=\"10\" maxlength=\"2000\" class=\"wpcf7-form-control wpcf7-textarea\" aria-invalid=\"false\" placeholder=\"Xin vui l\u00f2ng m\u00f4 t\u1ea3 y\u00eau c\u1ea7u v\u1ec1 s\u1ea3n ph\u1ea9m ho\u1eb7c d\u1ecbch v\u1ee5 c\u1ea7n t\u01b0 v\u1ea5n\" name=\"mo-ta\"><\/textarea><\/span><br \/>\n<\/label><br \/>\n<input class=\"wpcf7-form-control wpcf7-submit has-spinner\" type=\"submit\" value=\"G\u1eedi li\u00ean h\u1ec7\" \/>\n<\/p><input type='hidden' class='wpcf7-pum' value='{\"closepopup\":false,\"closedelay\":0,\"openpopup\":false,\"openpopup_id\":0}' \/><div class=\"wpcf7-response-output\" aria-hidden=\"true\"><\/div>\n<\/form>\n<\/div>\n\n\t\t<\/div>\n\t\t\t\t\t<\/div>\n\n\t\n\n\t<div id=\"col-1452193935\" class=\"col pb-0 small-12 large-12\"  >\n\t\t\t\t<div class=\"col-inner\"  >\n\t\t\t\n\t\t\t\n\n<div style=\"width: 100%; height: 450px; overflow: hidden; border-radius: 12px;\">\n  <iframe\n    style=\"border: 0;\"\n    src=\"https:\/\/www.google.com\/maps\/embed?pb=!1m18!1m12!1m3!1d3915.6209138850197!2d105.7285!3d11.7569!2m3!1f0!2f0!3f0!3m2!1i1024!2i768!4f13.1!3m3!1m2!1s0x316f38cae5748601%3A0xb3ec71d50c514fb1!2sHoang%20Gia%20Co.%2C%20Ltd!5e0!3m2!1svi!2s!4v1763809212194!5m2!1svi!2s\"\n    width=\"100%\"\n    height=\"100%\"\n    allowfullscreen=\"allowfullscreen\"\n  ><\/iframe>\n<\/div>\n\n\t\t<\/div>\n\t\t\t\t\t<\/div>\n\n\t\n<\/div>\n\t\t<\/div>\n\n\t\t\n<style>\n#section_798211136 {\n  padding-top: 65px;\n  padding-bottom: 65px;\n  background-color: rgb(255, 255, 255);\n}\n<\/style>\n\t<\/section>\n\t\n","protected":false},"excerpt":{"rendered":"","protected":false},"author":6,"featured_media":0,"parent":0,"menu_order":0,"comment_status":"closed","ping_status":"closed","template":"page-blank.php","meta":{"footnotes":""},"class_list":["post-4900","page","type-page","status-publish","hentry"],"_links":{"self":[{"href":"https:\/\/hoanggiafurniture.com\/de\/wp-json\/wp\/v2\/pages\/4900","targetHints":{"allow":["GET"]}}],"collection":[{"href":"https:\/\/hoanggiafurniture.com\/de\/wp-json\/wp\/v2\/pages"}],"about":[{"href":"https:\/\/hoanggiafurniture.com\/de\/wp-json\/wp\/v2\/types\/page"}],"author":[{"embeddable":true,"href":"https:\/\/hoanggiafurniture.com\/de\/wp-json\/wp\/v2\/users\/6"}],"replies":[{"embeddable":true,"href":"https:\/\/hoanggiafurniture.com\/de\/wp-json\/wp\/v2\/comments?post=4900"}],"version-history":[{"count":0,"href":"https:\/\/hoanggiafurniture.com\/de\/wp-json\/wp\/v2\/pages\/4900\/revisions"}],"wp:attachment":[{"href":"https:\/\/hoanggiafurniture.com\/de\/wp-json\/wp\/v2\/media?parent=4900"}],"curies":[{"name":"wp","href":"https:\/\/api.w.org\/{rel}","templated":true}]}}