{"id":4848,"date":"2025-11-22T17:19:04","date_gmt":"2025-11-22T10:19:04","guid":{"rendered":"https:\/\/dichvuseohochiminh.com\/product\/amsterdam-dining-set-alu-frame-with-rope"},"modified":"2025-12-09T12:26:08","modified_gmt":"2025-12-09T05:26:08","slug":"amsterdam-dining-set-alu-frame-with-rope","status":"publish","type":"product","link":"https:\/\/hoanggiafurniture.com\/de\/produkt\/amsterdam-dining-set-alu-frame-with-rope","title":{"rendered":"Amsterdam dining set, alu frame with rope"},"content":{"rendered":"<p><img decoding=\"async\" class=\"aligncenter wp-image-4400\" src=\"https:\/\/dichvuseohochiminh.com\/wp-content\/uploads\/2025\/11\/lai-1.png\" alt=\"\" width=\"804\" height=\"166\" srcset=\"https:\/\/hoanggiafurniture.com\/wp-content\/uploads\/2025\/11\/lai-1.png 1455w, https:\/\/hoanggiafurniture.com\/wp-content\/uploads\/2025\/11\/lai-1-700x145.png 700w\" sizes=\"(max-width: 804px) 100vw, 804px\" \/><\/p>\n<h2 style=\"text-align: center;\">Th\u00f4ng s\u1ed1 s\u1ea3n ph\u1ea9m<\/h2>\n\t<div id=\"gap-1626918297\" class=\"gap-element clearfix\" style=\"display:block; height:auto;\">\n\t\t\n<style>\n#gap-1626918297 {\n  padding-top: 50px;\n}\n<\/style>\n\t<\/div>\n\t\n<div class=\"row\"  id=\"row-1091946205\">\n\n\t<div id=\"col-1420755733\" class=\"col medium-6 small-12 large-6\"  >\n\t\t\t\t<div class=\"col-inner\"  >\n\t\t\t\n\t\t\t\n<h2 data-start=\"494\" data-end=\"535\"><strong data-start=\"497\" data-end=\"535\">TH\u00d4NG S\u1ed0 K\u1ef8 THU\u1eacT \u2013 B\u00c0N OUTDOOR<\/strong><\/h2>\n<p data-start=\"537\" data-end=\"866\"><strong data-start=\"537\" data-end=\"550\">D\u00e0i (cm):<\/strong> 200<br data-start=\"554\" data-end=\"557\" \/><strong data-start=\"557\" data-end=\"577\">R\u1ed9ng \/ s\u00e2u (cm):<\/strong> 90<br data-start=\"580\" data-end=\"583\" \/><strong data-start=\"583\" data-end=\"596\">Cao (cm):<\/strong> 75<br data-start=\"599\" data-end=\"602\" \/><strong data-start=\"602\" data-end=\"626\">\u0110\u1ed9 d\u00e0y m\u1eb7t b\u00e0n (cm):<\/strong> 2.5<br data-start=\"630\" data-end=\"633\" \/><strong data-start=\"633\" data-end=\"646\">Ch\u00e2n b\u00e0n:<\/strong> Nh\u00f4m \u0111\u00fac li\u1ec1n kh\u1ed1i, s\u01a1n t\u0129nh \u0111i\u1ec7n<br data-start=\"680\" data-end=\"683\" \/><strong data-start=\"683\" data-end=\"695\">M\u1eb7t b\u00e0n:<\/strong> WPC composite ph\u1ee7 veneer, ch\u1ed1ng tr\u1ea7y<br data-start=\"732\" data-end=\"735\" \/><strong data-start=\"735\" data-end=\"745\">Khung:<\/strong> Nh\u00f4m 6063 \u2013 powder coating<br data-start=\"772\" data-end=\"775\" \/><strong data-start=\"775\" data-end=\"788\">Li\u00ean k\u1ebft:<\/strong> M\u1eb7t b\u00e0n b\u1eaft v\u00edt v\u00e0o khung<br data-start=\"814\" data-end=\"817\" \/><strong data-start=\"817\" data-end=\"830\">Th\u00e1o r\u1eddi:<\/strong> Ch\u00e2n th\u00e1o l\u1eafp \u0111\u1ec3 \u0111\u00f3ng g\u00f3i container<\/p>\n\t<div id=\"gap-821743011\" class=\"gap-element clearfix\" style=\"display:block; height:auto;\">\n\t\t\n<style>\n#gap-821743011 {\n  padding-top: 30px;\n}\n<\/style>\n\t<\/div>\n\t\n<h2 data-start=\"1002\" data-end=\"1032\"><strong data-start=\"1005\" data-end=\"1032\">TH\u00d4NG S\u1ed0 GH\u1ebe OUTDOOR<\/strong><\/h2>\n<p data-start=\"1034\" data-end=\"1322\"><strong data-start=\"1034\" data-end=\"1048\">R\u1ed9ng (cm):<\/strong> 58<br data-start=\"1051\" data-end=\"1054\" \/><strong data-start=\"1054\" data-end=\"1067\">S\u00e2u (cm):<\/strong> 60<br data-start=\"1070\" data-end=\"1073\" \/><strong data-start=\"1073\" data-end=\"1086\">Cao (cm):<\/strong> 78<br data-start=\"1089\" data-end=\"1092\" \/><strong data-start=\"1092\" data-end=\"1111\">Chi\u1ec1u cao ng\u1ed3i:<\/strong> 45<br data-start=\"1114\" data-end=\"1117\" \/><strong data-start=\"1117\" data-end=\"1131\">Khung gh\u1ebf:<\/strong> Nh\u00f4m 6063 \/ S\u1eaft s\u01a1n t\u0129nh \u0111i\u1ec7n<br data-start=\"1161\" data-end=\"1164\" \/><strong data-start=\"1164\" data-end=\"1178\">Tay &amp; t\u1ef1a:<\/strong> Rope PE 12mm \u2013 ch\u1ed1ng UV<br data-start=\"1202\" data-end=\"1205\" \/><strong data-start=\"1205\" data-end=\"1213\">\u0110\u1ec7m:<\/strong> Foam D28 \u2013 v\u1ea3i Olefin QuickDry<br data-start=\"1244\" data-end=\"1247\" \/><strong data-start=\"1247\" data-end=\"1258\">\u00c1o \u0111\u1ec7m:<\/strong> C\u00f3 kh\u00f3a k\u00e9o \u2013 th\u00e1o r\u1eddi<br data-start=\"1281\" data-end=\"1284\" \/><strong data-start=\"1284\" data-end=\"1297\">Ch\u00e2n gh\u1ebf:<\/strong> Kim lo\u1ea1i, powder coating<\/p>\n\t\t<\/div>\n\t\t\t\t\t<\/div>\n\n\t\n\n\t<div id=\"col-627496138\" class=\"col medium-6 small-12 large-6\"  >\n\t\t\t\t<div class=\"col-inner\"  >\n\t\t\t\n\t\t\t\n\t<div class=\"img has-hover x md-x lg-x y md-y lg-y\" id=\"image_1216902029\">\n\t\t\t\t\t\t\t\t<div class=\"img-inner dark\" >\n\t\t\t<img decoding=\"async\" width=\"1024\" height=\"1024\" src=\"https:\/\/hoanggiafurniture.com\/wp-content\/uploads\/2025\/12\/unnamed.jpg\" class=\"attachment-original size-original\" alt=\"\" srcset=\"https:\/\/hoanggiafurniture.com\/wp-content\/uploads\/2025\/12\/unnamed.jpg 1024w, https:\/\/hoanggiafurniture.com\/wp-content\/uploads\/2025\/12\/unnamed-700x700.jpg 700w, https:\/\/hoanggiafurniture.com\/wp-content\/uploads\/2025\/12\/unnamed-100x100.jpg 100w\" sizes=\"(max-width: 1024px) 100vw, 1024px\" \/>\t\t\t\t\t\t\n\t\t\t\t\t<\/div>\n\t\t\t\t\t\t\t\t\n<style>\n#image_1216902029 {\n  width: 100%;\n}\n<\/style>\n\t<\/div>\n\t\n\t\t<\/div>\n\t\t\t\t\t<\/div>\n\n\t\n<\/div>\n\t<section class=\"section\" id=\"section_860404977\">\n\t\t<div class=\"bg section-bg fill bg-fill bg-loaded bg-loaded\" >\n\n\t\t\t\n\t\t\t\n\t\t\t\n\n\t\t<\/div>\n\n\t\t\n\n\t\t<div class=\"section-content relative\">\n\t\t\t\n<div class=\"row\"  id=\"row-816808880\">\n\n\t<div id=\"col-862734127\" class=\"col medium-4 small-12 large-4\"  >\n\t\t\t\t<div class=\"col-inner\"  >\n\t\t\t\n\t\t\t\n\t<div class=\"img has-hover x md-x lg-x y md-y lg-y\" id=\"image_1129814173\">\n\t\t\t\t\t\t\t\t<div class=\"img-inner dark\" >\n\t\t\t<img decoding=\"async\" width=\"1500\" height=\"1500\" src=\"https:\/\/hoanggiafurniture.com\/wp-content\/uploads\/2025\/12\/dew.png\" class=\"attachment-original size-original\" alt=\"\" srcset=\"https:\/\/hoanggiafurniture.com\/wp-content\/uploads\/2025\/12\/dew.png 1500w, https:\/\/hoanggiafurniture.com\/wp-content\/uploads\/2025\/12\/dew-700x700.png 700w, https:\/\/hoanggiafurniture.com\/wp-content\/uploads\/2025\/12\/dew-100x100.png 100w\" sizes=\"(max-width: 1500px) 100vw, 1500px\" \/>\t\t\t\t\t\t\n\t\t\t\t\t<\/div>\n\t\t\t\t\t\t\t\t\n<style>\n#image_1129814173 {\n  width: 100%;\n}\n<\/style>\n\t<\/div>\n\t\n\t\t<\/div>\n\t\t\t\t\t<\/div>\n\n\t\n\n\t<div id=\"col-555532966\" class=\"col medium-4 small-12 large-4\"  >\n\t\t\t\t<div class=\"col-inner\"  >\n\t\t\t\n\t\t\t\n\t<div class=\"img has-hover x md-x lg-x y md-y lg-y\" id=\"image_1222755361\">\n\t\t\t\t\t\t\t\t<div class=\"img-inner dark\" >\n\t\t\t<img decoding=\"async\" width=\"1500\" height=\"1500\" src=\"https:\/\/hoanggiafurniture.com\/wp-content\/uploads\/2025\/12\/DSC02070.png\" class=\"attachment-original size-original\" alt=\"\" srcset=\"https:\/\/hoanggiafurniture.com\/wp-content\/uploads\/2025\/12\/DSC02070.png 1500w, https:\/\/hoanggiafurniture.com\/wp-content\/uploads\/2025\/12\/DSC02070-700x700.png 700w, https:\/\/hoanggiafurniture.com\/wp-content\/uploads\/2025\/12\/DSC02070-100x100.png 100w\" sizes=\"(max-width: 1500px) 100vw, 1500px\" \/>\t\t\t\t\t\t\n\t\t\t\t\t<\/div>\n\t\t\t\t\t\t\t\t\n<style>\n#image_1222755361 {\n  width: 100%;\n}\n<\/style>\n\t<\/div>\n\t\n\t\t<\/div>\n\t\t\t\t\t<\/div>\n\n\t\n\n\t<div id=\"col-1413464667\" class=\"col medium-4 small-12 large-4\"  >\n\t\t\t\t<div class=\"col-inner\"  >\n\t\t\t\n\t\t\t\n\t<div class=\"img has-hover x md-x lg-x y md-y lg-y\" id=\"image_145350637\">\n\t\t\t\t\t\t\t\t<div class=\"img-inner dark\" >\n\t\t\t<img decoding=\"async\" width=\"1500\" height=\"1500\" src=\"https:\/\/hoanggiafurniture.com\/wp-content\/uploads\/2025\/12\/unnamed-1dfd.png\" class=\"attachment-original size-original\" alt=\"\" srcset=\"https:\/\/hoanggiafurniture.com\/wp-content\/uploads\/2025\/12\/unnamed-1dfd.png 1500w, https:\/\/hoanggiafurniture.com\/wp-content\/uploads\/2025\/12\/unnamed-1dfd-700x700.png 700w, https:\/\/hoanggiafurniture.com\/wp-content\/uploads\/2025\/12\/unnamed-1dfd-100x100.png 100w\" sizes=\"(max-width: 1500px) 100vw, 1500px\" \/>\t\t\t\t\t\t\n\t\t\t\t\t<\/div>\n\t\t\t\t\t\t\t\t\n<style>\n#image_145350637 {\n  width: 100%;\n}\n<\/style>\n\t<\/div>\n\t\n\t\t<\/div>\n\t\t\t\t\t<\/div>\n\n\t\n<\/div>\n\t\t<\/div>\n\n\t\t\n<style>\n#section_860404977 {\n  padding-top: 30px;\n  padding-bottom: 30px;\n}\n<\/style>\n\t<\/section>\n\t\n","protected":false},"excerpt":{"rendered":"<p>M\u00e3 s\u1ea3n ph\u1ea9m : OUT-TBL-6CH-2025<\/p>\n<div id=\"ardisplay_viewer_3778\" class=\"ardisplay_viewer\" data-ar-instance=\"ar_instance_1\" data-ar-plugin=\"ar-for-woocommerce\">\n    <model-viewer id=\"model_3778\" camera-controls data-ar-instance=\"ar_instance_1\" data-ar-plugin=\"ar-for-woocommerce\"   ar ar-modes=\"webxr scene-viewer quick-look\"   auto-rotate  ios-src=\"\" src=\"https:\/\/dichvuseohochiminh.com\/wp-content\/uploads\/2025\/12\/Woven_Elegance_Chair_1202041125_texture.glb\" src=\"https:\/\/dichvuseohochiminh.com\/wp-content\/uploads\/2025\/12\/Woven_Elegance_Chair_1202041125_texture.glb\"      field-of-view=\"defaultdeg\" max-camera-orbit=\"Infinity auto 300\" min-camera-orbit=\"auto auto 20%\"  exposure=\"1\" shadow-intensity=\"1\" shadow-softness=\"1\"    poster=\"https:\/\/hoanggiafurniture.com\/wp-content\/uploads\/2025\/11\/amsterdam-dining-set-alu-frame-with-rope-avatar.jpg&quot;\" alt=\"AR Display 3D model\" class=\"ar-display-model-viewer\" quick-look-browsers=\"safari chrome\"  >\n\n\n            <button slot=\"ar-button\" data-id=\"3778\" data-plugin=\"ar-for-woocommerce\" class=\"ar-button ar-button-default \" id=\"ar-button_3778\"><img decoding=\"async\" id=\"ar-img_3778\" src=\"https:\/\/hoanggiafurniture.com\/wp-content\/plugins\/ar-for-woocommerce\/assets\/images\/ar-view-btn.png\" class=\"ar-button-img\"><\/button>\n\n\n    <div class=\"ar-qrcode-btn-container hide_on_devices\">\n        <button id=\"ar-qrcode_3778\" style=\"display: block; background-image: url();\" type=\"button\" class=\"ar-qrcode hide_on_devices ar-qrcode-wc\" onclick=\"this.classList.toggle('ar-qrcode-large');\" data-normal=\"data:image\/png;base64,iVBORw0KGgoAAAANSUhEUgAAAJYAAACWCAIAAACzY+a1AAAACXBIWXMAAA7EAAAOxAGVKw4bAAAWU0lEQVR4nO1daWwc133\/v\/fm3JN7kMv7EClKiiRHlnP4tmvLUWI7TdIUadIYSNCirYMkn5oCRWukRfqhaE4gRVAEKJCkiIoajRE4R+O08KHEsWxFlmXdEinxXp675HKvud57\/UCZlrjk7MzsyuIY8\/tEzLz7v\/\/fvP\/xHhHnHAL4GfhWDyBAowhE6HsI638hhBppyBUhr\/e1XmvDk7oFNm2tdjBO2nE+cZsqrsbpoWub8QRa6HsEIvQ9hNpH3ijR5omT6hs6dUI1rnjJht+cMPNWsGnN1To0suaBFvoegQh9j02IdB02VOBE8RshKCeU6AS1tOZkM+kczd3x2hfeas0DLfQ9AhH6HnZE2iAatH891HVSxmacdas3SJI3yR0daKHvEYjQ97iJRNoImmXaO9ng2WxWN3ThisxtnjQXgRb6HoEIfQ87Im2QAWyqO3\/lzWS2ad+VaV93BZzsSF0to4c1D7TQ9whE6HtsQqQNhpJtGnQeTHdlm7vq2tXwNpRx5Uyou7\/d9JUHBFroewQi9D3QzTM8XZnVG5642iW62kk2JQepwTE0F4EW+h6BCH0POyK9STuoTRvc0LKrIFGz4MGQd8XGzYrsbxhnoIW+RyBC32OThPwGHYxOqtcN1nhLa3flPnVietdNIbBp1hvH1g6mbheBFvoegQh9D3c+UptItysmcU4y3nbF3uI7NuH7usNrFjy4CAIt9D0CEfoejtKfXGX71NayKezhiKiTcdrAm+tyw6i8ZV41GEHbqnqghb5HIELfw52PtEG71TmTeOOcBr0TNmU2lPTmOvDm+K3bYKCFvkcgQt\/D7tKSBg8TOfGI1o3a1y256WBsJuUNdffJ3nzFro7qb\/Uq0ELfIxCh72F3aYk33mgwo7JuASdnnWzgLVDeyB71Jp1XXUeghb5HIELf420i9Wa3ujKia9vx0FGDTxqJXnnj3qY7RjZ25C2r9eaF8RBCqTvvr1vMA6713rCdkXv1N95m7S1BxKaLtTKOLrO8edmImw4rfdcDjbS53g7nnDEGlAFnHMAC4JxjhCRRxIIAXrOtOeeuDDsnjOWk1lbVt+lZew\/gnFPGGKXcsoAyjhHDRCI4LJCYHIrFovG21mQiMTk9c2n0CgUgDUhxW8HHIqSMWZbFDBMsCzhnhGBJVEUxGY20JxKZ9vZMR3tPRyaTSrUmE63JZCaVjIYjE9nsvz\/9kyPP\/pwCEEJu9SSaAHcHtRtMZ24KEEKmZemlEsdYUdX2tnRbPNaeSmUymd6e7q72TLqlpTWVTCcSiVg0HAoJN8op2RL\/3Cc\/8eqJk5fGx0ks5m0MN8\/B5qELn2khQohalqlp991x8KF77hrq7+1sy4RDajQUCodD0VC4XKlcvDp2fnQ0v7ysitJHHznUmWnb0Eg60TLQ1XnxytVbMoWmw2cipIxpmvbYfff8\/Ze+MNTXq0iSIFybQr5Q+Olzz50buWJQGgmHhvr79u8cSiVa1t7quj6Xy42MjibTrd2ZTFumjQvk+o2Jf+HoMssGk5ed2BIOQ7tU15Ph8B8efuS23bvwjR3Fo9FPfPjw44csxjgHzhibmMke+dkvLo+NX52aGc9mp+fnyxcvfeiznznyjX8e3DEAkmQxJrr\/HF4\/QSfJRM2K\/W4Fn2khAAgIyaKIETJMU9MN3TAM06hWtcV8fmpu\/sr4xMj4xOjU1IWxifzyCqpWgDKQJFAUWVGMTGZltYgQ6mhNRyRJMwzw\/47GbyIkZMUw5nI5xtgLrx4\/9sqxsbn56fmFbC63sLxSLha5pgNnIEokHI7GYySZuP7HjBCazc7OzM+nW1paQ6GpSgVk+ZbNpUnYxMG2Dpvs5uambG\/a4KYgRKhWKhMTk8Vy5acv\/vZH3\/6eHosDISCKWJZCkZjcYuf1lQSczxWeffmEQkCVZYwQAtAo4gzBDaLmEuFbNXT9CJsVG\/GWjLMGn2kh40wCqJbKpUrl3uHuyX6VpWMcIQR81cJXKsRgIOLNfwUIAJBABPrDH\/2bBdJSsURUlQG0SjSMgb1dhy9TXDAIYB4SvKV8vqPwkwg55wJC\/YMDaixqWtZje9MH7i2hEAWEAPEKxb+YivxgPFbkSECbLLwFwCn+m73Lg+HxX47FjhhphohJ4as7Vw60VbhBAAAh4MDzOnl5UT0yEy2ZKCRsdyF6NO0bPATjzSFAKd3Z1xMJh7NLOV3XE5keNaVyS0dEBOACtgaHl5cM8uPJKBf4hoYRQMXEuyPG5zqK8RASEDu6AmMaWAgNhc37k5qlE1GigAAQUIru7yjfmdL\/8lRap0giXtbBSWEnS2RTZg2+iRdyzplpdWcynel0IhIpaAZL9LNIJ9UNShGlWDdJTGSH2yvxLYiUGvjjHZWoSnWd7AqbuyOGBcA5GAwBR1MV8VsXk189nfr6ueTZvBLj6NH+wme6yrq53ZfIT0SKRGGlVLo4PqFI0tDgzl19PVL7Hjr+eyRHrpVgKC1akkiLFsE3cmmFIlWlf9pRRhQIgl6ZHuqovJxXFiwEAID5VFX4p\/OpkkaAw38k9WfunB1K0EdaKz+cDpsMiXj7sqm7JMTawq7S6Gz6cgKEEOfAGC9Xq2OTY5VKRc7sBJPVtIwANo7KNMmhTGWgRS\/o5MSKujdZ\/UC6OqDQheI1u1BEPCZbGnDOUdZAqzoBAAVzAQO7sSmENgmyOvF2OnnlKjS7Bj9pIVCaisc7W9OarquyxBjDqT7AawJbn+dm9ThgxB9rK2ORjuSUb4zE\/26vdUeLviepvbEqAQfgIGO+O2x1EC5gfrijPBjXKeKni7Jh4bBI39FpuoSvRIhwqVpZyGuUWlVdXy2VOjM7dUUBRgHbTUS3cHvIur+1yjg6mVfOLynjJemB1uq96eqvJqIAiFPUFza\/dce8wZDMoF9misCP59Qj0xEBcby93ajucmdq0eABEXeMilGlqk3OziEEI5PTS4VVtHcQRdJcLyPp2kR4DYdyAMbQw0mtK2ZUdPKT2fBSWTw+rz7eVbw7qaXDlsYQAGAECuYpkaUFJiD4n7nwN8+mrlQFVWQ149gE3ubYYJLKGnylhZQlY9GWaIQQkl1YtAAxKYrinXz6TZBCW1UyKFJF9mh7OYr5bEkEDPvbqpSjnCYMRsz3prQlEyPCJ8riU2fS\/Yr15X1Lu2KGZuHjBUlULFz7Xd1m8JUI38pbUWU5rChrwXqU7IWxE+sFJMwx4vw6dxmjaF\/c2J3QmUnSEv3+++Y4AplDC+aEw8cz5YqFAaBK0emycGxZuqM9NKhah7uKH+oK\/yoblkJ0m8vQzuhBb4G\/hfVXfGvYNOiknS1T7RDCorBSKp2\/MnZ5fPL06TMz05OUUpzawelbDXIUI1wgYPFrjVAAiuDOpNYhWxiAYNRJoBvzNAYJELXwQyntwZQGBsYIRJGtUPyTychVXYgK7CuDBYa5Tu2ofn2JamfU4OrVVt+qQR9oIULIotSsVrq7uqOKwk0DYQDgoxNTumnK7TtBQMA5IMQp6pKtLsWczstV1QoRZlm4XaIPtFUSMj2fUz97ImMhEDEzLXwgZjy1b2lQoXGRcnZNCkRgLy0rL8+F+wesO9rLT3SX\/msyKqnBjrQxGLrRlkr079kdC4dEgdz3wfczi7VEInIoRDknmSGkRIBaIIgmQwphTw0Xfp3QX8urJ1YkztGBqNmT0FcF9stF9fyiAiELALiFFzTyaEHMhExgBGOmIY4AJMw5xU\/PhO\/qLnYJ7Is7is8vhfImUoTtS6aOfKQ3L8XUSR6pRelgT7coim9cuKiI0u6dgxMjo1gUT56\/MJ1b2ZPsw5EULudAFBhHBsUPpKsP9K0+fTHxu3yrhPkSQz8ebZEx\/9V8SI6YssABgEm8TNkPLiqn5jCWFIL4nE6qDIkYALMTq9K3z6Q7FMsEaJGsFUvcMMIGnb2103e+\/6yt5QMtFAQyPpPt62w\/dNcHq4Z59tLl1VJpeHDHpdHR8Ymp9xwcllraSSnLcMSgQAhfNfALS9EjMxERgUz4+aJ4ckWmABLmylthB24aXYlEy547X82vvHbqNKgqQVwlfM2RZnE4MhNhAATxMOEy2dbBCh+IUBTF7OISYyydTPZk2rvbWrNLS5Sx1fxybnHOQHtfhH3Hz15uzcTel9CqHLWJ9Gtvps+WxRaJAQAgUAiDa4GkazArlUxvzxef+FRF05\/4wpcZltbCv2sFCAKVsDWXDwPY3pb9ZjtSJ3uq2sJOXqEaONnHAoBuGKlkIhmPzywurlaqc7n88y8fO3fy1KsnT5kgvIb3fvNc6odXY5MV4b9nwlWKd0RNoNfoBgFgBPjGsDwQslQsEoI\/eNveWFurYRobXDAYAamt5WCJXE3NSZm6DW73SMoaqEVDipJOtGi6fvTE69mFRYpQSRRHpqYFgQzt6C+H5VWLEQwGQ6sWfk\/EBNgs7LsOUVwoFgvFUiIW6+poN6raOzaXpsMfIgSCTcs6duo0QejA7mFZFChjKBIem50lGO8Z7E+0RKumCQjSMtMYZKQ69rggCKVydXRiUjeMoZ5uqFTeqZk0H5uI0AkV1FJirZFrY\/ba9LXp1g5RJgnCe3cNRyPhdKKFM04tS5Ll7MLiQi6nynJHIl7RjPEqKVhIozgl1XFsEoyRoU9MTFQ0bbC3Gwyj7kpdP+baGdksms3K2Kyew08M+GI7AwBIILppFUqls5dH5heXqqaFCZEJKSwsnh+9OtTf29mauHJ19F+vJgoGfjihJUUK6LoQVG2DCGHKprNzVU0f6u3lBNsU3ubwB5ESQhBAsVReLZans3OaaWJMMMagayMTE6osd2baOId5jSzrgs5QUqIc1\/sFYzw1P1\/VtF0DAzgctui2dsHY4G0RemNCXgObwjavrieiTYZp0VRLfLi\/FzAmikzwtfgBQnh0ckpVlJ6uLi4KImYC5ssmiQgcaiIMjHPdMCvlcmV5ubKUM8vlqexsRdOG+nrjyaTumEuvp02HVZzDZhm34mp\/EKkgCrNLOTJyNb+6KsvS2y8UZWx6OqQog\/19RJYpo7JAnpkLnSjKKmGcsaplWroBugaMcUlSwuFMKtWRaOloTXe2pnv7ejPpVCSk9mTazl24BKp666boHf4QoaKqF6+OXxi9IkiiKLyd2YlD6nh2DjhkWtMxVc0XChxrLy\/pr2iGIeSxooTisV07B2\/fNZxJJTNtrTt6e3o6OsKqqiqyIsuKLIcUhQMM9XafO3X6lk7RO9z5SGtZzhWZOCmMNrsugXNOCOYYIUDXD0GR5dm5ufHsjCrLUWYWq+W2gR19HR07uruH+3sH+3p29ve3RKOarqeTyUg4JBBSe7KXMTbY1Q2W5XwiNp9Zm7WqrW6zILXtbNWgP7QQ3vpYbngoCaI2v3Dy\/IXD99z9o+\/9ayQU2tHbEwqF1kuuFkv\/+J3vfvdb3\/n8n3\/+6\/\/wVDIer21Z0\/UL4xNIFGtf+QK+EeGmQAhMyq5OTrd8JHbXHQdrC+imIVl6f0dKVZX1h5xz07KqmlbRtFK58n+\/e+XXR3+jplPv4MCbCbs72GrhilGd0OamXO380hIOQCVpIju7VYHWZPLJJ\/\/qwYcevm33LsuyLo2NF4ql5UJhanZ2fGpmdnZuIpt97cJFUVZESeLMaaZT7fSdcKPNh8kVoyLfBZvsgUPqm2fOXro6tmvHwPpDwzSWC6u5lUJuZSW3UsivFt549ufjk5OzM7OL+fzCanGpVDI0DVkWcBCiEVmWHcpvG8L3IlQV5fLV8a9993tP\/NHHkvH43FJuYiY7Mz83PjObn19YWV5eKZcLhlE1LWpZeM1+FwQsimo4jPE1s9i\/8gO47gKvugp7QzU3G1G3BOLyAi\/EGOWG2RaLKLJcLpYKmlYB4BwI5xg4IASEIEIIxk0xxpeOHX27bzdHvWyW0dXH691GpIwxAIQkca5U5qsljBEQQjiIogAAjHOEEL7x68UBgPO1T9r6h+1muFreGfhYhAgAENKrZYIQsyyQZIyxxSgYphQNa7ouYsIsg1EGGAPGWBBkSQLOmWVVKxUlHOZ07covKqsqxnWdqtsUdv85zYYKvM3W25ZsK1iMVVaL\/\/K3f93b0T4yNvGzF166bc\/uyyNXPvIH96UTiZ+99JuKpj35qT\/Oraz8\/MWj+4Z3nhu98tyLRyVFHWhNffov\/uy5F1+6530HX\/rtK4ceenB6bv7IMz+NJJMOu7bZfjuhRJtXHgjZH5GKTcEBLMu69\/bbj585J0jixx95eKi35+733\/Ghe+\/+3bHXroxeuW14p6lV9XL5k4cfuefg7V2ZjKXrzDIO7t\/36cc+vKs1ZZRKX\/nSk\/ccfO+p02ew5NerL3wsQgQAgrBcLL54\/MTr5y7EIhFJlE6fOfv9\/3x6\/\/69f\/LRR02LxltacqXys8+\/sLK6WixXWKmcQviRB+8fn8kO7t\/\/v0d\/m4nHj5859+aJk6FopG6P2xNNu17dBjaGsE2njkCpKJDHH7hPleXxmZnOtjZBFKbmF9raMweGh0+cuzA6Nv7jp5\/JrhY+\/ehHPrB\/b+XQQ6DInW2tM\/PzB\/bueT6VXMrn55ZyoCibn0x0PDUnng1XO1Lnnyp3RkWzRGg3IMe3AjPOjUrlMx\/7aHd725WxydfPnOkf6M\/l8vt374pFwkdf+72iqiFReOX461iRH3\/owV0DfaZpjU5Om9Xq5ZGRffv3TczODfR0Tc7Ov3H6jBIOOxzh0rGj3lbGm1FRt7AjEdaiWSbOpnDuYEMIaZoWwsQEYAgY40QgIgBivMIZBoQAREnknFuGIQESBFLlYJkGXqNhSTRNCxEsiaLz39n1Fzu7cqc5KePBmvSxUQEAnHNRFE3OEcICRoxxhMDiHBBIgrjGjWvzxIJgcW5xjhCSZBkhxBkDhARR2DJVwCfYjlpoD28+I1f8tlVf3pboFmihKxJ3NRrncPWd97ZGTvqq24W3lbHp2sOv3MdGRYA1BCL0PRzZhetwlRhi86QugXgzWhzm5jh\/VbflZn10Ghl5oIW+RyBC38PuVmBXLgObWh48OK42kB4I0H7AzuHKweZqDM6jQ4EW+h6BCH2PRk37Bn0xddnGyWCangDogVqbFS3wsHsPtND3CEToe9j9F1FXBNisTWBdb2SD7nhX2NCyt6jezU5CDLTQ9whE6Hs4+s9p63CShNhgZK7xKva1aqvbMN6GV65CbE669ja8DQi00PcIROh7OPqn6A3a7952tlu172Qjuh1co658xY24FwIt9D0CEfoezc+\/82b1byjTYNS+6fvYusNolg\/Wg4M60ELfIxCh7+FoR+oETmJAHvyc3qL2NoVthmeDDanANsPbqu6m1ZsSswu00PcIROh7uLs6qBbe6LcuozbLi+htv+3hTEGzcm5tygQ+0nctAhH6Hu6CTetokBxs+trqGJhNlQZzOLcag007rqbvbXjOt9CBFvoegQh9j5t4ULvBtB\/n8HYEwEMI3gkluoqOeQtIbagVaKHvEYjQ92g+kboyabfaBDqJH928MJlzfmvwGFeQRxoAIBDhuwB29844qt\/AkRzYepPWrBx7V+00eMqgbvu1HTXlTEGghb5HIELfw9ER0QbR3AabdfCqkb2uK0eot921cxs\/0ELfIxCh7+HvexwDQKCF7wL8P9lqEsaD3iV3AAAAAElFTkSuQmCC\" data-position=\"block\"><\/button>\n    <\/div>\n<div class=\"ar-reset-btn-container\">\n                    <button id=\"ar-reset_3778\" type=\"button\" class=\"asasa ar-reset\" onclick=\"document.getElementById('model_3778').setAttribute('camera-orbit', '');return getData()\"><img decoding=\"async\" src=\"https:\/\/hoanggiafurniture.com\/wp-content\/plugins\/ar-for-woocommerce\/assets\/images\/reset.png\"><\/button>\n                    <\/div><div class=\"ar-popup-btn-container hide_on_devices\"><button id=\"ar_pop_Btn_3778\" type=\"button\" class=\"ar_popup-btn hide_on_devices\"><img decoding=\"async\" src=\"https:\/\/hoanggiafurniture.com\/wp-content\/plugins\/ar-for-woocommerce\/assets\/images\/fullscreen.png\" class=\"ar-fullscreen_btn-img\"><\/button><\/div><input type=\"hidden\" id=\"src_3778\" value=\"https:\/\/dichvuseohochiminh.com\/wp-content\/uploads\/2025\/12\/Woven_Elegance_Chair_1202041125_texture.glb\">\n            <button slot=\"hotspot-dot+X-Y+Z\" class=\"dot nodisplay\" data-position=\"1 -1 1\" data-normal=\"1 0 0\"><\/button>\n            <button slot=\"hotspot-dim+X-Y\" class=\"dimension nodisplay\" data-position=\"1 -1 0\" data-normal=\"1 0 0\"><\/button>\n            <button slot=\"hotspot-dot+X-Y-Z\" class=\"dot nodisplay\" data-position=\"1 -1 -1\" data-normal=\"1 0 0\"><\/button>\n            <button slot=\"hotspot-dim+X-Z\" class=\"dimension nodisplay\" data-position=\"1 0 -1\" data-normal=\"1 0 0\"><\/button>\n            <button slot=\"hotspot-dot+X+Y-Z\" class=\"dot nodisplay\" data-position=\"1 1 -1\" data-normal=\"0 1 0\"><\/button>\n            <button slot=\"hotspot-dim+Y-Z\" class=\"dimension nodisplay\" data-position=\"0 -1 -1\" data-normal=\"0 1 0\"><\/button>\n            <button slot=\"hotspot-dot-X+Y-Z\" class=\"dot nodisplay\" data-position=\"-1 1 -1\" data-normal=\"0 1 0\"><\/button>\n            <button slot=\"hotspot-dim-X-Z\" class=\"dimension nodisplay\" data-position=\"-1 0 -1\" data-normal=\"-1 0 0\"><\/button>\n            <button slot=\"hotspot-dot-X-Y-Z\" class=\"dot nodisplay\" data-position=\"-1 -1 -1\" data-normal=\"-1 0 0\"><\/button>\n            <button slot=\"hotspot-dim-X-Y\" class=\"dimension nodisplay\" data-position=\"-1 -1 0\" data-normal=\"-1 0 0\"><\/button>\n            <button slot=\"hotspot-dot-X-Y+Z\" class=\"dot nodisplay\" data-position=\"-1 -1 1\" data-normal=\"-1 0 0\"><\/button>\n                <div id=\"controls\" class=\"dimension ar-dimension-control\">\n                    Dimensions:\n                    <input id=\"show-dimensions_3778\" type=\"checkbox\" style=\"cursor: pointer\">\n                <\/div>\n    <\/model-viewer>\n\n        <input type=\"hidden\" name=\"_ar_material_states\"  id=\"_ar_material_states\" value=\"{&quot;0&quot;:{&quot;texture&quot;:&quot;adhoc_image0&quot;,&quot;texture_url&quot;:&quot;adhoc_image0&quot;,&quot;texture_uploaded&quot;:0,&quot;basecolor&quot;:&quot;#ffffff&quot;,&quot;metallic&quot;:0,&quot;roughness&quot;:0.8,&quot;metallic_texture&quot;:&quot;none&quot;,&quot;metallic_texture_url&quot;:null,&quot;metallic_texture_uploaded&quot;:0,&quot;alphaMode&quot;:&quot;OPAQUE&quot;}}\" data-ar-instance=\"ar_instance_1\">\n\n\n        <script>\n    jQuery(document).ready(function () {\n            \n        \/\/ Model initialization\n        const options = {\n            ar_x: 1,\n            ar_y: 1,\n            ar_z: 1,\n            ar_pop: '',\n            suffix: '',\n            ar_dimensions_units: '',\n            ar_hide_fullscreen: false,\n            ar_model_list: 1,\n            ar_variants: '',\n            id: '3778',\n            instanceId: 'ar_instance_1',\n            pluginId: 'ar-for-woocommerce'\n        };\n    \n        window['model_3778'] = ARModelViewer('3778', options);\n    });\n    <\/script>\n    \n<\/div>\n\n\n<p>TH\u00d4NG S\u1ed0 V\u1eacN CHUY\u1ec2N &amp; \u0110\u00d3NG G\u00d3I<\/p>\n<table class=\"table-export\">\n<tbody>\n<tr>\n<td>Ph\u01b0\u01a1ng th\u1ee9c v\u1eadn chuy\u1ec3n<\/td>\n<td>T\u00e0u bi\u1ec3n (Sea Freight)<\/td>\n<\/tr>\n<tr>\n<td>S\u1ed1 l\u01b0\u1ee3ng theo container<\/td>\n<td>40HC: ~140 b\u1ed9<br \/>\n40DC: ~110 b\u1ed9<br \/>\n20FT: ~60 b\u1ed9<\/td>\n<\/tr>\n<tr>\n<td>FedEx \/ Gurtmass<\/td>\n<td>D\u00f9ng cho m\u1eabu th\u1eed \u2014 g\u1eedi 1 b\u00e0n + 1 gh\u1ebf ho\u1eb7c ch\u1ec9 gh\u1ebf<\/td>\n<\/tr>\n<tr>\n<td>K\u00edch th\u01b0\u1edbc th\u00f9ng (D \u00d7 R \u00d7 C)<\/td>\n<td>B\u00e0n: 205 \u00d7 95 \u00d7 20 cm<br \/>\nGh\u1ebf (2 c\u00e1i\/th\u00f9ng): 62 \u00d7 62 \u00d7 130 cm<\/td>\n<\/tr>\n<tr>\n<td>Th\u1ec3 t\u00edch (Volum \/ CBM)<\/td>\n<td>B\u00e0n: 0.39 m\u00b3<br \/>\nGh\u1ebf (2 c\u00e1i): 0.50 m\u00b3<\/td>\n<\/tr>\n<tr>\n<td>Tr\u1ecdng l\u01b0\u1ee3ng<\/td>\n<td>NW (Net Weight): B\u00e0n ~32 kg \u2013 Gh\u1ebf ~8 kg\/chi\u1ebfc<br \/>\nGW (Gross Weight): B\u00e0n ~40 kg \u2013 Th\u00f9ng gh\u1ebf (2 c\u00e1i) ~22 kg<\/td>\n<\/tr>\n<\/tbody>\n<\/table>\n<p>&nbsp;<\/p>\n","protected":false},"featured_media":4528,"comment_status":"closed","ping_status":"closed","template":"","meta":[],"product_brand":[],"product_cat":[137],"product_tag":[],"class_list":{"0":"post-4848","1":"product","2":"type-product","3":"status-publish","4":"has-post-thumbnail","6":"product_cat-dinning-set-de","8":"first","9":"instock","10":"shipping-taxable","11":"product-type-simple"},"_links":{"self":[{"href":"https:\/\/hoanggiafurniture.com\/de\/wp-json\/wp\/v2\/product\/4848","targetHints":{"allow":["GET"]}}],"collection":[{"href":"https:\/\/hoanggiafurniture.com\/de\/wp-json\/wp\/v2\/product"}],"about":[{"href":"https:\/\/hoanggiafurniture.com\/de\/wp-json\/wp\/v2\/types\/product"}],"replies":[{"embeddable":true,"href":"https:\/\/hoanggiafurniture.com\/de\/wp-json\/wp\/v2\/comments?post=4848"}],"wp:featuredmedia":[{"embeddable":true,"href":"https:\/\/hoanggiafurniture.com\/de\/wp-json\/wp\/v2\/media\/4528"}],"wp:attachment":[{"href":"https:\/\/hoanggiafurniture.com\/de\/wp-json\/wp\/v2\/media?parent=4848"}],"wp:term":[{"taxonomy":"product_brand","embeddable":true,"href":"https:\/\/hoanggiafurniture.com\/de\/wp-json\/wp\/v2\/product_brand?post=4848"},{"taxonomy":"product_cat","embeddable":true,"href":"https:\/\/hoanggiafurniture.com\/de\/wp-json\/wp\/v2\/product_cat?post=4848"},{"taxonomy":"product_tag","embeddable":true,"href":"https:\/\/hoanggiafurniture.com\/de\/wp-json\/wp\/v2\/product_tag?post=4848"}],"curies":[{"name":"wp","href":"https:\/\/api.w.org\/{rel}","templated":true}]}}