{"id":5136,"date":"2026-01-12T06:57:27","date_gmt":"2026-01-11T23:57:27","guid":{"rendered":"https:\/\/hoanggiafurniture.com\/product\/5115"},"modified":"2026-01-12T08:29:14","modified_gmt":"2026-01-12T01:29:14","slug":"5115","status":"publish","type":"product","link":"https:\/\/hoanggiafurniture.com\/de\/produkt\/5115","title":{"rendered":"Gh\u1ebf G\u1ea5p Ngo\u00e0i Tr\u1eddi Khung Kim Lo\u1ea1i \u2013 Thi\u1ebft K\u1ebf Hi\u1ec7n \u0110\u1ea1i, G\u1ecdn Nh\u1eb9 &#038; B\u1ec1n B\u1ec9"},"content":{"rendered":"<p data-start=\"680\" data-end=\"978\">Gh\u1ebf g\u1ea5p ngo\u00e0i tr\u1eddi khung kim lo\u1ea1i l\u00e0 l\u1ef1a ch\u1ecdn l\u00fd t\u01b0\u1edfng cho nh\u1eefng kh\u00f4ng gian s\u1ed1ng hi\u1ec7n \u0111\u1ea1i, y\u00eau c\u1ea7u <strong data-start=\"779\" data-end=\"828\">t\u00ednh linh ho\u1ea1t \u2013 \u0111\u1ed9 b\u1ec1n cao \u2013 th\u1ea9m m\u1ef9 tinh t\u1ebf<\/strong>. S\u1ea3n ph\u1ea9m \u0111\u01b0\u1ee3c thi\u1ebft k\u1ebf theo phong c\u00e1ch t\u1ed1i gi\u1ea3n, ph\u00f9 h\u1ee3p s\u1eed d\u1ee5ng cho <strong data-start=\"899\" data-end=\"977\">s\u00e2n v\u01b0\u1eddn, ban c\u00f4ng, s\u00e2n th\u01b0\u1ee3ng, qu\u00e1n c\u00e0 ph\u00ea, resort ho\u1eb7c picnic ngo\u00e0i tr\u1eddi<\/strong>.<\/p>\n<p data-start=\"980\" data-end=\"1211\">Khung gh\u1ebf \u0111\u01b0\u1ee3c l\u00e0m t\u1eeb <strong data-start=\"1002\" data-end=\"1036\">kim lo\u1ea1i s\u01a1n t\u0129nh \u0111i\u1ec7n cao c\u1ea5p<\/strong>, gi\u00fap ch\u1ed1ng g\u1ec9 s\u00e9t, ch\u1ecbu l\u1ef1c t\u1ed1t v\u00e0 b\u1ec1n b\u1ec9 tr\u01b0\u1edbc t\u00e1c \u0111\u1ed9ng c\u1ee7a th\u1eddi ti\u1ebft. Ph\u1ea7n <strong data-start=\"1115\" data-end=\"1158\">m\u1eb7t ng\u1ed3i v\u00e0 t\u1ef1a l\u01b0ng b\u1eb1ng l\u01b0\u1edbi kim lo\u1ea1i<\/strong> t\u1ea1o c\u1ea3m gi\u00e1c tho\u00e1ng m\u00e1t, kh\u00f4ng b\u00ed l\u01b0ng khi ng\u1ed3i l\u00e2u.<\/p>\n<p data-start=\"1213\" data-end=\"1429\">\u0110i\u1ec3m nh\u1ea5n c\u1ee7a s\u1ea3n ph\u1ea9m n\u1eb1m \u1edf <strong data-start=\"1242\" data-end=\"1268\">tay v\u1ecbn \u1ed1p g\u1ed7 t\u1ef1 nhi\u00ean<\/strong>, v\u1eeba t\u0103ng t\u00ednh th\u1ea9m m\u1ef9 v\u1eeba mang l\u1ea1i c\u1ea3m gi\u00e1c \u00eam \u00e1i, d\u1ec5 ch\u1ecbu khi s\u1eed d\u1ee5ng. Thi\u1ebft k\u1ebf <strong data-start=\"1351\" data-end=\"1373\">gh\u1ebf g\u1ea5p th\u00f4ng minh<\/strong> gi\u00fap ti\u1ebft ki\u1ec7m di\u1ec7n t\u00edch, d\u1ec5 d\u00e0ng g\u1ea5p g\u1ecdn v\u00e0 di chuy\u1ec3n.<\/p>\n<div class=\"row\"  id=\"row-950343015\">\n\n\t<div id=\"col-1209722573\" class=\"col medium-6 small-12 large-6\"  >\n\t\t\t\t<div class=\"col-inner\"  >\n\t\t\t\n\t\t\t\n<h2 data-start=\"1436\" data-end=\"1456\">\u2b50 \u01afu \u0111i\u1ec3m n\u1ed5i b\u1eadt<\/h2>\n<ul data-start=\"1458\" data-end=\"1836\">\n<li data-start=\"1458\" data-end=\"1531\">\n<p data-start=\"1460\" data-end=\"1531\">\u2705 <strong data-start=\"1462\" data-end=\"1493\">Thi\u1ebft k\u1ebf g\u1ea5p g\u1ecdn th\u00f4ng minh<\/strong> \u2013 ti\u1ebft ki\u1ec7m kh\u00f4ng gian, d\u1ec5 b\u1ea3o qu\u1ea3n<\/p>\n<\/li>\n<li data-start=\"1532\" data-end=\"1595\">\n<p data-start=\"1534\" data-end=\"1595\">\u2705 <strong data-start=\"1536\" data-end=\"1568\">Khung kim lo\u1ea1i s\u01a1n t\u0129nh \u0111i\u1ec7n<\/strong> \u2013 ch\u1ed1ng g\u1ec9, ch\u1ecbu l\u1ef1c t\u1ed1t<\/p>\n<\/li>\n<li data-start=\"1596\" data-end=\"1663\">\n<p data-start=\"1598\" data-end=\"1663\">\u2705 <strong data-start=\"1600\" data-end=\"1637\">M\u1eb7t ng\u1ed3i &amp; t\u1ef1a l\u01b0ng l\u01b0\u1edbi kim lo\u1ea1i<\/strong> \u2013 tho\u00e1ng kh\u00ed, nhanh kh\u00f4<\/p>\n<\/li>\n<li data-start=\"1664\" data-end=\"1717\">\n<p data-start=\"1666\" data-end=\"1717\">\u2705 <strong data-start=\"1668\" data-end=\"1694\">Tay v\u1ecbn \u1ed1p g\u1ed7 t\u1ef1 nhi\u00ean<\/strong> \u2013 sang tr\u1ecdng, \u00eam tay<\/p>\n<\/li>\n<li data-start=\"1718\" data-end=\"1789\">\n<p data-start=\"1720\" data-end=\"1789\">\u2705 <strong data-start=\"1722\" data-end=\"1756\">Phong c\u00e1ch hi\u1ec7n \u0111\u1ea1i \u2013 t\u1ed1i gi\u1ea3n<\/strong> \u2013 d\u1ec5 ph\u1ed1i v\u1edbi nhi\u1ec1u kh\u00f4ng gian<\/p>\n<\/li>\n<li data-start=\"1790\" data-end=\"1836\">\n<p data-start=\"1792\" data-end=\"1836\">\u2705 Ph\u00f9 h\u1ee3p s\u1eed d\u1ee5ng <strong data-start=\"1810\" data-end=\"1836\">trong nh\u00e0 &amp; ngo\u00e0i tr\u1eddi<\/strong><\/p>\n<\/li>\n<\/ul>\n\t\t<\/div>\n\t\t\t\t\t<\/div>\n\n\t\n\n\t<div id=\"col-1152586632\" class=\"col medium-6 small-12 large-6\"  >\n\t\t\t\t<div class=\"col-inner\"  >\n\t\t\t\n\t\t\t\n\t<div class=\"img has-hover x md-x lg-x y md-y lg-y\" id=\"image_1746989868\">\n\t\t\t\t\t\t\t\t<div class=\"img-inner dark\" >\n\t\t\t<img decoding=\"async\" width=\"1020\" height=\"680\" src=\"https:\/\/hoanggiafurniture.com\/wp-content\/uploads\/2026\/01\/lifestyle-shot-82ae0ddb-d84a-44a0-bc46-e2fcf4f5dbf5.jpeg\" class=\"attachment-large size-large\" alt=\"\" srcset=\"https:\/\/hoanggiafurniture.com\/wp-content\/uploads\/2026\/01\/lifestyle-shot-82ae0ddb-d84a-44a0-bc46-e2fcf4f5dbf5.jpeg 1248w, https:\/\/hoanggiafurniture.com\/wp-content\/uploads\/2026\/01\/lifestyle-shot-82ae0ddb-d84a-44a0-bc46-e2fcf4f5dbf5-700x467.jpeg 700w\" sizes=\"(max-width: 1020px) 100vw, 1020px\" \/>\t\t\t\t\t\t\n\t\t\t\t\t<\/div>\n\t\t\t\t\t\t\t\t\n<style>\n#image_1746989868 {\n  width: 100%;\n}\n<\/style>\n\t<\/div>\n\t\n\t\t<\/div>\n\t\t\t\t\t<\/div>\n\n\t\n<\/div>\n<div class=\"row\"  id=\"row-1400428515\">\n\n\t<div id=\"col-319246109\" class=\"col medium-6 small-12 large-6\"  >\n\t\t\t\t<div class=\"col-inner\"  >\n\t\t\t\n\t\t\t\n\t<div class=\"img has-hover x md-x lg-x y md-y lg-y\" id=\"image_1888362074\">\n\t\t\t\t\t\t\t\t<div class=\"img-inner dark\" >\n\t\t\t<img decoding=\"async\" width=\"1020\" height=\"680\" src=\"https:\/\/hoanggiafurniture.com\/wp-content\/uploads\/2026\/01\/lifestyle-shot-777188c4-7f1a-47cb-bb20-12cea5716283.jpeg\" class=\"attachment-large size-large\" alt=\"\" srcset=\"https:\/\/hoanggiafurniture.com\/wp-content\/uploads\/2026\/01\/lifestyle-shot-777188c4-7f1a-47cb-bb20-12cea5716283.jpeg 1248w, https:\/\/hoanggiafurniture.com\/wp-content\/uploads\/2026\/01\/lifestyle-shot-777188c4-7f1a-47cb-bb20-12cea5716283-700x467.jpeg 700w\" sizes=\"(max-width: 1020px) 100vw, 1020px\" \/>\t\t\t\t\t\t\n\t\t\t\t\t<\/div>\n\t\t\t\t\t\t\t\t\n<style>\n#image_1888362074 {\n  width: 100%;\n}\n<\/style>\n\t<\/div>\n\t\n\t\t<\/div>\n\t\t\t\t\t<\/div>\n\n\t\n\n\t<div id=\"col-331737658\" class=\"col medium-6 small-12 large-6\"  >\n\t\t\t\t<div class=\"col-inner\"  >\n\t\t\t\n\t\t\t\n<h2 data-start=\"2174\" data-end=\"2209\">\ud83c\udfe1 \u1ee8ng d\u1ee5ng &amp; kh\u00f4ng gian s\u1eed d\u1ee5ng<\/h2>\n<ul data-start=\"2211\" data-end=\"2431\">\n<li data-start=\"2211\" data-end=\"2248\">\n<p data-start=\"2213\" data-end=\"2248\">\ud83c\udf3f S\u00e2n v\u01b0\u1eddn, s\u00e2n th\u01b0\u1ee3ng, ban c\u00f4ng<\/p>\n<\/li>\n<li data-start=\"2249\" data-end=\"2297\">\n<p data-start=\"2251\" data-end=\"2297\">\u2615 Qu\u00e1n c\u00e0 ph\u00ea, qu\u00e1n tr\u00e0, nh\u00e0 h\u00e0ng ngo\u00e0i tr\u1eddi<\/p>\n<\/li>\n<li data-start=\"2298\" data-end=\"2338\">\n<p data-start=\"2300\" data-end=\"2338\">\ud83c\udfd6\ufe0f Resort, homestay, khu ngh\u1ec9 d\u01b0\u1ee1ng<\/p>\n<\/li>\n<li data-start=\"2339\" data-end=\"2372\">\n<p data-start=\"2341\" data-end=\"2372\">\ud83c\udfa3 D\u00e3 ngo\u1ea1i, picnic, c\u1eafm tr\u1ea1i<\/p>\n<\/li>\n<li data-start=\"2373\" data-end=\"2431\">\n<p data-start=\"2375\" data-end=\"2431\">\ud83c\udfe0 Kh\u00f4ng gian trong nh\u00e0 phong c\u00e1ch t\u1ed1i gi\u1ea3n \u2013 industrial<\/p>\n<\/li>\n<\/ul>\n\t\t<\/div>\n\t\t\t\t\t<\/div>\n\n\t\n<\/div>\n<div class=\"row\"  id=\"row-1897461602\">\n\n\t<div id=\"col-378221576\" class=\"col medium-6 small-12 large-6\"  >\n\t\t\t\t<div class=\"col-inner\"  >\n\t\t\t\n\t\t\t\n<h2 data-start=\"2438\" data-end=\"2472\">\ud83d\udd27 H\u01b0\u1edbng d\u1eabn s\u1eed d\u1ee5ng &amp; b\u1ea3o qu\u1ea3n<\/h2>\n<ul data-start=\"2474\" data-end=\"2684\">\n<li data-start=\"2474\" data-end=\"2526\">\n<p data-start=\"2476\" data-end=\"2526\">G\u1ea5p g\u1ecdn khi kh\u00f4ng s\u1eed d\u1ee5ng \u0111\u1ec3 ti\u1ebft ki\u1ec7m di\u1ec7n t\u00edch<\/p>\n<\/li>\n<li data-start=\"2527\" data-end=\"2581\">\n<p data-start=\"2529\" data-end=\"2581\">Lau ch\u00f9i b\u1eb1ng kh\u0103n \u1ea9m, tr\u00e1nh h\u00f3a ch\u1ea5t t\u1ea9y r\u1eeda m\u1ea1nh<\/p>\n<\/li>\n<li data-start=\"2582\" data-end=\"2619\">\n<p data-start=\"2584\" data-end=\"2619\">H\u1ea1n ch\u1ebf \u0111\u1ec3 gh\u1ebf ng\u00e2m n\u01b0\u1edbc l\u00e2u ng\u00e0y<\/p>\n<\/li>\n<li data-start=\"2620\" data-end=\"2684\">\n<p data-start=\"2622\" data-end=\"2684\">N\u00ean b\u1ea3o qu\u1ea3n n\u01a1i kh\u00f4 r\u00e1o khi kh\u00f4ng s\u1eed d\u1ee5ng trong th\u1eddi gian d\u00e0i<\/p>\n<\/li>\n<\/ul>\n\t\t<\/div>\n\t\t\t\t\t<\/div>\n\n\t\n\n\t<div id=\"col-1460227020\" class=\"col medium-6 small-12 large-6\"  >\n\t\t\t\t<div class=\"col-inner\"  >\n\t\t\t\n\t\t\t\n\t<div class=\"img has-hover x md-x lg-x y md-y lg-y\" id=\"image_1790386476\">\n\t\t\t\t\t\t\t\t<div class=\"img-inner dark\" >\n\t\t\t<img decoding=\"async\" width=\"1020\" height=\"680\" src=\"https:\/\/hoanggiafurniture.com\/wp-content\/uploads\/2026\/01\/lifestyle-shot-dd3069e8-a390-4a80-b400-cf8f7a214937.jpeg\" class=\"attachment-large size-large\" alt=\"\" srcset=\"https:\/\/hoanggiafurniture.com\/wp-content\/uploads\/2026\/01\/lifestyle-shot-dd3069e8-a390-4a80-b400-cf8f7a214937.jpeg 1248w, https:\/\/hoanggiafurniture.com\/wp-content\/uploads\/2026\/01\/lifestyle-shot-dd3069e8-a390-4a80-b400-cf8f7a214937-700x467.jpeg 700w\" sizes=\"(max-width: 1020px) 100vw, 1020px\" \/>\t\t\t\t\t\t\n\t\t\t\t\t<\/div>\n\t\t\t\t\t\t\t\t\n<style>\n#image_1790386476 {\n  width: 100%;\n}\n<\/style>\n\t<\/div>\n\t\n\t\t<\/div>\n\t\t\t\t\t<\/div>\n\n\t\n<\/div>\n","protected":false},"excerpt":{"rendered":"<table>\n<thead>\n<tr>\n<th>Th\u00f4ng s\u1ed1<\/th>\n<th>K\u00edch th\u01b0\u1edbc<\/th>\n<\/tr>\n<\/thead>\n<tbody>\n<tr>\n<td>Chi\u1ec1u r\u1ed9ng<\/td>\n<td>58 cm<\/td>\n<\/tr>\n<tr>\n<td>Chi\u1ec1u s\u00e2u<\/td>\n<td>60 cm<\/td>\n<\/tr>\n<tr>\n<td>Chi\u1ec1u cao t\u1ed5ng th\u1ec3<\/td>\n<td>80 cm<\/td>\n<\/tr>\n<tr>\n<td>Chi\u1ec1u cao m\u1eb7t ng\u1ed3i<\/td>\n<td>45 cm<\/td>\n<\/tr>\n<tr>\n<td>Ch\u1ea5t li\u1ec7u khung<\/td>\n<td>Kim lo\u1ea1i s\u01a1n t\u0129nh \u0111i\u1ec7n<\/td>\n<\/tr>\n<tr>\n<td>M\u1eb7t ng\u1ed3i &amp; t\u1ef1a l\u01b0ng<\/td>\n<td>L\u01b0\u1edbi kim lo\u1ea1i<\/td>\n<\/tr>\n<tr>\n<td>Tay v\u1ecbn<\/td>\n<td>G\u1ed7 t\u1ef1 nhi\u00ean<\/td>\n<\/tr>\n<tr>\n<td>Ki\u1ec3u d\u00e1ng<\/td>\n<td>Gh\u1ebf g\u1ea5p<\/td>\n<\/tr>\n<\/tbody>\n<\/table>\n","protected":false},"featured_media":5118,"comment_status":"closed","ping_status":"closed","template":"","meta":[],"product_brand":[],"product_cat":[133,143,131],"product_tag":[],"class_list":{"0":"post-5136","1":"product","2":"type-product","3":"status-publish","4":"has-post-thumbnail","6":"product_cat-chairs-de","7":"product_cat-san-pham-de","8":"product_cat-tat-ca-san-pham-de","10":"first","11":"instock","12":"shipping-taxable","13":"product-type-simple"},"_links":{"self":[{"href":"https:\/\/hoanggiafurniture.com\/de\/wp-json\/wp\/v2\/product\/5136","targetHints":{"allow":["GET"]}}],"collection":[{"href":"https:\/\/hoanggiafurniture.com\/de\/wp-json\/wp\/v2\/product"}],"about":[{"href":"https:\/\/hoanggiafurniture.com\/de\/wp-json\/wp\/v2\/types\/product"}],"replies":[{"embeddable":true,"href":"https:\/\/hoanggiafurniture.com\/de\/wp-json\/wp\/v2\/comments?post=5136"}],"wp:featuredmedia":[{"embeddable":true,"href":"https:\/\/hoanggiafurniture.com\/de\/wp-json\/wp\/v2\/media\/5118"}],"wp:attachment":[{"href":"https:\/\/hoanggiafurniture.com\/de\/wp-json\/wp\/v2\/media?parent=5136"}],"wp:term":[{"taxonomy":"product_brand","embeddable":true,"href":"https:\/\/hoanggiafurniture.com\/de\/wp-json\/wp\/v2\/product_brand?post=5136"},{"taxonomy":"product_cat","embeddable":true,"href":"https:\/\/hoanggiafurniture.com\/de\/wp-json\/wp\/v2\/product_cat?post=5136"},{"taxonomy":"product_tag","embeddable":true,"href":"https:\/\/hoanggiafurniture.com\/de\/wp-json\/wp\/v2\/product_tag?post=5136"}],"curies":[{"name":"wp","href":"https:\/\/api.w.org\/{rel}","templated":true}]}}