{"id":5230,"date":"2026-01-15T07:37:17","date_gmt":"2026-01-15T00:37:17","guid":{"rendered":"https:\/\/hoanggia.de\/?post_type=product&#038;p=5230"},"modified":"2026-01-15T07:40:13","modified_gmt":"2026-01-15T00:40:13","slug":"outdoor-folding-chair-with-polywood-armrests","status":"publish","type":"product","link":"https:\/\/hoanggiafurniture.com\/de\/product\/outdoor-folding-chair-with-polywood-armrests","title":{"rendered":"Outdoor Folding Chair with Polywood Armrests"},"content":{"rendered":"<p data-start=\"440\" data-end=\"682\">Gh\u1ebf ngo\u00e0i tr\u1eddi g\u1ea5p g\u1ecdn \u0111\u01b0\u1ee3c thi\u1ebft k\u1ebf theo phong c\u00e1ch hi\u1ec7n \u0111\u1ea1i, t\u1eadp trung v\u00e0o t\u00ednh ti\u1ec7n d\u1ee5ng v\u00e0 \u0111\u1ed9 b\u1ec1n khi s\u1eed d\u1ee5ng ngo\u00e0i tr\u1eddi. Khung gh\u1ebf l\u00e0m t\u1eeb <strong data-start=\"583\" data-end=\"609\">kim lo\u1ea1i s\u01a1n t\u0129nh \u0111i\u1ec7n<\/strong>, gi\u00fap t\u0103ng kh\u1ea3 n\u0103ng ch\u1ed1ng g\u1ec9 v\u00e0 ch\u1ecbu \u0111\u01b0\u1ee3c \u0111i\u1ec1u ki\u1ec7n th\u1eddi ti\u1ebft kh\u00e1c nhau.<\/p>\n<p data-start=\"684\" data-end=\"942\">Ph\u1ea7n <strong data-start=\"689\" data-end=\"732\">m\u1eb7t ng\u1ed3i v\u00e0 t\u1ef1a l\u01b0ng b\u1eb1ng l\u01b0\u1edbi kim lo\u1ea1i<\/strong> gi\u00fap tho\u00e1ng kh\u00ed, kh\u00f4ng \u0111\u1ecdng n\u01b0\u1edbc, mang l\u1ea1i c\u1ea3m gi\u00e1c tho\u1ea3i m\u00e1i khi ng\u1ed3i l\u00e2u. <strong data-start=\"809\" data-end=\"837\">Tay gh\u1ebf s\u1eed d\u1ee5ng Polywood<\/strong> \u2013 v\u1eadt li\u1ec7u t\u1ed5ng h\u1ee3p cao c\u1ea5p, c\u00f3 b\u1ec1 m\u1eb7t v\u00e2n g\u1ed7, b\u1ec1n m\u00e0u, kh\u00f4ng cong v\u00eanh v\u00e0 d\u1ec5 b\u1ea3o d\u01b0\u1ee1ng h\u01a1n g\u1ed7 t\u1ef1 nhi\u00ean.<\/p>\n<p data-start=\"944\" data-end=\"1140\">Thi\u1ebft k\u1ebf <strong data-start=\"953\" data-end=\"974\">g\u1ea5p g\u1ecdn linh ho\u1ea1t<\/strong> gi\u00fap ti\u1ebft ki\u1ec7m di\u1ec7n t\u00edch khi kh\u00f4ng s\u1eed d\u1ee5ng, thu\u1eadn ti\u1ec7n cho vi\u1ec7c l\u01b0u kho v\u00e0 v\u1eadn chuy\u1ec3n, \u0111\u1eb7c bi\u1ec7t ph\u00f9 h\u1ee3p cho kh\u00f4ng gian th\u01b0\u01a1ng m\u1ea1i nh\u01b0 qu\u00e1n caf\u00e9, nh\u00e0 h\u00e0ng, kh\u00e1ch s\u1ea1n.<\/p>\n<div class=\"row\"  id=\"row-827099214\">\n\n\t<div id=\"col-1274054723\" class=\"col medium-6 small-12 large-6\"  >\n\t\t\t\t<div class=\"col-inner\"  >\n\t\t\t\n\t\t\t\n\t<div class=\"img has-hover x md-x lg-x y md-y lg-y\" id=\"image_1607643935\">\n\t\t\t\t\t\t\t\t<div class=\"img-inner dark\" >\n\t\t\t<img decoding=\"async\" width=\"1020\" height=\"680\" src=\"https:\/\/hoanggiafurniture.com\/wp-content\/uploads\/2026\/01\/lifestyle-shot-bcde201d-a04c-46c9-96f8-4d5c2b15976b.jpeg\" class=\"attachment-large size-large\" alt=\"\" srcset=\"https:\/\/hoanggiafurniture.com\/wp-content\/uploads\/2026\/01\/lifestyle-shot-bcde201d-a04c-46c9-96f8-4d5c2b15976b.jpeg 1248w, https:\/\/hoanggiafurniture.com\/wp-content\/uploads\/2026\/01\/lifestyle-shot-bcde201d-a04c-46c9-96f8-4d5c2b15976b-700x467.jpeg 700w\" sizes=\"(max-width: 1020px) 100vw, 1020px\" \/>\t\t\t\t\t\t\n\t\t\t\t\t<\/div>\n\t\t\t\t\t\t\t\t\n<style>\n#image_1607643935 {\n  width: 100%;\n}\n<\/style>\n\t<\/div>\n\t\n\t\t<\/div>\n\t\t\t\t\t<\/div>\n\n\t\n\n\t<div id=\"col-797450843\" class=\"col medium-6 small-12 large-6\"  >\n\t\t\t\t<div class=\"col-inner\"  >\n\t\t\t\n\t\t\t\n<h3 data-start=\"1147\" data-end=\"1168\">\u2b50 \u01afu \u0111i\u1ec3m n\u1ed5i b\u1eadt<\/h3>\n<ul data-start=\"1169\" data-end=\"1380\">\n<li data-start=\"1169\" data-end=\"1208\">\n<p data-start=\"1171\" data-end=\"1208\">Khung kim lo\u1ea1i s\u01a1n t\u0129nh \u0111i\u1ec7n b\u1ec1n b\u1ec9<\/p>\n<\/li>\n<li data-start=\"1209\" data-end=\"1248\">\n<p data-start=\"1211\" data-end=\"1248\">L\u01b0\u1edbi kim lo\u1ea1i tho\u00e1ng kh\u00ed, nhanh kh\u00f4<\/p>\n<\/li>\n<li data-start=\"1249\" data-end=\"1289\">\n<p data-start=\"1251\" data-end=\"1289\">Tay v\u1ecbn Polywood th\u1ea9m m\u1ef9, \u00edt b\u1ea3o tr\u00ec<\/p>\n<\/li>\n<li data-start=\"1290\" data-end=\"1332\">\n<p data-start=\"1292\" data-end=\"1332\">Thi\u1ebft k\u1ebf g\u1ea5p g\u1ecdn, ti\u1ebft ki\u1ec7m kh\u00f4ng gian<\/p>\n<\/li>\n<li data-start=\"1333\" data-end=\"1380\">\n<p data-start=\"1335\" data-end=\"1380\">Ph\u00f9 h\u1ee3p s\u1eed d\u1ee5ng ngo\u00e0i tr\u1eddi &amp; b\u00e1n ngo\u00e0i tr\u1eddi<\/p>\n<\/li>\n<\/ul>\n\t\t<\/div>\n\t\t\t\t\t<\/div>\n\n\t\n<\/div>\n","protected":false},"excerpt":{"rendered":"<h3 data-start=\"1387\" data-end=\"1411\">\ud83d\udcd0 Th\u00f4ng s\u1ed1 k\u1ef9 thu\u1eadt<\/h3>\n<div class=\"TyagGW_tableContainer\">\n<div class=\"group TyagGW_tableWrapper flex flex-col-reverse w-fit\" tabindex=\"-1\">\n<table class=\"w-fit min-w-(--thread-content-width)\" data-start=\"1413\" data-end=\"1725\">\n<thead data-start=\"1413\" data-end=\"1439\">\n<tr data-start=\"1413\" data-end=\"1439\">\n<th data-start=\"1413\" data-end=\"1426\" data-col-size=\"sm\">Thu\u1ed9c t\u00ednh<\/th>\n<th data-start=\"1426\" data-end=\"1439\" data-col-size=\"sm\">Th\u00f4ng tin<\/th>\n<\/tr>\n<\/thead>\n<tbody data-start=\"1462\" data-end=\"1725\">\n<tr data-start=\"1462\" data-end=\"1504\">\n<td data-start=\"1462\" data-end=\"1478\" data-col-size=\"sm\">Lo\u1ea1i s\u1ea3n ph\u1ea9m<\/td>\n<td data-col-size=\"sm\" data-start=\"1478\" data-end=\"1504\">Gh\u1ebf ngo\u00e0i tr\u1eddi g\u1ea5p g\u1ecdn<\/td>\n<\/tr>\n<tr data-start=\"1505\" data-end=\"1549\">\n<td data-start=\"1505\" data-end=\"1523\" data-col-size=\"sm\">Ch\u1ea5t li\u1ec7u khung<\/td>\n<td data-col-size=\"sm\" data-start=\"1523\" data-end=\"1549\">Kim lo\u1ea1i s\u01a1n t\u0129nh \u0111i\u1ec7n<\/td>\n<\/tr>\n<tr data-start=\"1550\" data-end=\"1584\">\n<td data-start=\"1550\" data-end=\"1567\" data-col-size=\"sm\">M\u1eb7t ng\u1ed3i &amp; t\u1ef1a<\/td>\n<td data-col-size=\"sm\" data-start=\"1567\" data-end=\"1584\">L\u01b0\u1edbi kim lo\u1ea1i<\/td>\n<\/tr>\n<tr data-start=\"1585\" data-end=\"1607\">\n<td data-start=\"1585\" data-end=\"1595\" data-col-size=\"sm\">Tay gh\u1ebf<\/td>\n<td data-col-size=\"sm\" data-start=\"1595\" data-end=\"1607\">Polywood<\/td>\n<\/tr>\n<tr data-start=\"1608\" data-end=\"1635\">\n<td data-start=\"1608\" data-end=\"1625\" data-col-size=\"sm\">Chi\u1ec1u r\u1ed9ng gh\u1ebf<\/td>\n<td data-col-size=\"sm\" data-start=\"1625\" data-end=\"1635\">605 mm<\/td>\n<\/tr>\n<tr data-start=\"1636\" data-end=\"1668\">\n<td data-start=\"1636\" data-end=\"1657\" data-col-size=\"sm\">Chi\u1ec1u cao t\u1ed5ng th\u1ec3<\/td>\n<td data-col-size=\"sm\" data-start=\"1657\" data-end=\"1668\">705 \/1070 mm<\/td>\n<\/tr>\n<tr data-start=\"1636\" data-end=\"1668\">\n<td data-start=\"1636\" data-end=\"1657\" data-col-size=\"sm\">Chi\u1ec1u s\u00e2u<\/td>\n<td data-col-size=\"sm\" data-start=\"1657\" data-end=\"1668\">1150\/845 mm<\/td>\n<\/tr>\n<tr data-start=\"1669\" data-end=\"1700\">\n<td data-start=\"1669\" data-end=\"1690\" data-col-size=\"sm\">Chi\u1ec1u cao m\u1eb7t ng\u1ed3i<\/td>\n<td data-col-size=\"sm\" data-start=\"1690\" data-end=\"1700\">450 mm<\/td>\n<\/tr>\n<tr data-start=\"1701\" data-end=\"1725\">\n<td data-start=\"1701\" data-end=\"1715\" data-col-size=\"sm\">Tr\u1ecdng l\u01b0\u1ee3ng<\/td>\n<td data-col-size=\"sm\" data-start=\"1715\" data-end=\"1725\">5.8 kg<\/td>\n<\/tr>\n<\/tbody>\n<\/table>\n<\/div>\n<\/div>\n<p data-start=\"207\" data-end=\"411\">Gh\u1ebf ngo\u00e0i tr\u1eddi thi\u1ebft k\u1ebf g\u1ea5p g\u1ecdn, khung kim lo\u1ea1i s\u01a1n t\u0129nh \u0111i\u1ec7n ch\u1eafc ch\u1eafn, m\u1eb7t ng\u1ed3i v\u00e0 t\u1ef1a l\u01b0ng d\u1ea1ng l\u01b0\u1edbi tho\u00e1ng kh\u00ed, tay v\u1ecbn Polywood b\u1ec1n \u0111\u1eb9p, ph\u00f9 h\u1ee3p s\u1eed d\u1ee5ng cho s\u00e2n v\u01b0\u1eddn, ban c\u00f4ng, qu\u00e1n caf\u00e9 v\u00e0 nh\u00e0 h\u00e0ng.<\/p>\n","protected":false},"featured_media":5243,"comment_status":"closed","ping_status":"closed","template":"","meta":[],"product_brand":[],"product_cat":[15,114,111],"product_tag":[],"class_list":{"0":"post-5230","1":"product","2":"type-product","3":"status-publish","4":"has-post-thumbnail","6":"product_cat-san-pham","7":"product_cat-chairs","8":"product_cat-tat-ca-san-pham","10":"first","11":"instock","12":"shipping-taxable","13":"product-type-simple"},"_links":{"self":[{"href":"https:\/\/hoanggiafurniture.com\/de\/wp-json\/wp\/v2\/product\/5230","targetHints":{"allow":["GET"]}}],"collection":[{"href":"https:\/\/hoanggiafurniture.com\/de\/wp-json\/wp\/v2\/product"}],"about":[{"href":"https:\/\/hoanggiafurniture.com\/de\/wp-json\/wp\/v2\/types\/product"}],"replies":[{"embeddable":true,"href":"https:\/\/hoanggiafurniture.com\/de\/wp-json\/wp\/v2\/comments?post=5230"}],"wp:featuredmedia":[{"embeddable":true,"href":"https:\/\/hoanggiafurniture.com\/de\/wp-json\/wp\/v2\/media\/5243"}],"wp:attachment":[{"href":"https:\/\/hoanggiafurniture.com\/de\/wp-json\/wp\/v2\/media?parent=5230"}],"wp:term":[{"taxonomy":"product_brand","embeddable":true,"href":"https:\/\/hoanggiafurniture.com\/de\/wp-json\/wp\/v2\/product_brand?post=5230"},{"taxonomy":"product_cat","embeddable":true,"href":"https:\/\/hoanggiafurniture.com\/de\/wp-json\/wp\/v2\/product_cat?post=5230"},{"taxonomy":"product_tag","embeddable":true,"href":"https:\/\/hoanggiafurniture.com\/de\/wp-json\/wp\/v2\/product_tag?post=5230"}],"curies":[{"name":"wp","href":"https:\/\/api.w.org\/{rel}","templated":true}]}}