{"id":5258,"date":"2026-01-21T15:08:17","date_gmt":"2026-01-21T08:08:17","guid":{"rendered":"https:\/\/hoanggiafurniture.com\/?post_type=product&#038;p=5258"},"modified":"2026-03-01T19:18:29","modified_gmt":"2026-03-01T12:18:29","slug":"modern-outdoor-aluminum-sofa-set-with-painted-glass-tables-patio-lounge-set","status":"publish","type":"product","link":"https:\/\/hoanggiafurniture.com\/de\/product\/modern-outdoor-aluminum-sofa-set-with-painted-glass-tables-patio-lounge-set","title":{"rendered":"Modern Outdoor Aluminum Sofa Set with Painted Glass Tables \u2013 Patio Lounge Set"},"content":{"rendered":"<p data-start=\"238\" data-end=\"499\">B\u1ed9 <strong data-start=\"241\" data-end=\"260\">sofa ngo\u00e0i tr\u1eddi<\/strong> \u0111\u01b0\u1ee3c thi\u1ebft k\u1ebf theo phong c\u00e1ch hi\u1ec7n \u0111\u1ea1i, ph\u00f9 h\u1ee3p cho <strong data-start=\"313\" data-end=\"373\">ban c\u00f4ng, s\u00e2n v\u01b0\u1eddn, terrace, qu\u00e1n caf\u00e9 v\u00e0 khu ngh\u1ec9 d\u01b0\u1ee1ng<\/strong>. S\u1ea3n ph\u1ea9m k\u1ebft h\u1ee3p h\u00e0i h\u00f2a gi\u1eefa khung nh\u00f4m s\u01a1n t\u0129nh \u0111i\u1ec7n v\u00e0 m\u1eb7t b\u00e0n k\u00ednh c\u01b0\u1eddng l\u1ef1c, \u0111\u1ea3m b\u1ea3o \u0111\u1ed9 b\u1ec1n cao khi s\u1eed d\u1ee5ng ngo\u00e0i tr\u1eddi.<\/p>\n<p data-start=\"238\" data-end=\"499\"><img decoding=\"async\" class=\"aligncenter size-full wp-image-5272\" src=\"https:\/\/hoanggiafurniture.com\/wp-content\/uploads\/2026\/01\/S0007-HG-AL-01-scaled.jpg\" alt=\"\" width=\"2560\" height=\"1707\" srcset=\"https:\/\/hoanggiafurniture.com\/wp-content\/uploads\/2026\/01\/S0007-HG-AL-01-scaled.jpg 2560w, https:\/\/hoanggiafurniture.com\/wp-content\/uploads\/2026\/01\/S0007-HG-AL-01-scaled-700x467.jpg 700w, https:\/\/hoanggiafurniture.com\/wp-content\/uploads\/2026\/01\/S0007-HG-AL-01-1536x1024.jpg 1536w, https:\/\/hoanggiafurniture.com\/wp-content\/uploads\/2026\/01\/S0007-HG-AL-01-2048x1365.jpg 2048w\" sizes=\"(max-width: 2560px) 100vw, 2560px\" \/><\/p>\n<h3 data-start=\"501\" data-end=\"529\"><strong data-start=\"505\" data-end=\"529\">C\u1ea5u h\u00ecnh b\u1ed9 s\u1ea3n ph\u1ea9m<\/strong><\/h3>\n<ul data-start=\"530\" data-end=\"650\">\n<li data-start=\"530\" data-end=\"650\">\n<p data-start=\"532\" data-end=\"552\"><strong data-start=\"532\" data-end=\"547\">01 Sofa set<\/strong> g\u1ed3m:<\/p>\n<ul data-start=\"555\" data-end=\"650\">\n<li data-start=\"555\" data-end=\"588\">\n<p data-start=\"557\" data-end=\"588\"><strong data-start=\"557\" data-end=\"567\">02 B\u00e0n<\/strong> (Table I &amp; Table II)<\/p>\n<\/li>\n<li data-start=\"591\" data-end=\"616\">\n<p data-start=\"593\" data-end=\"616\"><strong data-start=\"593\" data-end=\"616\">02 Gh\u1ebf \u0111\u01a1n (Bank I)<\/strong><\/p>\n<\/li>\n<li data-start=\"619\" data-end=\"650\">\n<p data-start=\"621\" data-end=\"650\"><strong data-start=\"621\" data-end=\"650\">01 Gh\u1ebf b\u0103ng d\u00e0i (Bank II)<\/strong><\/p>\n<\/li>\n<\/ul>\n<\/li>\n<\/ul>\n<h3 data-start=\"652\" data-end=\"678\"><strong data-start=\"656\" data-end=\"678\">V\u1eadt li\u1ec7u &amp; k\u1ebft c\u1ea5u<\/strong><\/h3>\n<p><img decoding=\"async\" class=\"aligncenter size-full wp-image-5266\" src=\"https:\/\/hoanggiafurniture.com\/wp-content\/uploads\/2026\/01\/S0007-HG-AL-03-scaled.jpg\" alt=\"\" width=\"2560\" height=\"1707\" srcset=\"https:\/\/hoanggiafurniture.com\/wp-content\/uploads\/2026\/01\/S0007-HG-AL-03-scaled.jpg 2560w, https:\/\/hoanggiafurniture.com\/wp-content\/uploads\/2026\/01\/S0007-HG-AL-03-scaled-700x467.jpg 700w, https:\/\/hoanggiafurniture.com\/wp-content\/uploads\/2026\/01\/S0007-HG-AL-03-1536x1024.jpg 1536w, https:\/\/hoanggiafurniture.com\/wp-content\/uploads\/2026\/01\/S0007-HG-AL-03-2048x1365.jpg 2048w\" sizes=\"(max-width: 2560px) 100vw, 2560px\" \/><\/p>\n<ul data-start=\"679\" data-end=\"960\">\n<li data-start=\"679\" data-end=\"749\">\n<p data-start=\"681\" data-end=\"749\"><strong data-start=\"681\" data-end=\"690\">Khung<\/strong>: Nh\u00f4m (Aluminum) \u2013 s\u01a1n t\u0129nh \u0111i\u1ec7n, ch\u1ed1ng g\u1ec9 s\u00e9t, nh\u1eb9 v\u00e0 b\u1ec1n<\/p>\n<\/li>\n<li data-start=\"750\" data-end=\"796\">\n<p data-start=\"752\" data-end=\"796\"><strong data-start=\"752\" data-end=\"763\">M\u1eb7t b\u00e0n<\/strong>: K\u00ednh c\u01b0\u1eddng l\u1ef1c (Tempered glass)<\/p>\n<\/li>\n<li data-start=\"797\" data-end=\"875\">\n<p data-start=\"799\" data-end=\"875\"><strong data-start=\"799\" data-end=\"811\">Thi\u1ebft k\u1ebf<\/strong>: \u0110an d\u00e2y \/ rope th\u1ee7 c\u00f4ng, t\u1ea1o c\u1ea3m gi\u00e1c tho\u1ea3i m\u00e1i v\u00e0 th\u1ea9m m\u1ef9 cao<\/p>\n<\/li>\n<li data-start=\"876\" data-end=\"960\">\n<p data-start=\"878\" data-end=\"960\"><strong data-start=\"878\" data-end=\"897\">Ph\u00f9 h\u1ee3p s\u1eed d\u1ee5ng<\/strong>: Ngo\u00e0i tr\u1eddi \u2013 ch\u1ecbu n\u1eafng, \u1ea9m v\u00e0 \u0111i\u1ec1u ki\u1ec7n th\u1eddi ti\u1ebft kh\u1eafc nghi\u1ec7t<\/p>\n<\/li>\n<\/ul>\n<h3 data-start=\"962\" data-end=\"994\"><strong data-start=\"966\" data-end=\"994\">K\u00edch th\u01b0\u1edbc &amp; tr\u1ecdng l\u01b0\u1ee3ng<\/strong><\/h3>\n<ul data-start=\"995\" data-end=\"1185\">\n<li data-start=\"995\" data-end=\"1033\">\n<p data-start=\"997\" data-end=\"1033\"><strong data-start=\"997\" data-end=\"1008\">Table I<\/strong>: \u00d8532 \u00d7 H390 mm \u2013 3 kg<\/p>\n<\/li>\n<li data-start=\"1034\" data-end=\"1075\">\n<p data-start=\"1036\" data-end=\"1075\"><strong data-start=\"1036\" data-end=\"1048\">Table II<\/strong>: \u00d8684 \u00d7 H365 mm \u2013 4.6 kg<\/p>\n<\/li>\n<li data-start=\"1076\" data-end=\"1129\">\n<p data-start=\"1078\" data-end=\"1129\"><strong data-start=\"1078\" data-end=\"1098\">Bank I (Gh\u1ebf \u0111\u01a1n)<\/strong>: 823 \u00d7 800 \u00d7 730 mm \u2013 9.4 kg<\/p>\n<\/li>\n<li data-start=\"1130\" data-end=\"1185\">\n<p data-start=\"1132\" data-end=\"1185\"><strong data-start=\"1132\" data-end=\"1154\">Bank II (Gh\u1ebf b\u0103ng)<\/strong>: 1595 \u00d7 805 \u00d7 740 mm \u2013 18 kg<\/p>\n<\/li>\n<\/ul>\n<h3 data-start=\"1187\" data-end=\"1209\"><strong data-start=\"1191\" data-end=\"1209\">Th\u00f4ng tin kh\u00e1c<\/strong><\/h3>\n<ul data-start=\"1210\" data-end=\"1348\">\n<li data-start=\"1210\" data-end=\"1241\">\n<p data-start=\"1212\" data-end=\"1241\"><strong data-start=\"1212\" data-end=\"1227\">M\u00e3 s\u1ea3n ph\u1ea9m<\/strong>: S0001HG-AL<\/p>\n<\/li>\n<li data-start=\"1242\" data-end=\"1348\">\n<p data-start=\"1244\" data-end=\"1264\"><strong data-start=\"1244\" data-end=\"1263\">S\u1ed1 l\u01b0\u1ee3ng m\u1ed7i b\u1ed9<\/strong>:<\/p>\n<ul data-start=\"1267\" data-end=\"1348\">\n<li data-start=\"1267\" data-end=\"1285\">\n<p data-start=\"1269\" data-end=\"1285\">Table I: 1 pcs<\/p>\n<\/li>\n<li data-start=\"1288\" data-end=\"1307\">\n<p data-start=\"1290\" data-end=\"1307\">Table II: 1 pcs<\/p>\n<\/li>\n<li data-start=\"1310\" data-end=\"1327\">\n<p data-start=\"1312\" data-end=\"1327\">Bank I: 2 pcs<\/p>\n<\/li>\n<li data-start=\"1330\" data-end=\"1348\">\n<p data-start=\"1332\" data-end=\"1348\">Bank II: 1 pcs<\/p>\n<\/li>\n<\/ul>\n<\/li>\n<\/ul>\n<h3 data-start=\"1350\" data-end=\"1373\"><strong data-start=\"1354\" data-end=\"1373\">\u01afu \u0111i\u1ec3m n\u1ed5i b\u1eadt<\/strong><\/h3>\n<ul data-start=\"1374\" data-end=\"1586\">\n<li data-start=\"1374\" data-end=\"1429\">\n<p data-start=\"1376\" data-end=\"1429\">K\u1ebft c\u1ea5u ch\u1eafc ch\u1eafn nh\u01b0ng tr\u1ecdng l\u01b0\u1ee3ng nh\u1eb9, d\u1ec5 di chuy\u1ec3n<\/p>\n<\/li>\n<li data-start=\"1430\" data-end=\"1485\">\n<p data-start=\"1432\" data-end=\"1485\">Thi\u1ebft k\u1ebf \u0111\u1ed3ng b\u1ed9, ph\u00f9 h\u1ee3p nhi\u1ec1u kh\u00f4ng gian ngo\u00e0i tr\u1eddi<\/p>\n<\/li>\n<li data-start=\"1486\" data-end=\"1541\">\n<p data-start=\"1488\" data-end=\"1541\">S\u1ea3n xu\u1ea5t theo ti\u00eau chu\u1ea9n xu\u1ea5t kh\u1ea9u, ph\u00f9 h\u1ee3p OEM \/ ODM<\/p>\n<\/li>\n<li data-start=\"1542\" data-end=\"1586\">\n<p data-start=\"1544\" data-end=\"1586\">D\u1ec5 b\u1ea3o tr\u00ec, v\u1ec7 sinh v\u00e0 \u0111\u00f3ng g\u00f3i v\u1eadn chuy\u1ec3n<\/p>\n<\/li>\n<\/ul>\n<p><b>Li\u00ean h\u1ec7 gia c\u00f4ng OEM t\u1ea1i Ho\u00e0ng Gia<\/b><\/p>\n<ul>\n<li style=\"font-weight: 400;\" aria-level=\"1\"><b>\u0110\u1ecba ch\u1ec9<\/b><span style=\"font-weight: 400;\">: L\u00f4 C3 CCN C\u00e1t Nh\u01a1n, Ph\u00f9 C\u00e1t, B\u00ecnh \u0110\u1ecbnh<\/span><\/li>\n<li style=\"font-weight: 400;\" aria-level=\"1\"><b>Hotline<\/b><span style=\"font-weight: 400;\">: +84 906 660 059 | +84 973 224 895 | +84 906 414 199<\/span><\/li>\n<li style=\"font-weight: 400;\" aria-level=\"1\"><b>Email<\/b><span style=\"font-weight: 400;\">: sales@hoanggia.de<\/span><\/li>\n<li style=\"font-weight: 400;\" aria-level=\"1\"><b style=\"color: #555555; font-size: 14.4px;\">Website<\/b><span style=\"font-weight: 400;\">: <strong><a href=\"http:\/\/hoanggiafurniture.com\">hoanggiafurniture.com<\/a><\/strong><\/span><\/li>\n<\/ul>\n","protected":false},"excerpt":{"rendered":"<table>\n<thead>\n<tr>\n<th><strong>TH\u00d4NG S\u1ed0<\/strong><\/th>\n<th><strong>K\u00cdCH TH\u01af\u1edaC<\/strong><\/th>\n<\/tr>\n<\/thead>\n<tbody>\n<tr>\n<td>\u0110\u01b0\u1eddng k\u00ednh m\u1eb7t b\u00e0n<\/td>\n<td>\u00d8532 mm<\/td>\n<\/tr>\n<tr>\n<td>Chi\u1ec1u cao<\/td>\n<td>390 mm<\/td>\n<\/tr>\n<tr>\n<td>Tr\u1ecdng l\u01b0\u1ee3ng t\u1ecbnh<\/td>\n<td>3 kg<\/td>\n<\/tr>\n<tr>\n<td>\u0110\u01b0\u1eddng k\u00ednh m\u1eb7t b\u00e0n (phi\u00ean b\u1ea3n kh\u00e1c)<\/td>\n<td>\u00d8684 mm<\/td>\n<\/tr>\n<tr>\n<td>Chi\u1ec1u cao<\/td>\n<td>365 mm<\/td>\n<\/tr>\n<tr>\n<td>Tr\u1ecdng l\u01b0\u1ee3ng t\u1ecbnh<\/td>\n<td>4.6 kg<\/td>\n<\/tr>\n<tr>\n<td>Chi\u1ec1u d\u00e0i<\/td>\n<td>823 mm<\/td>\n<\/tr>\n<tr>\n<td>Chi\u1ec1u r\u1ed9ng<\/td>\n<td>800 mm<\/td>\n<\/tr>\n<tr>\n<td>Chi\u1ec1u cao<\/td>\n<td>730 mm<\/td>\n<\/tr>\n<tr>\n<td>Tr\u1ecdng l\u01b0\u1ee3ng t\u1ecbnh<\/td>\n<td>9.4 kg<\/td>\n<\/tr>\n<tr>\n<td>Chi\u1ec1u d\u00e0i<\/td>\n<td>1595 mm<\/td>\n<\/tr>\n<tr>\n<td>Chi\u1ec1u r\u1ed9ng<\/td>\n<td>805 mm<\/td>\n<\/tr>\n<tr>\n<td>Chi\u1ec1u cao<\/td>\n<td>740 mm<\/td>\n<\/tr>\n<tr>\n<td>Tr\u1ecdng l\u01b0\u1ee3ng t\u1ecbnh<\/td>\n<td>18 kg<\/td>\n<\/tr>\n<\/tbody>\n<\/table>\n","protected":false},"featured_media":5730,"comment_status":"closed","ping_status":"closed","template":"","meta":[],"product_brand":[],"product_cat":[15,113],"product_tag":[],"class_list":{"0":"post-5258","1":"product","2":"type-product","3":"status-publish","4":"has-post-thumbnail","6":"product_cat-san-pham","7":"product_cat-sofa-sets","9":"first","10":"instock","11":"shipping-taxable","12":"product-type-simple"},"_links":{"self":[{"href":"https:\/\/hoanggiafurniture.com\/de\/wp-json\/wp\/v2\/product\/5258","targetHints":{"allow":["GET"]}}],"collection":[{"href":"https:\/\/hoanggiafurniture.com\/de\/wp-json\/wp\/v2\/product"}],"about":[{"href":"https:\/\/hoanggiafurniture.com\/de\/wp-json\/wp\/v2\/types\/product"}],"replies":[{"embeddable":true,"href":"https:\/\/hoanggiafurniture.com\/de\/wp-json\/wp\/v2\/comments?post=5258"}],"wp:featuredmedia":[{"embeddable":true,"href":"https:\/\/hoanggiafurniture.com\/de\/wp-json\/wp\/v2\/media\/5730"}],"wp:attachment":[{"href":"https:\/\/hoanggiafurniture.com\/de\/wp-json\/wp\/v2\/media?parent=5258"}],"wp:term":[{"taxonomy":"product_brand","embeddable":true,"href":"https:\/\/hoanggiafurniture.com\/de\/wp-json\/wp\/v2\/product_brand?post=5258"},{"taxonomy":"product_cat","embeddable":true,"href":"https:\/\/hoanggiafurniture.com\/de\/wp-json\/wp\/v2\/product_cat?post=5258"},{"taxonomy":"product_tag","embeddable":true,"href":"https:\/\/hoanggiafurniture.com\/de\/wp-json\/wp\/v2\/product_tag?post=5258"}],"curies":[{"name":"wp","href":"https:\/\/api.w.org\/{rel}","templated":true}]}}