{"id":5277,"date":"2026-01-21T15:26:43","date_gmt":"2026-01-21T08:26:43","guid":{"rendered":"https:\/\/hoanggiafurniture.com\/?post_type=product&#038;p=5277"},"modified":"2026-01-21T15:26:46","modified_gmt":"2026-01-21T08:26:46","slug":"modern-outdoor-aluminum-sofa-set-with-polywood-table-rope-armrest-patio-lounge-set","status":"publish","type":"product","link":"https:\/\/hoanggiafurniture.com\/de\/product\/modern-outdoor-aluminum-sofa-set-with-polywood-table-rope-armrest-patio-lounge-set","title":{"rendered":"Modern Outdoor Aluminum Sofa Set with Polywood Table &#038; Rope Armrest \u2013 Patio Lounge Set"},"content":{"rendered":"<p data-start=\"304\" data-end=\"611\">B\u1ed9 <strong data-start=\"307\" data-end=\"326\">sofa ngo\u00e0i tr\u1eddi<\/strong> thi\u1ebft k\u1ebf hi\u1ec7n \u0111\u1ea1i, t\u1ed1i \u01b0u cho <strong data-start=\"357\" data-end=\"432\">kh\u00f4ng gian s\u00e2n v\u01b0\u1eddn, ban c\u00f4ng, terrace, resort v\u00e0 khu lounge ngo\u00e0i tr\u1eddi<\/strong>. S\u1ea3n ph\u1ea9m k\u1ebft h\u1ee3p <strong data-start=\"451\" data-end=\"479\">khung nh\u00f4m s\u01a1n t\u0129nh \u0111i\u1ec7n<\/strong>, <strong data-start=\"481\" data-end=\"499\">\u0111\u1ec7m ng\u1ed3i \u00eam \u00e1i<\/strong> v\u00e0 <strong data-start=\"503\" data-end=\"519\">b\u00e0n polywood<\/strong>, \u0111\u1ea3m b\u1ea3o \u0111\u1ed9 b\u1ec1n cao, th\u1ea9m m\u1ef9 \u1ed5n \u0111\u1ecbnh v\u00e0 ph\u00f9 h\u1ee3p s\u1eed d\u1ee5ng l\u00e2u d\u00e0i trong \u0111i\u1ec1u ki\u1ec7n ngo\u00e0i tr\u1eddi.<\/p>\n<p data-start=\"304\" data-end=\"611\"><img decoding=\"async\" class=\"aligncenter size-full wp-image-5287\" src=\"https:\/\/hoanggiafurniture.com\/wp-content\/uploads\/2026\/01\/S0012-HG-AL-03-scaled.jpg\" alt=\"Modern Outdoor Aluminum Sofa Set with Polywood Table &amp; Rope Armrest \u2013 Patio Lounge Set\" width=\"2560\" height=\"1707\" srcset=\"https:\/\/hoanggiafurniture.com\/wp-content\/uploads\/2026\/01\/S0012-HG-AL-03-scaled.jpg 2560w, https:\/\/hoanggiafurniture.com\/wp-content\/uploads\/2026\/01\/S0012-HG-AL-03-scaled-700x467.jpg 700w, https:\/\/hoanggiafurniture.com\/wp-content\/uploads\/2026\/01\/S0012-HG-AL-03-1536x1024.jpg 1536w, https:\/\/hoanggiafurniture.com\/wp-content\/uploads\/2026\/01\/S0012-HG-AL-03-2048x1365.jpg 2048w\" sizes=\"(max-width: 2560px) 100vw, 2560px\" \/><\/p>\n<h3 data-start=\"618\" data-end=\"646\"><strong data-start=\"622\" data-end=\"646\">C\u1ea5u h\u00ecnh b\u1ed9 s\u1ea3n ph\u1ea9m<\/strong><\/h3>\n<p data-start=\"647\" data-end=\"664\">Sofa set bao g\u1ed3m:<\/p>\n<ul data-start=\"665\" data-end=\"753\">\n<li data-start=\"665\" data-end=\"697\">\n<p data-start=\"667\" data-end=\"697\"><strong data-start=\"667\" data-end=\"697\">01 Sofa b\u0103ng d\u00e0i (Bank II)<\/strong><\/p>\n<\/li>\n<li data-start=\"698\" data-end=\"723\">\n<p data-start=\"700\" data-end=\"723\"><strong data-start=\"700\" data-end=\"723\">02 Gh\u1ebf \u0111\u01a1n (Bank I)<\/strong><\/p>\n<\/li>\n<li data-start=\"724\" data-end=\"736\">\n<p data-start=\"726\" data-end=\"736\"><strong data-start=\"726\" data-end=\"736\">01 B\u00e0n<\/strong><\/p>\n<\/li>\n<li data-start=\"737\" data-end=\"753\">\n<p data-start=\"739\" data-end=\"753\"><strong data-start=\"739\" data-end=\"753\">01 Ottoman<\/strong><\/p>\n<\/li>\n<\/ul>\n<p><img decoding=\"async\" class=\"aligncenter size-full wp-image-5284\" src=\"https:\/\/hoanggiafurniture.com\/wp-content\/uploads\/2026\/01\/S0012-HG-AL-04-scaled.jpg\" alt=\"Modern Outdoor Aluminum Sofa Set with Polywood Table &amp; Rope Armrest \u2013 Patio Lounge Set\" width=\"2560\" height=\"1707\" srcset=\"https:\/\/hoanggiafurniture.com\/wp-content\/uploads\/2026\/01\/S0012-HG-AL-04-scaled.jpg 2560w, https:\/\/hoanggiafurniture.com\/wp-content\/uploads\/2026\/01\/S0012-HG-AL-04-scaled-700x467.jpg 700w, https:\/\/hoanggiafurniture.com\/wp-content\/uploads\/2026\/01\/S0012-HG-AL-04-1536x1024.jpg 1536w, https:\/\/hoanggiafurniture.com\/wp-content\/uploads\/2026\/01\/S0012-HG-AL-04-2048x1365.jpg 2048w\" sizes=\"(max-width: 2560px) 100vw, 2560px\" \/><\/p>\n<h3 data-start=\"760\" data-end=\"786\"><strong data-start=\"764\" data-end=\"786\">V\u1eadt li\u1ec7u &amp; k\u1ebft c\u1ea5u<\/strong><\/h3>\n<ul data-start=\"787\" data-end=\"1021\">\n<li data-start=\"787\" data-end=\"861\">\n<p data-start=\"789\" data-end=\"861\"><strong data-start=\"789\" data-end=\"809\">Khung sofa &amp; gh\u1ebf<\/strong>: Nh\u00f4m (Aluminum) s\u01a1n t\u0129nh \u0111i\u1ec7n \u2013 ch\u1ed1ng g\u1ec9, nh\u1eb9, b\u1ec1n<\/p>\n<\/li>\n<li data-start=\"862\" data-end=\"916\">\n<p data-start=\"864\" data-end=\"874\"><strong data-start=\"864\" data-end=\"871\">B\u00e0n<\/strong>:<\/p>\n<ul data-start=\"877\" data-end=\"916\">\n<li data-start=\"877\" data-end=\"891\">\n<p data-start=\"879\" data-end=\"891\">Khung nh\u00f4m<\/p>\n<\/li>\n<li data-start=\"894\" data-end=\"916\">\n<p data-start=\"896\" data-end=\"916\">M\u1eb7t b\u00e0n <strong data-start=\"904\" data-end=\"916\">Polywood<\/strong><\/p>\n<\/li>\n<\/ul>\n<\/li>\n<li data-start=\"917\" data-end=\"942\">\n<p data-start=\"919\" data-end=\"942\"><strong data-start=\"919\" data-end=\"930\">Ottoman<\/strong>: Khung nh\u00f4m<\/p>\n<\/li>\n<li data-start=\"943\" data-end=\"1021\">\n<p data-start=\"945\" data-end=\"1021\"><strong data-start=\"945\" data-end=\"968\">\u0110\u1ec7m ng\u1ed3i &amp; t\u1ef1a l\u01b0ng<\/strong>: \u0110\u1ec7m r\u1eddi, d\u1ec5 th\u00e1o l\u1eafp (ph\u00f9 h\u1ee3p OEM\/ODM theo y\u00eau c\u1ea7u)<\/p>\n<\/li>\n<\/ul>\n<h3 data-start=\"1028\" data-end=\"1060\"><strong data-start=\"1032\" data-end=\"1060\">K\u00edch th\u01b0\u1edbc &amp; tr\u1ecdng l\u01b0\u1ee3ng<\/strong><\/h3>\n<ul data-start=\"1061\" data-end=\"1349\">\n<li data-start=\"1061\" data-end=\"1129\">\n<p data-start=\"1063\" data-end=\"1129\"><strong data-start=\"1063\" data-end=\"1090\">Sofa b\u0103ng d\u00e0i (Bank II)<\/strong>:<br data-start=\"1091\" data-end=\"1094\" \/>1840 \u00d7 930 \u00d7 680 mm \u2013 <strong data-start=\"1118\" data-end=\"1129\">38.2 kg<\/strong><\/p>\n<\/li>\n<li data-start=\"1130\" data-end=\"1175\">\n<p data-start=\"1132\" data-end=\"1175\"><strong data-start=\"1132\" data-end=\"1139\">B\u00e0n<\/strong>:<br data-start=\"1140\" data-end=\"1143\" \/>1000 \u00d7 680 \u00d7 333 mm \u2013 <strong data-start=\"1167\" data-end=\"1175\">8 kg<\/strong><\/p>\n<\/li>\n<li data-start=\"1176\" data-end=\"1236\">\n<p data-start=\"1178\" data-end=\"1236\"><strong data-start=\"1178\" data-end=\"1198\">Gh\u1ebf \u0111\u01a1n (Bank I)<\/strong>:<br data-start=\"1199\" data-end=\"1202\" \/>840 \u00d7 935 \u00d7 650 mm \u2013 <strong data-start=\"1225\" data-end=\"1236\">12.2 kg<\/strong><\/p>\n<\/li>\n<li data-start=\"1237\" data-end=\"1298\">\n<p data-start=\"1239\" data-end=\"1298\"><strong data-start=\"1239\" data-end=\"1259\">Gh\u1ebf \u0111\u01a1n (Bank I)<\/strong>:<br data-start=\"1260\" data-end=\"1263\" \/>1570 \u00d7 935 \u00d7 650 mm \u2013 <strong data-start=\"1287\" data-end=\"1298\">21.2 kg<\/strong><\/p>\n<\/li>\n<li data-start=\"1299\" data-end=\"1349\">\n<p data-start=\"1301\" data-end=\"1349\"><strong data-start=\"1301\" data-end=\"1312\">Ottoman<\/strong>:<br data-start=\"1313\" data-end=\"1316\" \/>810 \u00d7 560 \u00d7 420 mm \u2013 <strong data-start=\"1339\" data-end=\"1349\">5.4 kg<\/strong><\/p>\n<\/li>\n<\/ul>\n<h3 data-start=\"1356\" data-end=\"1385\"><strong data-start=\"1360\" data-end=\"1385\">\u0110\u00f3ng g\u00f3i &amp; v\u1eadn chuy\u1ec3n<\/strong><\/h3>\n<ul data-start=\"1386\" data-end=\"1557\">\n<li data-start=\"1386\" data-end=\"1421\">\n<p data-start=\"1388\" data-end=\"1421\"><strong data-start=\"1388\" data-end=\"1400\">Option 1<\/strong>:<br data-start=\"1401\" data-end=\"1404\" \/>4 cartons \/ set<\/p>\n<\/li>\n<li data-start=\"1422\" data-end=\"1474\">\n<p data-start=\"1424\" data-end=\"1474\"><strong data-start=\"1424\" data-end=\"1436\">Option 2<\/strong>:<br data-start=\"1437\" data-end=\"1440\" \/>5 cartons \/ set (kh\u00f4ng th\u00e1o r\u1eddi)<\/p>\n<\/li>\n<li data-start=\"1475\" data-end=\"1557\">\n<p data-start=\"1477\" data-end=\"1557\">K\u00edch th\u01b0\u1edbc th\u00f9ng carton \u0111\u01b0\u1ee3c t\u1ed1i \u01b0u cho container \u0111\u01b0\u1eddng bi\u1ec3n, ph\u00f9 h\u1ee3p xu\u1ea5t kh\u1ea9u.<\/p>\n<\/li>\n<\/ul>\n<h3 data-start=\"1564\" data-end=\"1587\"><strong data-start=\"1568\" data-end=\"1587\">\u01afu \u0111i\u1ec3m n\u1ed5i b\u1eadt<\/strong><\/h3>\n<ul data-start=\"1588\" data-end=\"1867\">\n<li data-start=\"1588\" data-end=\"1642\">\n<p data-start=\"1590\" data-end=\"1642\">Thi\u1ebft k\u1ebf \u0111\u1ed3ng b\u1ed9, hi\u1ec7n \u0111\u1ea1i, ph\u00f9 h\u1ee3p nhi\u1ec1u th\u1ecb tr\u01b0\u1eddng<\/p>\n<\/li>\n<li data-start=\"1643\" data-end=\"1703\">\n<p data-start=\"1645\" data-end=\"1703\">Khung nh\u00f4m b\u1ec1n b\u1ec9, s\u1eed d\u1ee5ng t\u1ed1t trong m\u00f4i tr\u01b0\u1eddng ngo\u00e0i tr\u1eddi<\/p>\n<\/li>\n<li data-start=\"1704\" data-end=\"1745\">\n<p data-start=\"1706\" data-end=\"1745\">Polywood d\u1ec5 b\u1ea3o tr\u00ec, th\u00e2n thi\u1ec7n s\u1eed d\u1ee5ng<\/p>\n<\/li>\n<li data-start=\"1746\" data-end=\"1783\">\n<p data-start=\"1748\" data-end=\"1783\">K\u1ebft c\u1ea5u ch\u1eafc ch\u1eafn, \u1ed5n \u0111\u1ecbnh khi ng\u1ed3i<\/p>\n<\/li>\n<li data-start=\"1784\" data-end=\"1867\">\n<p data-start=\"1786\" data-end=\"1867\">Ph\u00f9 h\u1ee3p <strong data-start=\"1794\" data-end=\"1807\">OEM \/ ODM<\/strong>: t\u00f9y ch\u1ec9nh m\u00e0u khung, m\u00e0u \u0111\u1ec7m, v\u1eadt li\u1ec7u m\u1eb7t b\u00e0n v\u00e0 \u0111\u00f3ng g\u00f3i<\/p>\n<\/li>\n<\/ul>\n<h3><b>Li\u00ean h\u1ec7 gia c\u00f4ng OEM t\u1ea1i Ho\u00e0ng Gia<\/b><\/h3>\n<ul>\n<li style=\"font-weight: 400;\" aria-level=\"1\"><strong>\u0110\u1ecba ch\u1ec9: <\/strong>L\u00f4 C3 CCN C\u00e1t Nh\u01a1n, Ph\u00f9 C\u00e1t, B\u00ecnh \u0110\u1ecbnh<\/li>\n<li style=\"font-weight: 400;\" aria-level=\"1\"><strong>Hotline:<\/strong> +84 906 660 059 | +84 973 224 895 | +84 906 414 199<\/li>\n<li style=\"font-weight: 400;\" aria-level=\"1\"><strong>Email: <\/strong>sales@hoanggia.de<\/li>\n<li style=\"font-weight: 400;\" aria-level=\"1\"><strong>Website<span style=\"color: #555555; font-size: 14.4px;\">:<\/span><\/strong><a href=\"https:\/\/hoanggiafurniture.com\">hoanggiafurniture.com<\/a><\/li>\n<\/ul>\n","protected":false},"excerpt":{"rendered":"<table>\n<thead>\n<tr>\n<th><strong>TH\u00d4NG S\u1ed0<\/strong><\/th>\n<th><strong>K\u00cdCH TH\u01af\u1edaC<\/strong><\/th>\n<\/tr>\n<\/thead>\n<tbody>\n<tr>\n<td>Chi\u1ec1u d\u00e0i<\/td>\n<td>1840 mm<\/td>\n<\/tr>\n<tr>\n<td>Chi\u1ec1u r\u1ed9ng<\/td>\n<td>930 mm<\/td>\n<\/tr>\n<tr>\n<td>Chi\u1ec1u cao<\/td>\n<td>680 mm<\/td>\n<\/tr>\n<tr>\n<td>Tr\u1ecdng l\u01b0\u1ee3ng t\u1ecbnh<\/td>\n<td>38.2 kg<\/td>\n<\/tr>\n<tr>\n<td>Chi\u1ec1u d\u00e0i<\/td>\n<td>1000 mm<\/td>\n<\/tr>\n<tr>\n<td>Chi\u1ec1u r\u1ed9ng<\/td>\n<td>680 mm<\/td>\n<\/tr>\n<tr>\n<td>Chi\u1ec1u cao<\/td>\n<td>333 mm<\/td>\n<\/tr>\n<tr>\n<td>Tr\u1ecdng l\u01b0\u1ee3ng t\u1ecbnh<\/td>\n<td>8 kg<\/td>\n<\/tr>\n<tr>\n<td>Chi\u1ec1u d\u00e0i<\/td>\n<td>840 mm<\/td>\n<\/tr>\n<tr>\n<td>Chi\u1ec1u r\u1ed9ng<\/td>\n<td>935 mm<\/td>\n<\/tr>\n<tr>\n<td>Chi\u1ec1u cao<\/td>\n<td>650 mm<\/td>\n<\/tr>\n<tr>\n<td>Tr\u1ecdng l\u01b0\u1ee3ng t\u1ecbnh<\/td>\n<td>12.2 kg<\/td>\n<\/tr>\n<tr>\n<td>Chi\u1ec1u d\u00e0i<\/td>\n<td>1570 mm<\/td>\n<\/tr>\n<tr>\n<td>Chi\u1ec1u r\u1ed9ng<\/td>\n<td>935 mm<\/td>\n<\/tr>\n<tr>\n<td>Chi\u1ec1u cao<\/td>\n<td>650 mm<\/td>\n<\/tr>\n<tr>\n<td>Tr\u1ecdng l\u01b0\u1ee3ng t\u1ecbnh<\/td>\n<td>21.2 kg<\/td>\n<\/tr>\n<tr>\n<td>Chi\u1ec1u d\u00e0i<\/td>\n<td>810 mm<\/td>\n<\/tr>\n<tr>\n<td>Chi\u1ec1u r\u1ed9ng<\/td>\n<td>560 mm<\/td>\n<\/tr>\n<tr>\n<td>Chi\u1ec1u cao<\/td>\n<td>420 mm<\/td>\n<\/tr>\n<tr>\n<td>Tr\u1ecdng l\u01b0\u1ee3ng t\u1ecbnh<\/td>\n<td>5.4 kg<\/td>\n<\/tr>\n<\/tbody>\n<\/table>\n","protected":false},"featured_media":5290,"comment_status":"closed","ping_status":"closed","template":"","meta":[],"product_brand":[],"product_cat":[15,113],"product_tag":[],"class_list":{"0":"post-5277","1":"product","2":"type-product","3":"status-publish","4":"has-post-thumbnail","6":"product_cat-san-pham","7":"product_cat-sofa-sets","9":"first","10":"instock","11":"shipping-taxable","12":"product-type-simple"},"_links":{"self":[{"href":"https:\/\/hoanggiafurniture.com\/de\/wp-json\/wp\/v2\/product\/5277","targetHints":{"allow":["GET"]}}],"collection":[{"href":"https:\/\/hoanggiafurniture.com\/de\/wp-json\/wp\/v2\/product"}],"about":[{"href":"https:\/\/hoanggiafurniture.com\/de\/wp-json\/wp\/v2\/types\/product"}],"replies":[{"embeddable":true,"href":"https:\/\/hoanggiafurniture.com\/de\/wp-json\/wp\/v2\/comments?post=5277"}],"wp:featuredmedia":[{"embeddable":true,"href":"https:\/\/hoanggiafurniture.com\/de\/wp-json\/wp\/v2\/media\/5290"}],"wp:attachment":[{"href":"https:\/\/hoanggiafurniture.com\/de\/wp-json\/wp\/v2\/media?parent=5277"}],"wp:term":[{"taxonomy":"product_brand","embeddable":true,"href":"https:\/\/hoanggiafurniture.com\/de\/wp-json\/wp\/v2\/product_brand?post=5277"},{"taxonomy":"product_cat","embeddable":true,"href":"https:\/\/hoanggiafurniture.com\/de\/wp-json\/wp\/v2\/product_cat?post=5277"},{"taxonomy":"product_tag","embeddable":true,"href":"https:\/\/hoanggiafurniture.com\/de\/wp-json\/wp\/v2\/product_tag?post=5277"}],"curies":[{"name":"wp","href":"https:\/\/api.w.org\/{rel}","templated":true}]}}