{"id":4807,"date":"2025-11-30T19:46:53","date_gmt":"2025-11-30T12:46:53","guid":{"rendered":"https:\/\/dichvuseohochiminh.com\/product\/rect-ext-table-180-250x100"},"modified":"2026-01-15T07:02:52","modified_gmt":"2026-01-15T00:02:52","slug":"rect-ext-table-180-250x100","status":"publish","type":"product","link":"https:\/\/hoanggiafurniture.com\/en\/product\/rect-ext-table-180-250x100","title":{"rendered":"Extendable Outdoor Dining Table with Polywood Top and Metal Frame (150\/200 cm)"},"content":{"rendered":"<p data-start=\"490\" data-end=\"757\">B\u00e0n ngo\u00e0i tr\u1eddi m\u1edf r\u1ed9ng \u0111\u01b0\u1ee3c thi\u1ebft k\u1ebf d\u00e0nh cho kh\u00f4ng gian s\u1ed1ng hi\u1ec7n \u0111\u1ea1i, \u0111\u00e1p \u1ee9ng nhu c\u1ea7u s\u1eed d\u1ee5ng linh ho\u1ea1t trong sinh ho\u1ea1t gia \u0111\u00ecnh v\u00e0 kh\u00f4ng gian th\u01b0\u01a1ng m\u1ea1i. Khung b\u00e0n l\u00e0m t\u1eeb <strong data-start=\"664\" data-end=\"690\">kim lo\u1ea1i s\u01a1n t\u0129nh \u0111i\u1ec7n<\/strong>, \u0111\u1ea3m b\u1ea3o \u0111\u1ed9 \u1ed5n \u0111\u1ecbnh cao, ch\u1ed1ng g\u1ec9 v\u00e0 ph\u00f9 h\u1ee3p \u0111i\u1ec1u ki\u1ec7n ngo\u00e0i tr\u1eddi.<\/p>\n<p data-start=\"759\" data-end=\"1033\"><strong data-start=\"759\" data-end=\"779\">M\u1eb7t b\u00e0n Polywood<\/strong> (v\u1eadt li\u1ec7u t\u1ed5ng h\u1ee3p cao c\u1ea5p) c\u00f3 kh\u1ea3 n\u0103ng <strong data-start=\"820\" data-end=\"865\">ch\u1ed1ng n\u01b0\u1edbc, ch\u1ed1ng tia UV, kh\u00f4ng cong v\u00eanh<\/strong>, mang v\u1ebb \u0111\u1eb9p v\u00e2n g\u1ed7 t\u1ef1 nhi\u00ean nh\u01b0ng d\u1ec5 b\u1ea3o d\u01b0\u1ee1ng h\u01a1n g\u1ed7 th\u1eadt. B\u1ec1 m\u1eb7t nan Polywood song song t\u1ea1o \u0111i\u1ec3m nh\u1ea5n th\u1ea9m m\u1ef9, \u0111\u1ed3ng th\u1eddi gi\u00fap tho\u00e1t n\u01b0\u1edbc t\u1ed1t khi s\u1eed d\u1ee5ng ngo\u00e0i tr\u1eddi.<\/p>\n<p data-start=\"1035\" data-end=\"1175\">C\u01a1 c\u1ea5u m\u1edf r\u1ed9ng th\u00f4ng minh cho ph\u00e9p b\u00e0n <strong data-start=\"1074\" data-end=\"1104\">k\u00e9o d\u00e0i t\u1eeb 150cm l\u00ean 200cm<\/strong>, mang l\u1ea1i s\u1ef1 ti\u1ec7n l\u1ee3i khi c\u1ea7n th\u00eam kh\u00f4ng gian cho nhi\u1ec1u ng\u01b0\u1eddi s\u1eed d\u1ee5ng.<\/p>\n","protected":false},"excerpt":{"rendered":"<h2 data-start=\"1425\" data-end=\"1448\">\ud83d\udcd0 Th\u00f4ng s\u1ed1 k\u1ef9 thu\u1eadt<\/h2>\n<div class=\"TyagGW_tableContainer\">\n<div class=\"group TyagGW_tableWrapper flex flex-col-reverse w-fit\" tabindex=\"-1\">\n<table class=\"w-fit min-w-(--thread-content-width)\" data-start=\"1450\" data-end=\"1783\">\n<thead data-start=\"1450\" data-end=\"1476\">\n<tr data-start=\"1450\" data-end=\"1476\">\n<th data-start=\"1450\" data-end=\"1463\" data-col-size=\"sm\">Thu\u1ed9c t\u00ednh<\/th>\n<th data-start=\"1463\" data-end=\"1476\" data-col-size=\"md\">Th\u00f4ng tin<\/th>\n<\/tr>\n<\/thead>\n<tbody data-start=\"1499\" data-end=\"1783\">\n<tr data-start=\"1499\" data-end=\"1541\">\n<td data-start=\"1499\" data-end=\"1515\" data-col-size=\"sm\">Lo\u1ea1i s\u1ea3n ph\u1ea9m<\/td>\n<td data-col-size=\"md\" data-start=\"1515\" data-end=\"1541\">B\u00e0n ngo\u00e0i tr\u1eddi m\u1edf r\u1ed9ng<\/td>\n<\/tr>\n<tr data-start=\"1542\" data-end=\"1586\">\n<td data-start=\"1542\" data-end=\"1560\" data-col-size=\"sm\">Ch\u1ea5t li\u1ec7u khung<\/td>\n<td data-col-size=\"md\" data-start=\"1560\" data-end=\"1586\">Kim lo\u1ea1i s\u01a1n t\u0129nh \u0111i\u1ec7n<\/td>\n<\/tr>\n<tr data-start=\"1587\" data-end=\"1609\">\n<td data-start=\"1587\" data-end=\"1597\" data-col-size=\"sm\">M\u1eb7t b\u00e0n<\/td>\n<td data-col-size=\"md\" data-start=\"1597\" data-end=\"1609\">Polywood<\/td>\n<\/tr>\n<tr data-start=\"1610\" data-end=\"1650\">\n<td data-start=\"1610\" data-end=\"1630\" data-col-size=\"sm\">K\u00edch th\u01b0\u1edbc (\u0111\u00f3ng)<\/td>\n<td data-col-size=\"md\" data-start=\"1630\" data-end=\"1650\">150 \u00d7 90 \u00d7 75 cm<\/td>\n<\/tr>\n<tr data-start=\"1651\" data-end=\"1689\">\n<td data-start=\"1651\" data-end=\"1669\" data-col-size=\"sm\">K\u00edch th\u01b0\u1edbc (m\u1edf)<\/td>\n<td data-col-size=\"md\" data-start=\"1669\" data-end=\"1689\">200 \u00d7 90 \u00d7 75 cm<\/td>\n<\/tr>\n<tr data-start=\"1690\" data-end=\"1725\">\n<td data-start=\"1690\" data-end=\"1700\" data-col-size=\"sm\">M\u00e0u s\u1eafc<\/td>\n<td data-col-size=\"md\" data-start=\"1700\" data-end=\"1725\">\u0110en + v\u00e2n g\u1ed7 Polywood<\/td>\n<\/tr>\n<tr data-start=\"1726\" data-end=\"1783\">\n<td data-start=\"1726\" data-end=\"1737\" data-col-size=\"sm\">\u1ee8ng d\u1ee5ng<\/td>\n<td data-col-size=\"md\" data-start=\"1737\" data-end=\"1783\">S\u00e2n v\u01b0\u1eddn, ban c\u00f4ng, nh\u00e0 h\u00e0ng, caf\u00e9, resort<\/td>\n<\/tr>\n<\/tbody>\n<\/table>\n<\/div>\n<\/div>\n<p>B\u00e0n ngo\u00e0i tr\u1eddi m\u1edf r\u1ed9ng thi\u1ebft k\u1ebf hi\u1ec7n \u0111\u1ea1i v\u1edbi <strong data-start=\"293\" data-end=\"317\">m\u1eb7t Polywood b\u1ec1n \u0111\u1eb9p<\/strong>, khung kim lo\u1ea1i s\u01a1n t\u0129nh \u0111i\u1ec7n ch\u1eafc ch\u1eafn. K\u00edch th\u01b0\u1edbc linh ho\u1ea1t <strong data-start=\"380\" data-end=\"404\">150\u2013200 \u00d7 90 \u00d7 75 cm<\/strong>, ph\u00f9 h\u1ee3p s\u00e2n v\u01b0\u1eddn, ban c\u00f4ng, nh\u00e0 h\u00e0ng v\u00e0 resort.<\/p>\n","protected":false},"featured_media":5218,"comment_status":"closed","ping_status":"closed","template":"","meta":[],"product_brand":[],"product_cat":[129,128],"product_tag":[],"class_list":{"0":"post-4807","1":"product","2":"type-product","3":"status-publish","4":"has-post-thumbnail","6":"product_cat-products","7":"product_cat-tables-en","9":"first","10":"instock","11":"shipping-taxable","12":"product-type-simple"},"_links":{"self":[{"href":"https:\/\/hoanggiafurniture.com\/en\/wp-json\/wp\/v2\/product\/4807","targetHints":{"allow":["GET"]}}],"collection":[{"href":"https:\/\/hoanggiafurniture.com\/en\/wp-json\/wp\/v2\/product"}],"about":[{"href":"https:\/\/hoanggiafurniture.com\/en\/wp-json\/wp\/v2\/types\/product"}],"replies":[{"embeddable":true,"href":"https:\/\/hoanggiafurniture.com\/en\/wp-json\/wp\/v2\/comments?post=4807"}],"wp:featuredmedia":[{"embeddable":true,"href":"https:\/\/hoanggiafurniture.com\/en\/wp-json\/wp\/v2\/media\/5218"}],"wp:attachment":[{"href":"https:\/\/hoanggiafurniture.com\/en\/wp-json\/wp\/v2\/media?parent=4807"}],"wp:term":[{"taxonomy":"product_brand","embeddable":true,"href":"https:\/\/hoanggiafurniture.com\/en\/wp-json\/wp\/v2\/product_brand?post=4807"},{"taxonomy":"product_cat","embeddable":true,"href":"https:\/\/hoanggiafurniture.com\/en\/wp-json\/wp\/v2\/product_cat?post=4807"},{"taxonomy":"product_tag","embeddable":true,"href":"https:\/\/hoanggiafurniture.com\/en\/wp-json\/wp\/v2\/product_tag?post=4807"}],"curies":[{"name":"wp","href":"https:\/\/api.w.org\/{rel}","templated":true}]}}