{"id":5146,"date":"2026-01-14T06:35:43","date_gmt":"2026-01-13T23:35:43","guid":{"rendered":"https:\/\/hoanggia.de\/?post_type=product&#038;p=5146"},"modified":"2026-01-14T07:29:36","modified_gmt":"2026-01-14T00:29:36","slug":"bo-sofa-ngoai-troi-khung-kim-loai-kem-ban-coffee-giay-dan-van-go","status":"publish","type":"product","link":"https:\/\/hoanggiafurniture.com\/en\/product\/bo-sofa-ngoai-troi-khung-kim-loai-kem-ban-coffee-giay-dan-van-go","title":{"rendered":"B\u1ed9 Sofa Ngo\u00e0i Tr\u1eddi Khung Kim Lo\u1ea1i K\u00e8m B\u00e0n Coffee \u2013 Gi\u1ea5y D\u00e1n V\u00e2n G\u1ed7"},"content":{"rendered":"<p data-start=\"560\" data-end=\"753\">B\u1ed9 sofa ngo\u00e0i tr\u1eddi k\u00e8m b\u00e0n coffee \u0111\u01b0\u1ee3c thi\u1ebft k\u1ebf theo phong c\u00e1ch <strong data-start=\"624\" data-end=\"647\">hi\u1ec7n \u0111\u1ea1i \u2013 t\u1ed1i gi\u1ea3n<\/strong>, \u0111\u00e1p \u1ee9ng ti\u00eau chu\u1ea9n th\u1ea9m m\u1ef9 v\u00e0 \u0111\u1ed9 b\u1ec1n cho <strong data-start=\"690\" data-end=\"752\">th\u1ecb tr\u01b0\u1eddng EU, UK<\/strong>.<\/p>\n<p data-start=\"755\" data-end=\"1156\">Khung s\u1ea3n ph\u1ea9m s\u1eed d\u1ee5ng <strong data-start=\"778\" data-end=\"819\">kim lo\u1ea1i ch\u1eafc ch\u1eafn, ph\u1ee7 s\u01a1n t\u0129nh \u0111i\u1ec7n<\/strong>, gi\u00fap ch\u1ed1ng g\u1ec9 s\u00e9t, ch\u1ed1ng \u0103n m\u00f2n v\u00e0 ph\u00f9 h\u1ee3p v\u1edbi \u0111i\u1ec1u ki\u1ec7n s\u1eed d\u1ee5ng ngo\u00e0i tr\u1eddi. Ph\u1ea7n <strong data-start=\"903\" data-end=\"997\">tay gh\u1ebf v\u00e0 m\u1eb7t b\u00e0n coffee \u0111\u01b0\u1ee3c ho\u00e0n thi\u1ec7n b\u1eb1ng gi\u1ea5y d\u00e1n v\u00e2n g\u1ed7 (decorative paper laminate)<\/strong>, mang l\u1ea1i v\u1ebb ngo\u00e0i \u1ea5m \u00e1p nh\u01b0 g\u1ed7 t\u1ef1 nhi\u00ean nh\u01b0ng <strong data-start=\"1045\" data-end=\"1097\">\u1ed5n \u0111\u1ecbnh m\u00e0u s\u1eafc, d\u1ec5 v\u1ec7 sinh v\u00e0 ti\u1ebft ki\u1ec7m chi ph\u00ed<\/strong>, r\u1ea5t ph\u00f9 h\u1ee3p cho s\u1ea3n ph\u1ea9m xu\u1ea5t kh\u1ea9u v\u00e0 s\u1eed d\u1ee5ng th\u01b0\u01a1ng m\u1ea1i.<\/p>\n<p data-start=\"1158\" data-end=\"1401\">\u0110\u1ec7m ng\u1ed3i v\u00e0 \u0111\u1ec7m t\u1ef1a l\u01b0ng s\u1eed d\u1ee5ng <strong data-start=\"1191\" data-end=\"1210\">m\u00fat \u0111\u00e0n h\u1ed3i cao<\/strong>, b\u1ecdc v\u1ea3i ngo\u00e0i tr\u1eddi m\u00e0u trung t\u00ednh, t\u1ea1o c\u1ea3m gi\u00e1c \u00eam \u00e1i, tho\u1ea3i m\u00e1i khi s\u1eed d\u1ee5ng trong th\u1eddi gian d\u00e0i. B\u1ed9 s\u1ea3n ph\u1ea9m ph\u00f9 h\u1ee3p cho <strong data-start=\"1334\" data-end=\"1377\">kh\u00f4ng gian ngo\u00e0i tr\u1eddi v\u00e0 b\u00e1n ngo\u00e0i tr\u1eddi<\/strong>, t\u1eeb gia \u0111\u00ecnh \u0111\u1ebfn d\u1ef1 \u00e1n.<\/p>\n<div class=\"row\"  id=\"row-1909343540\">\n\n\t<div id=\"col-1601794903\" class=\"col medium-6 small-12 large-6\"  >\n\t\t\t\t<div class=\"col-inner\"  >\n\t\t\t\n\t\t\t\n<h2 data-start=\"1408\" data-end=\"1428\">\u2b50 \u01afu \u0111i\u1ec3m n\u1ed5i b\u1eadt<\/h2>\n<ul data-start=\"1430\" data-end=\"1807\">\n<li data-start=\"1430\" data-end=\"1491\">\n<p data-start=\"1432\" data-end=\"1491\">\u2705 <strong data-start=\"1434\" data-end=\"1466\">Khung kim lo\u1ea1i s\u01a1n t\u0129nh \u0111i\u1ec7n<\/strong> \u2013 b\u1ec1n b\u1ec9, ch\u1ecbu l\u1ef1c t\u1ed1t<\/p>\n<\/li>\n<li data-start=\"1492\" data-end=\"1570\">\n<p data-start=\"1494\" data-end=\"1570\">\u2705 <strong data-start=\"1496\" data-end=\"1540\">Tay gh\u1ebf &amp; m\u1eb7t b\u00e0n coffee gi\u1ea5y d\u00e1n v\u00e2n g\u1ed7<\/strong> \u2013 \u0111\u1eb9p, \u0111\u1ed3ng m\u00e0u, d\u1ec5 b\u1ea3o tr\u00ec<\/p>\n<\/li>\n<li data-start=\"1571\" data-end=\"1627\">\n<p data-start=\"1573\" data-end=\"1627\">\u2705 <strong data-start=\"1575\" data-end=\"1595\">\u0110\u1ec7m ng\u1ed3i d\u00e0y, \u00eam<\/strong> \u2013 s\u1eed d\u1ee5ng tho\u1ea3i m\u00e1i h\u1eb1ng ng\u00e0y<\/p>\n<\/li>\n<li data-start=\"1628\" data-end=\"1694\">\n<p data-start=\"1630\" data-end=\"1694\">\u2705 <strong data-start=\"1632\" data-end=\"1663\">Thi\u1ebft k\u1ebf hi\u1ec7n \u0111\u1ea1i, tinh g\u1ecdn<\/strong> \u2013 ph\u00f9 h\u1ee3p th\u1ecb tr\u01b0\u1eddng EU \/ UK<\/p>\n<\/li>\n<li data-start=\"1695\" data-end=\"1753\">\n<p data-start=\"1697\" data-end=\"1753\">\u2705 <strong data-start=\"1699\" data-end=\"1722\">B\u1ed9 s\u1ea3n ph\u1ea9m \u0111\u1ed3ng b\u1ed9<\/strong> \u2013 t\u1ed1i \u01b0u c\u00f4ng n\u0103ng &amp; th\u1ea9m m\u1ef9<\/p>\n<\/li>\n<li data-start=\"1754\" data-end=\"1807\">\n<p data-start=\"1756\" data-end=\"1807\">\u2705 Ph\u00f9 h\u1ee3p <strong data-start=\"1766\" data-end=\"1807\">nh\u00e0 \u1edf, qu\u00e1n c\u00e0 ph\u00ea, kh\u00e1ch s\u1ea1n, resort<\/strong><\/p>\n<\/li>\n<\/ul>\n\t\t<\/div>\n\t\t\t\t\t<\/div>\n\n\t\n\n\t<div id=\"col-560761646\" class=\"col medium-6 small-12 large-6\"  >\n\t\t\t\t<div class=\"col-inner\"  >\n\t\t\t\n\t\t\t\n\t<div class=\"img has-hover x md-x lg-x y md-y lg-y\" id=\"image_1320563663\">\n\t\t\t\t\t\t\t\t<div class=\"img-inner dark\" >\n\t\t\t<img decoding=\"async\" width=\"1020\" height=\"680\" src=\"https:\/\/hoanggiafurniture.com\/wp-content\/uploads\/2026\/01\/lifestyle-shot-69209404-cbf8-4a75-b4d9-0a209a11ffd4.jpeg\" class=\"attachment-large size-large\" alt=\"\" srcset=\"https:\/\/hoanggiafurniture.com\/wp-content\/uploads\/2026\/01\/lifestyle-shot-69209404-cbf8-4a75-b4d9-0a209a11ffd4.jpeg 1248w, https:\/\/hoanggiafurniture.com\/wp-content\/uploads\/2026\/01\/lifestyle-shot-69209404-cbf8-4a75-b4d9-0a209a11ffd4-700x467.jpeg 700w\" sizes=\"(max-width: 1020px) 100vw, 1020px\" \/>\t\t\t\t\t\t\n\t\t\t\t\t<\/div>\n\t\t\t\t\t\t\t\t\n<style>\n#image_1320563663 {\n  width: 100%;\n}\n<\/style>\n\t<\/div>\n\t\n\t\t<\/div>\n\t\t\t\t\t<\/div>\n\n\t\n<\/div>\n<div class=\"row\"  id=\"row-2093271008\">\n\n\t<div id=\"col-624709323\" class=\"col medium-6 small-12 large-6\"  >\n\t\t\t\t<div class=\"col-inner\"  >\n\t\t\t\n\t\t\t\n<h2 data-start=\"1814\" data-end=\"1842\">\ud83d\udce6 Th\u00e0nh ph\u1ea7n b\u1ed9 s\u1ea3n ph\u1ea9m<\/h2>\n<ul data-start=\"1844\" data-end=\"1917\">\n<li data-start=\"1844\" data-end=\"1868\">\n<p data-start=\"1846\" data-end=\"1868\">01 gh\u1ebf sofa b\u0103ng d\u00e0i<\/p>\n<\/li>\n<li data-start=\"1869\" data-end=\"1888\">\n<p data-start=\"1871\" data-end=\"1888\">02 gh\u1ebf sofa \u0111\u01a1n<\/p>\n<\/li>\n<li data-start=\"1889\" data-end=\"1917\">\n<p data-start=\"1891\" data-end=\"1917\">01 b\u00e0n coffee ngo\u00e0i tr\u1eddi<\/p>\n<\/li>\n<\/ul>\n\t\t<\/div>\n\t\t\t\t\t<\/div>\n\n\t\n\n\t<div id=\"col-694697207\" class=\"col medium-6 small-12 large-6\"  >\n\t\t\t\t<div class=\"col-inner\"  >\n\t\t\t\n\t\t\t\n<h2 data-start=\"2351\" data-end=\"2375\">\ud83c\udfe1 Kh\u00f4ng gian s\u1eed d\u1ee5ng<\/h2>\n<ul data-start=\"2377\" data-end=\"2519\">\n<li data-start=\"2377\" data-end=\"2401\">\n<p data-start=\"2379\" data-end=\"2401\">S\u00e2n v\u01b0\u1eddn, s\u00e2n th\u01b0\u1ee3ng<\/p>\n<\/li>\n<li data-start=\"2402\" data-end=\"2424\">\n<p data-start=\"2404\" data-end=\"2424\">Ban c\u00f4ng, hi\u00ean nh\u00e0<\/p>\n<\/li>\n<li data-start=\"2425\" data-end=\"2461\">\n<p data-start=\"2427\" data-end=\"2461\">Qu\u00e1n c\u00e0 ph\u00ea, nh\u00e0 h\u00e0ng ngo\u00e0i tr\u1eddi<\/p>\n<\/li>\n<li data-start=\"2462\" data-end=\"2483\">\n<p data-start=\"2464\" data-end=\"2483\">Kh\u00e1ch s\u1ea1n, resort<\/p>\n<\/li>\n<li data-start=\"2484\" data-end=\"2519\">\n<p data-start=\"2486\" data-end=\"2519\">D\u1ef1 \u00e1n n\u1ed9i \u2013 ngo\u1ea1i th\u1ea5t th\u01b0\u01a1ng m\u1ea1i<\/p>\n<\/li>\n<\/ul>\n\t\t<\/div>\n\t\t\t\t\t<\/div>\n\n\t\n<\/div>\n<div class=\"row\"  id=\"row-2128401452\">\n\n\t<div id=\"col-840426254\" class=\"col medium-6 small-12 large-6\"  >\n\t\t\t\t<div class=\"col-inner\"  >\n\t\t\t\n\t\t\t\n\t<div class=\"img has-hover x md-x lg-x y md-y lg-y\" id=\"image_305639312\">\n\t\t\t\t\t\t\t\t<div class=\"img-inner dark\" >\n\t\t\t<img decoding=\"async\" width=\"1020\" height=\"680\" src=\"https:\/\/hoanggiafurniture.com\/wp-content\/uploads\/2026\/01\/lifestyle-shot-aac777ec-e4e4-44e2-8a29-84232ce4c770.jpeg\" class=\"attachment-large size-large\" alt=\"\" srcset=\"https:\/\/hoanggiafurniture.com\/wp-content\/uploads\/2026\/01\/lifestyle-shot-aac777ec-e4e4-44e2-8a29-84232ce4c770.jpeg 1248w, https:\/\/hoanggiafurniture.com\/wp-content\/uploads\/2026\/01\/lifestyle-shot-aac777ec-e4e4-44e2-8a29-84232ce4c770-700x467.jpeg 700w\" sizes=\"(max-width: 1020px) 100vw, 1020px\" \/>\t\t\t\t\t\t\n\t\t\t\t\t<\/div>\n\t\t\t\t\t\t\t\t\n<style>\n#image_305639312 {\n  width: 100%;\n}\n<\/style>\n\t<\/div>\n\t\n\t\t<\/div>\n\t\t\t\t\t<\/div>\n\n\t\n\n\t<div id=\"col-378551833\" class=\"col medium-6 small-12 large-6\"  >\n\t\t\t\t<div class=\"col-inner\"  >\n\t\t\t\n\t\t\t\n<h3>\ud83d\udce6 Ph\u01b0\u01a1ng \u00e1n \u0111\u00f3ng g\u00f3i (Packing Options)<\/h3>\n<table style=\"border-collapse: collapse; width: 100%; font-family: Arial, sans-serif; font-size: 14px;\">\n<thead>\n<tr>\n<th style=\"border: 1px solid #333; padding: 8px; text-align: center;\">Ph\u01b0\u01a1ng \u00e1n<\/th>\n<th style=\"border: 1px solid #333; padding: 8px; text-align: center;\">S\u1ed1 th\u00f9ng \/ b\u1ed9<\/th>\n<th style=\"border: 1px solid #333; padding: 8px; text-align: center;\">N\u1ed9i dung \u0111\u00f3ng g\u00f3i<\/th>\n<th style=\"border: 1px solid #333; padding: 8px; text-align: center;\">K\u00edch th\u01b0\u1edbc th\u00f9ng (D \u00d7 R \u00d7 C) mm<\/th>\n<th style=\"border: 1px solid #333; padding: 8px; text-align: center;\">Tr\u1ea1ng th\u00e1i<\/th>\n<\/tr>\n<\/thead>\n<tbody>\n<tr>\n<td style=\"border: 1px solid #333; padding: 8px; text-align: center;\">Option 1<\/td>\n<td style=\"border: 1px solid #333; padding: 8px; text-align: center;\">1 carton<\/td>\n<td style=\"border: 1px solid #333; padding: 8px;\">B\u00e0n + Bank I + Bank III<\/td>\n<td style=\"border: 1px solid #333; padding: 8px; text-align: center;\">1990 \u00d7 720 \u00d7 860<\/td>\n<td style=\"border: 1px solid #333; padding: 8px; text-align: center;\">\u00c9p g\u1ed1i<\/td>\n<\/tr>\n<tr>\n<td style=\"border: 1px solid #333; padding: 8px; text-align: center;\" rowspan=\"3\">Option 2<\/td>\n<td style=\"border: 1px solid #333; padding: 8px; text-align: center;\" rowspan=\"3\">3 carton<\/td>\n<td style=\"border: 1px solid #333; padding: 8px;\">B\u00e0n<\/td>\n<td style=\"border: 1px solid #333; padding: 8px; text-align: center;\">1090 \u00d7 630 \u00d7 195<\/td>\n<td style=\"border: 1px solid #333; padding: 8px; text-align: center;\" rowspan=\"3\">\u00c9p g\u1ed1i<\/td>\n<\/tr>\n<tr>\n<td style=\"border: 1px solid #333; padding: 8px;\">Bank I<\/td>\n<td style=\"border: 1px solid #333; padding: 8px; text-align: center;\">1440 \u00d7 770 \u00d7 330<\/td>\n<\/tr>\n<tr>\n<td style=\"border: 1px solid #333; padding: 8px;\">Bank III<\/td>\n<td style=\"border: 1px solid #333; padding: 8px; text-align: center;\">1915 \u00d7 740 \u00d7 340<\/td>\n<\/tr>\n<tr>\n<td style=\"border: 1px solid #333; padding: 8px; text-align: center;\" rowspan=\"4\">Option 3<\/td>\n<td style=\"border: 1px solid #333; padding: 8px; text-align: center;\" rowspan=\"4\">4 carton<\/td>\n<td style=\"border: 1px solid #333; padding: 8px;\">B\u00e0n<\/td>\n<td style=\"border: 1px solid #333; padding: 8px; text-align: center;\">1230 \u00d7 630 \u00d7 430<\/td>\n<td style=\"border: 1px solid #333; padding: 8px; text-align: center;\" rowspan=\"4\">Gi\u1eef nguy\u00ean<\/td>\n<\/tr>\n<tr>\n<td style=\"border: 1px solid #333; padding: 8px;\">Bank I<\/td>\n<td style=\"border: 1px solid #333; padding: 8px; text-align: center;\">850 \u00d7 730 \u00d7 660<\/td>\n<\/tr>\n<tr>\n<td style=\"border: 1px solid #333; padding: 8px;\">Bank I<\/td>\n<td style=\"border: 1px solid #333; padding: 8px; text-align: center;\">850 \u00d7 730 \u00d7 660<\/td>\n<\/tr>\n<tr>\n<td style=\"border: 1px solid #333; padding: 8px;\">Bank II<\/td>\n<td style=\"border: 1px solid #333; padding: 8px; text-align: center;\">2090 \u00d7 730 \u00d7 660<\/td>\n<\/tr>\n<\/tbody>\n<\/table>\n\t\t<\/div>\n\t\t\t\t\t<\/div>\n\n\t\n<\/div>\n","protected":false},"excerpt":{"rendered":"<p>B\u1ed9 sofa ngo\u00e0i tr\u1eddi khung kim lo\u1ea1i s\u01a1n t\u0129nh \u0111i\u1ec7n, \u0111\u1ec7m ng\u1ed3i d\u00e0y \u00eam \u00e1i, tay gh\u1ebf v\u00e0 m\u1eb7t b\u00e0n coffee ho\u00e0n thi\u1ec7n gi\u1ea5y d\u00e1n v\u00e2n g\u1ed7. Thi\u1ebft k\u1ebf hi\u1ec7n \u0111\u1ea1i, d\u1ec5 b\u1ea3o tr\u00ec, ph\u00f9 h\u1ee3p s\u00e2n v\u01b0\u1eddn, ban c\u00f4ng, qu\u00e1n c\u00e0 ph\u00ea, kh\u00e1ch s\u1ea1n v\u00e0 resort.<\/p>\n<p><strong>Th\u00f4ng s\u1ed1 k\u1ef9 thu\u1eadt<\/strong><\/p>\n<table style=\"height: 261px;\" width=\"624\">\n<thead>\n<tr>\n<th>H\u1ea1ng m\u1ee5c<\/th>\n<th>M\u00f4 t\u1ea3<\/th>\n<\/tr>\n<\/thead>\n<tbody>\n<tr>\n<td>Ch\u1ea5t li\u1ec7u khung<\/td>\n<td>Kim lo\u1ea1i s\u01a1n t\u0129nh \u0111i\u1ec7n<\/td>\n<\/tr>\n<tr>\n<td>Tay gh\u1ebf<\/td>\n<td>Gi\u1ea5y d\u00e1n v\u00e2n g\u1ed7<\/td>\n<\/tr>\n<tr>\n<td>M\u1eb7t b\u00e0n coffee<\/td>\n<td>Gi\u1ea5y d\u00e1n v\u00e2n g\u1ed7<\/td>\n<\/tr>\n<tr>\n<td>\u0110\u1ec7m<\/td>\n<td>M\u00fat \u0111\u00e0n h\u1ed3i cao<\/td>\n<\/tr>\n<tr>\n<td>V\u1ecf \u0111\u1ec7m<\/td>\n<td>V\u1ea3i ngo\u00e0i tr\u1eddi<\/td>\n<\/tr>\n<tr>\n<td>M\u00e0u s\u1eafc<\/td>\n<td>Khung \u0111en<\/td>\n<\/tr>\n<tr>\n<td>Phong c\u00e1ch<\/td>\n<td>Hi\u1ec7n \u0111\u1ea1i<\/td>\n<\/tr>\n<tr>\n<td>S\u1eed d\u1ee5ng<\/td>\n<td>Ngo\u00e0i tr\u1eddi &amp; b\u00e1n ngo\u00e0i tr\u1eddi<\/td>\n<\/tr>\n<\/tbody>\n<\/table>\n","protected":false},"featured_media":5147,"comment_status":"closed","ping_status":"closed","template":"","meta":[],"product_brand":[],"product_cat":[15,113],"product_tag":[],"class_list":{"0":"post-5146","1":"product","2":"type-product","3":"status-publish","4":"has-post-thumbnail","6":"product_cat-san-pham","7":"product_cat-sofa-sets","9":"first","10":"instock","11":"shipping-taxable","12":"product-type-simple"},"_links":{"self":[{"href":"https:\/\/hoanggiafurniture.com\/en\/wp-json\/wp\/v2\/product\/5146","targetHints":{"allow":["GET"]}}],"collection":[{"href":"https:\/\/hoanggiafurniture.com\/en\/wp-json\/wp\/v2\/product"}],"about":[{"href":"https:\/\/hoanggiafurniture.com\/en\/wp-json\/wp\/v2\/types\/product"}],"replies":[{"embeddable":true,"href":"https:\/\/hoanggiafurniture.com\/en\/wp-json\/wp\/v2\/comments?post=5146"}],"wp:featuredmedia":[{"embeddable":true,"href":"https:\/\/hoanggiafurniture.com\/en\/wp-json\/wp\/v2\/media\/5147"}],"wp:attachment":[{"href":"https:\/\/hoanggiafurniture.com\/en\/wp-json\/wp\/v2\/media?parent=5146"}],"wp:term":[{"taxonomy":"product_brand","embeddable":true,"href":"https:\/\/hoanggiafurniture.com\/en\/wp-json\/wp\/v2\/product_brand?post=5146"},{"taxonomy":"product_cat","embeddable":true,"href":"https:\/\/hoanggiafurniture.com\/en\/wp-json\/wp\/v2\/product_cat?post=5146"},{"taxonomy":"product_tag","embeddable":true,"href":"https:\/\/hoanggiafurniture.com\/en\/wp-json\/wp\/v2\/product_tag?post=5146"}],"curies":[{"name":"wp","href":"https:\/\/api.w.org\/{rel}","templated":true}]}}